{"id":1848,"date":"2024-07-04T11:07:21","date_gmt":"2024-07-04T09:07:21","guid":{"rendered":"http:\/\/zd-lendava.razvija.se\/izbira-ginekologa\/"},"modified":"2024-08-06T13:06:20","modified_gmt":"2024-08-06T11:06:20","slug":"nogyogyaszvalasztas","status":"publish","type":"page","link":"https:\/\/zd-lendava.si\/hu\/rendelok-es-tevekenysegek\/orvosvalasztas\/nogyogyaszvalasztas\/","title":{"rendered":"N\u0151gy\u00f3gy\u00e1szv\u00e1laszt\u00e1s"},"content":{"rendered":"<div class=\"gb-container gb-container-d397939b\">\n\n<p><a class=\"btn btn-primary\" href=\"https:\/\/zdravniki.sledilnik.org\/hu\/\" target=\"_blank\" rel=\"noopener\">Tekintse meg az orvosok n\u00e9vjegyz\u00e9k\u00e9t <i class=\"fa-solid fa-arrow-up-right-from-square ms-1 fs-3\"><\/i><\/a><\/p>\n\n\n\n<p>Zaupajte skrb za svoje \u017eensko zdravje ginekologom v Zdravstvenem domu Lendava! Zagotavljamo strokovno nego, ob\u010dutljivo obravnavo in popolno zaupnost. Va\u0161e dobro po\u010dutje je na\u0161a najvi\u0161ja prioriteta.<\/p>\n\n\n\n<p>V skladu s Pravili obveznega zdravstvenega zavarovanja imajo vse zavarovanke pravico do izbire osebnega ginekologa.<\/p>\n\n\n\n<p>Izvajalec oziroma ginekolog, ki ima sklenjeno pogodbo z ZZZS in izpolnjuje pogoje za izbranega ginekologa, je dol\u017ean sprejeti vse zavarovanke, ki si ga izberejo. Odkloni jih lahko, ko dose\u017ee slovensko povpre\u010dje glavarinskih koli\u010dnikov v svoji dejavnosti.<\/p>\n\n\n\n<p>V primeru, da izvajalec oziroma ginekologi zavarovanki ne omogo\u010di izbire in se izka\u017ee, da ne bi smel odkloniti, se zavarovanka lahko prito\u017ei in sicer najprej na vodstvo javnega zdravstvenega zavoda, \u010de gre za ginekologa iz javnega zavoda. V kolikor spora v okviru javnega zdravstvenega zavoda ni mo\u010d re\u0161iti, se zavarovanka lahko prito\u017ei na pristojno obmo\u010dno enoto ZZZS. V primeru zasebnih ginekologov, ki imajo sklenjeno pogodbo z ZZZS, se zavarovanka lahko prito\u017ei neposredno na pristojno obmo\u010dno enoto ZZZS.<\/p>\n\n\n\n<p><a class=\"d-flex\" href=\"https:\/\/zavarovanec.zzzs.si\/izbira-in-zamenjava-osebnega-zdravnika\/\" target=\"_blank\" rel=\"noopener\">Vir podatkov <i class=\"fa-solid fa-arrow-up-right-from-square d-flex align-items-center fs-3 ms-1\"><\/i><\/a> <\/p>\n\n<\/div>\n\n<div class=\"gb-container gb-container-1427b816 mx-auto\">\n<div class=\"gb-container gb-container-ce573d7e gb-has-gradient align-content-end my-4\">\n\n<h3 class=\"wp-block-heading\">Szem\u00e9lyes orvos v\u00e1laszt\u00e1sa<\/h3>\n\n\n\n<p>Csatlakozzon hozz\u00e1nk a Lendvai Eg\u00e9szs\u00e9gh\u00e1zban, \u00e9s m\u00e9g ma v\u00e1lassza ki szem\u00e9lyes orvos\u00e1t! Csapatunk professzion\u00e1lis ell\u00e1t\u00e1st, bar\u00e1ts\u00e1gos kezel\u00e9st \u00e9s \u00e1tfog\u00f3 gondoskod\u00e1st ny\u00fajt az \u00f6n eg\u00e9szs\u00e9ge \u00e9rdek\u00e9ben.<\/p>\n\n\n\n<p class=\"btn btn-secondary mt-4 fit-content\"><a href=\"https:\/\/zd-lendava.si\/hu\/rendelok-es-tevekenysegek\/orvosvalasztas\/szemelyes-orvos-valasztasa\/\" data-type=\"page\" data-id=\"1849\">Tov\u00e1bb olvasok<\/a><\/p>\n\n<\/div>\n<\/div>\n\n<div class=\"gb-container gb-container-9574725d mx-auto\">\n<div class=\"gb-container gb-container-95b6738e gb-has-gradient align-content-end my-4\">\n\n<h3 class=\"wp-block-heading\">Fogorvosv\u00e1laszt\u00e1s <\/h3>\n\n\n\n<p>Az \u00f6nfeledt mosoly\u00e9rt keresse fel a Lendvai Eg\u00e9szs\u00e9gh\u00e1z fogorvos\u00e1t! Kiv\u00e1l\u00f3 min\u0151s\u00e9g\u0171 sz\u00e1j\u00e1pol\u00e1st, bar\u00e1ts\u00e1gos szem\u00e9lyzetet \u00e9s a legmodernebb technol\u00f3gi\u00e1t k\u00edn\u00e1ljuk.<\/p>\n\n\n\n<p class=\"btn btn-secondary mt-4 fit-content\"><a href=\"https:\/\/zd-lendava.si\/hu\/rendelok-es-tevekenysegek\/orvosvalasztas\/fogorvosvalasztas\/\" data-type=\"page\" data-id=\"1850\">Tov\u00e1bb olvasok<\/a><\/p>\n\n<\/div>\n<\/div>","protected":false},"excerpt":{"rendered":"<p>Zaupajte skrb za svoje \u017eensko zdravje ginekologom v Zdravstvenem domu Lendava! Zagotavljamo strokovno nego, ob\u010dutljivo obravnavo in popolno zaupnost. Va\u0161e dobro po\u010dutje je na\u0161a najvi\u0161ja prioriteta. V skladu s Pravili obveznega zdravstvenega zavarovanja imajo vse zavarovanke pravico do izbire osebnega ginekologa. Izvajalec oziroma ginekolog, ki ima sklenjeno pogodbo z ZZZS in izpolnjuje pogoje za izbranega [&hellip;]<\/p>\n","protected":false},"author":4,"featured_media":0,"parent":1851,"menu_order":16,"comment_status":"closed","ping_status":"closed","template":"","meta":{"_acf_changed":false,"footnotes":""},"class_list":["post-1848","page","type-page","status-publish","hentry"],"acf":[],"_links":{"self":[{"href":"https:\/\/zd-lendava.si\/hu\/wp-json\/wp\/v2\/pages\/1848","targetHints":{"allow":["GET"]}}],"collection":[{"href":"https:\/\/zd-lendava.si\/hu\/wp-json\/wp\/v2\/pages"}],"about":[{"href":"https:\/\/zd-lendava.si\/hu\/wp-json\/wp\/v2\/types\/page"}],"author":[{"embeddable":true,"href":"https:\/\/zd-lendava.si\/hu\/wp-json\/wp\/v2\/users\/4"}],"replies":[{"embeddable":true,"href":"https:\/\/zd-lendava.si\/hu\/wp-json\/wp\/v2\/comments?post=1848"}],"version-history":[{"count":0,"href":"https:\/\/zd-lendava.si\/hu\/wp-json\/wp\/v2\/pages\/1848\/revisions"}],"up":[{"embeddable":true,"href":"https:\/\/zd-lendava.si\/hu\/wp-json\/wp\/v2\/pages\/1851"}],"wp:attachment":[{"href":"https:\/\/zd-lendava.si\/hu\/wp-json\/wp\/v2\/media?parent=1848"}],"curies":[{"name":"wp","href":"https:\/\/api.w.org\/{rel}","templated":true}]}}