{"id":1849,"date":"2024-07-04T11:07:06","date_gmt":"2024-07-04T09:07:06","guid":{"rendered":"http:\/\/zd-lendava.razvija.se\/izbira-osebnega-zdravnika\/"},"modified":"2024-08-06T13:05:10","modified_gmt":"2024-08-06T11:05:10","slug":"szemelyes-orvos-valasztasa","status":"publish","type":"page","link":"https:\/\/zd-lendava.si\/hu\/rendelok-es-tevekenysegek\/orvosvalasztas\/szemelyes-orvos-valasztasa\/","title":{"rendered":"Szem\u00e9lyes orvos v\u00e1laszt\u00e1sa"},"content":{"rendered":"<div class=\"gb-container gb-container-d397939b\">\n\n<p><a class=\"btn btn-primary\" href=\"https:\/\/zdravniki.sledilnik.org\/hu\/\" target=\"_blank\" rel=\"noopener\">Tekintse meg az orvosok n\u00e9vjegyz\u00e9k\u00e9t <i class=\"fa-solid fa-arrow-up-right-from-square ms-1 fs-3\"><\/i><\/a><\/p>\n\n\n\n<p>Pridru\u017eite se nam v Zdravstvenem domu Lendava in izberite svojega osebnega zdravnika \u017ee danes! Na\u0161a ekipa zagotavlja strokovno oskrbo, prijazno obravnavo in celostno skrb za va\u0161e zdravje.<\/p>\n\n\n\n<p>V skladu s Pravili obveznega zdravstvenega zavarovanja imajo vse zavarovane osebe pravico do izbire osebnega zdravnika v splo\u0161nih ambulantah, otro\u0161kih in \u0161olskih dispanzerjih.<\/p>\n\n\n\n<p>Izvajalec oziroma zdravnik, ki ima sklenjeno pogodbo z ZZZS in izpolnjuje pogoje za izbranega zdravnika je dol\u017ean sprejeti vse zavarovance, ki si ga izberejo. Zdravniki dru\u017einske medicine in pediatrije na primarni ravni zdravstvene dejavnosti lahko odklonijo opredeljevanje novih zavarovanih oseb, ko dose\u017eejo obremenitev 1895 glavarinskih koli\u010dnikov. Ne glede na mo\u017enost odklanjanja opredeljevanja zavarovanih oseb, pa so se partnerji dogovora o programih zdravstvenih storitev dogovorili, da nobena zavarovana oseba ne ostane brez izbranega osebnega zdravnika.<\/p>\n\n\n\n<p>V primeru, da izvajalec oziroma zdravnik zavarovani osebi ne omogo\u010di izbire in se izka\u017ee, da ne bi smel odkloniti, se zavarovana oseba lahko prito\u017ei in sicer najprej na vodstvo javnega zdravstvenega zavoda, \u010de gre za zdravnika iz javnega zavoda. V kolikor spora v okviru javnega zdravstvenega zavoda ni mo\u010d re\u0161iti, se zavarovana oseba lahko prito\u017ei na pristojno obmo\u010dno enoto ZZZS. V primeru zasebnih zdravnikov, ki imajo sklenjeno pogodbo z ZZZS, se zavarovana oseba lahko prito\u017ei neposredno na pristojno obmo\u010dno enoto ZZZS.<\/p>\n\n\n\n<p><a class=\"d-flex\" href=\"https:\/\/zavarovanec.zzzs.si\/izbira-in-zamenjava-osebnega-zdravnika\/\" target=\"_blank\" rel=\"noopener\">Vir podatkov <i class=\"fa-solid fa-arrow-up-right-from-square d-flex align-items-center fs-3 ms-1\"><\/i><\/a> <\/p>\n\n\n\n<figure class=\"wp-block-embed is-type-video is-provider-youtube wp-block-embed-youtube wp-embed-aspect-16-9 wp-has-aspect-ratio\"><div class=\"wp-block-embed__wrapper\">\nhttps:\/\/youtu.be\/yJP6LRBzxtY?feature=shared\n<\/div><\/figure>\n\n<\/div>\n\n<div class=\"gb-container gb-container-e45d0697 mx-auto\">\n<div class=\"gb-container gb-container-054f13a7 gb-has-gradient align-content-end my-4\">\n\n<h3 class=\"wp-block-heading\">N\u0151gy\u00f3gy\u00e1szv\u00e1laszt\u00e1s<\/h3>\n\n\n\n<p>B\u00edzza n\u0151i eg\u00e9szs\u00e9g\u00e9t a Lendvai Eg\u00e9szs\u00e9gh\u00e1z n\u0151gy\u00f3gy\u00e1szaira! Garant\u00e1ljuk a szakszer\u0171 ell\u00e1t\u00e1st, az \u00e9rz\u00e9keny kezel\u00e9st \u00e9s a teljes titoktart\u00e1st. Az \u00f6n j\u00f3 k\u00f6z\u00e9rzete a legfontosabb sz\u00e1munkra.<\/p>\n\n\n\n<p class=\"btn btn-secondary mt-4 fit-content\"><a href=\"https:\/\/zd-lendava.si\/hu\/rendelok-es-tevekenysegek\/orvosvalasztas\/nogyogyaszvalasztas\/\" data-type=\"page\" data-id=\"1848\">Tov\u00e1bb olvasok<\/a><\/p>\n\n<\/div>\n<\/div>\n\n<div class=\"gb-container gb-container-9574725d mx-auto\">\n<div class=\"gb-container gb-container-95b6738e gb-has-gradient align-content-end my-4\">\n\n<h3 class=\"wp-block-heading\">Fogorvosv\u00e1laszt\u00e1s <\/h3>\n\n\n\n<p>Az \u00f6nfeledt mosoly\u00e9rt keresse fel a Lendvai Eg\u00e9szs\u00e9gh\u00e1z fogorvos\u00e1t! Kiv\u00e1l\u00f3 min\u0151s\u00e9g\u0171 sz\u00e1j\u00e1pol\u00e1st, bar\u00e1ts\u00e1gos szem\u00e9lyzetet \u00e9s a legmodernebb technol\u00f3gi\u00e1t k\u00edn\u00e1ljuk.<\/p>\n\n\n\n<p class=\"btn btn-secondary mt-4 fit-content\"><a href=\"https:\/\/zd-lendava.si\/hu\/rendelok-es-tevekenysegek\/orvosvalasztas\/fogorvosvalasztas\/\" data-type=\"page\" data-id=\"1850\">Tov\u00e1bb olvasok<\/a><\/p>\n\n<\/div>\n<\/div>","protected":false},"excerpt":{"rendered":"<p>Pridru\u017eite se nam v Zdravstvenem domu Lendava in izberite svojega osebnega zdravnika \u017ee danes! Na\u0161a ekipa zagotavlja strokovno oskrbo, prijazno obravnavo in celostno skrb za va\u0161e zdravje. V skladu s Pravili obveznega zdravstvenega zavarovanja imajo vse zavarovane osebe pravico do izbire osebnega zdravnika v splo\u0161nih ambulantah, otro\u0161kih in \u0161olskih dispanzerjih. Izvajalec oziroma zdravnik, ki ima [&hellip;]<\/p>\n","protected":false},"author":4,"featured_media":0,"parent":1851,"menu_order":14,"comment_status":"closed","ping_status":"closed","template":"","meta":{"_acf_changed":false,"footnotes":""},"class_list":["post-1849","page","type-page","status-publish","hentry"],"acf":[],"_links":{"self":[{"href":"https:\/\/zd-lendava.si\/hu\/wp-json\/wp\/v2\/pages\/1849","targetHints":{"allow":["GET"]}}],"collection":[{"href":"https:\/\/zd-lendava.si\/hu\/wp-json\/wp\/v2\/pages"}],"about":[{"href":"https:\/\/zd-lendava.si\/hu\/wp-json\/wp\/v2\/types\/page"}],"author":[{"embeddable":true,"href":"https:\/\/zd-lendava.si\/hu\/wp-json\/wp\/v2\/users\/4"}],"replies":[{"embeddable":true,"href":"https:\/\/zd-lendava.si\/hu\/wp-json\/wp\/v2\/comments?post=1849"}],"version-history":[{"count":0,"href":"https:\/\/zd-lendava.si\/hu\/wp-json\/wp\/v2\/pages\/1849\/revisions"}],"up":[{"embeddable":true,"href":"https:\/\/zd-lendava.si\/hu\/wp-json\/wp\/v2\/pages\/1851"}],"wp:attachment":[{"href":"https:\/\/zd-lendava.si\/hu\/wp-json\/wp\/v2\/media?parent=1849"}],"curies":[{"name":"wp","href":"https:\/\/api.w.org\/{rel}","templated":true}]}}