{"id":1850,"date":"2024-07-04T11:06:44","date_gmt":"2024-07-04T09:06:44","guid":{"rendered":"http:\/\/zd-lendava.razvija.se\/izbira-zobozdravnika\/"},"modified":"2024-08-06T13:06:47","modified_gmt":"2024-08-06T11:06:47","slug":"fogorvosvalasztas","status":"publish","type":"page","link":"https:\/\/zd-lendava.si\/hu\/rendelok-es-tevekenysegek\/orvosvalasztas\/fogorvosvalasztas\/","title":{"rendered":"Fogorvosv\u00e1laszt\u00e1s"},"content":{"rendered":"<div class=\"gb-container gb-container-d397939b\">\n\n<p><a class=\"btn btn-primary\" href=\"https:\/\/zdravniki.sledilnik.org\/hu\/\" target=\"_blank\" rel=\"noopener\">Tekintse meg az orvosok n\u00e9vjegyz\u00e9k\u00e9t <i class=\"fa-solid fa-arrow-up-right-from-square ms-1 fs-3\"><\/i><\/a><\/p>\n\n\n\n<p>Za brezskrben nasmeh obi\u0161\u010dite zobozdravnika v Zdravstvenem domu Lendava! Ponujamo vrhunsko ustno oskrbo, prijazno osebje in najsodobnej\u0161o tehnologijo.<\/p>\n\n\n\n<p>V skladu s Pravili obveznega zdravstvenega zavarovanja imajo vse zavarovane osebe pravico do izbire zobozdravnika.<\/p>\n\n\n\n<p>Izvajalec oziroma zobozdravnik, ki ima sklenjeno pogodbo z ZZZS in izpolnjuje pogoje za izbranega zobozdravnika, je dol\u017ean sprejeti vse zavarovane osebe, ki si ga izberejo. Odkloni jih lahko, ko za 10 % prese\u017ee povpre\u010dno \u0161tevilo opredeljenih oseb na zobozdravnika v svoji dejavnosti na obmo\u010dju obmo\u010dne enote ZZZS, kjer ima sede\u017e dejavnosti.<\/p>\n\n\n\n<p>V primeru, da izvajalec oziroma zobozdravnik zavarovani osebi ne omogo\u010di izbire in se izka\u017ee, da izbire zavarovani osebi ne bi smel odkloniti, se zavarovana oseba lahko prito\u017ei in sicer najprej na vodstvo javnega zdravstvenega zavoda, \u010de gre za zobozdravnika iz javnega zavoda. V kolikor spora v okviru javnega zdravstvenega zavoda ni mo\u010d re\u0161iti, se zavarovana oseba lahko prito\u017ei na pristojno obmo\u010dno enoto ZZZS. V primeru zasebnih zobozdravnikov, ki imajo sklenjeno pogodbo z ZZZS, se zavarovana oseba lahko prito\u017ei neposredno na pristojno obmo\u010dno enoto ZZZS.<\/p>\n\n\n\n<p><a class=\"d-flex\" href=\"https:\/\/zavarovanec.zzzs.si\/izbira-in-zamenjava-osebnega-zdravnika\/\" target=\"_blank\" rel=\"noopener\">Vir podatkov <i class=\"fa-solid fa-arrow-up-right-from-square d-flex align-items-center fs-3 ms-1\"><\/i><\/a> <\/p>\n\n<\/div>\n\n<div class=\"gb-container gb-container-1427b816 mx-auto\">\n<div class=\"gb-container gb-container-ce573d7e gb-has-gradient align-content-end my-4\">\n\n<h3 class=\"wp-block-heading\">Szem\u00e9lyes orvos v\u00e1laszt\u00e1sa<\/h3>\n\n\n\n<p>Csatlakozzon hozz\u00e1nk a Lendvai Eg\u00e9szs\u00e9gh\u00e1zban, \u00e9s m\u00e9g ma v\u00e1lassza ki szem\u00e9lyes orvos\u00e1t! Csapatunk professzion\u00e1lis ell\u00e1t\u00e1st, bar\u00e1ts\u00e1gos kezel\u00e9st \u00e9s \u00e1tfog\u00f3 gondoskod\u00e1st ny\u00fajt az \u00f6n eg\u00e9szs\u00e9ge \u00e9rdek\u00e9ben.<\/p>\n\n\n\n<p class=\"btn btn-secondary mt-4 fit-content\"><a href=\"https:\/\/zd-lendava.si\/hu\/rendelok-es-tevekenysegek\/orvosvalasztas\/szemelyes-orvos-valasztasa\/\" data-type=\"page\" data-id=\"1849\">Tov\u00e1bb olvasok<\/a><\/p>\n\n<\/div>\n<\/div>\n\n<div class=\"gb-container gb-container-e45d0697 mx-auto\">\n<div class=\"gb-container gb-container-054f13a7 gb-has-gradient align-content-end my-4\">\n\n<h3 class=\"wp-block-heading\">N\u0151gy\u00f3gy\u00e1szv\u00e1laszt\u00e1s<\/h3>\n\n\n\n<p>B\u00edzza n\u0151i eg\u00e9szs\u00e9g\u00e9t a Lendvai Eg\u00e9szs\u00e9gh\u00e1z n\u0151gy\u00f3gy\u00e1szaira! Garant\u00e1ljuk a szakszer\u0171 ell\u00e1t\u00e1st, az \u00e9rz\u00e9keny kezel\u00e9st \u00e9s a teljes titoktart\u00e1st. Az \u00f6n j\u00f3 k\u00f6z\u00e9rzete a legfontosabb sz\u00e1munkra.<\/p>\n\n\n\n<p class=\"btn btn-secondary mt-4 fit-content\"><a href=\"https:\/\/zd-lendava.si\/hu\/rendelok-es-tevekenysegek\/orvosvalasztas\/nogyogyaszvalasztas\/\" data-type=\"page\" data-id=\"1848\">Tov\u00e1bb olvasok<\/a><\/p>\n\n<\/div>\n<\/div>","protected":false},"excerpt":{"rendered":"<p>Za brezskrben nasmeh obi\u0161\u010dite zobozdravnika v Zdravstvenem domu Lendava! Ponujamo vrhunsko ustno oskrbo, prijazno osebje in najsodobnej\u0161o tehnologijo. V skladu s Pravili obveznega zdravstvenega zavarovanja imajo vse zavarovane osebe pravico do izbire zobozdravnika. Izvajalec oziroma zobozdravnik, ki ima sklenjeno pogodbo z ZZZS in izpolnjuje pogoje za izbranega zobozdravnika, je dol\u017ean sprejeti vse zavarovane osebe, ki [&hellip;]<\/p>\n","protected":false},"author":4,"featured_media":0,"parent":1851,"menu_order":17,"comment_status":"closed","ping_status":"closed","template":"","meta":{"_acf_changed":false,"footnotes":""},"class_list":["post-1850","page","type-page","status-publish","hentry"],"acf":[],"_links":{"self":[{"href":"https:\/\/zd-lendava.si\/hu\/wp-json\/wp\/v2\/pages\/1850","targetHints":{"allow":["GET"]}}],"collection":[{"href":"https:\/\/zd-lendava.si\/hu\/wp-json\/wp\/v2\/pages"}],"about":[{"href":"https:\/\/zd-lendava.si\/hu\/wp-json\/wp\/v2\/types\/page"}],"author":[{"embeddable":true,"href":"https:\/\/zd-lendava.si\/hu\/wp-json\/wp\/v2\/users\/4"}],"replies":[{"embeddable":true,"href":"https:\/\/zd-lendava.si\/hu\/wp-json\/wp\/v2\/comments?post=1850"}],"version-history":[{"count":0,"href":"https:\/\/zd-lendava.si\/hu\/wp-json\/wp\/v2\/pages\/1850\/revisions"}],"up":[{"embeddable":true,"href":"https:\/\/zd-lendava.si\/hu\/wp-json\/wp\/v2\/pages\/1851"}],"wp:attachment":[{"href":"https:\/\/zd-lendava.si\/hu\/wp-json\/wp\/v2\/media?parent=1850"}],"curies":[{"name":"wp","href":"https:\/\/api.w.org\/{rel}","templated":true}]}}