{"id":1851,"date":"2024-07-04T10:43:48","date_gmt":"2024-07-04T08:43:48","guid":{"rendered":"http:\/\/zd-lendava.razvija.se\/izbira-zdravnika\/"},"modified":"2024-08-01T09:37:25","modified_gmt":"2024-08-01T07:37:25","slug":"orvosvalasztas","status":"publish","type":"page","link":"https:\/\/zd-lendava.si\/hu\/rendelok-es-tevekenysegek\/orvosvalasztas\/","title":{"rendered":"Orvosv\u00e1laszt\u00e1s"},"content":{"rendered":"<div class=\"gb-container gb-container-d397939b\">\n\n<p>Minden biztos\u00edtottnak joga van ahhoz, hogy az \u00e1ltal\u00e1nos orvosi, gyermek- \u00e9s iskolaorvosi rendel\u0151kben szem\u00e9lyes orvost v\u00e1lasszon.<\/p>\n\n<\/div>\n\n<div class=\"gb-container gb-container-1427b816 mx-auto\">\n<div class=\"gb-container gb-container-ce573d7e gb-has-gradient align-content-end my-4\">\n\n<h3 class=\"wp-block-heading\">Szem\u00e9lyes orvos v\u00e1laszt\u00e1sa<\/h3>\n\n\n\n<p>Csatlakozzon hozz\u00e1nk a Lendvai Eg\u00e9szs\u00e9gh\u00e1zban, \u00e9s m\u00e9g ma v\u00e1lassza ki szem\u00e9lyes orvos\u00e1t! Csapatunk professzion\u00e1lis ell\u00e1t\u00e1st, bar\u00e1ts\u00e1gos kezel\u00e9st \u00e9s \u00e1tfog\u00f3 gondoskod\u00e1st ny\u00fajt az \u00f6n eg\u00e9szs\u00e9ge \u00e9rdek\u00e9ben.<\/p>\n\n\n\n<p class=\"btn btn-secondary mt-4 fit-content\"><a href=\"https:\/\/zd-lendava.si\/hu\/rendelok-es-tevekenysegek\/orvosvalasztas\/szemelyes-orvos-valasztasa\/\" data-type=\"page\" data-id=\"1849\">Tov\u00e1bb olvasok<\/a><\/p>\n\n<\/div>\n<\/div>\n\n<div class=\"gb-container gb-container-e45d0697 mx-auto\">\n<div class=\"gb-container gb-container-054f13a7 gb-has-gradient align-content-end my-4\">\n\n<h3 class=\"wp-block-heading\">N\u0151gy\u00f3gy\u00e1szv\u00e1laszt\u00e1s<\/h3>\n\n\n\n<p>B\u00edzza n\u0151i eg\u00e9szs\u00e9g\u00e9t a Lendvai Eg\u00e9szs\u00e9gh\u00e1z n\u0151gy\u00f3gy\u00e1szaira! Garant\u00e1ljuk a szakszer\u0171 ell\u00e1t\u00e1st, az \u00e9rz\u00e9keny kezel\u00e9st \u00e9s a teljes titoktart\u00e1st. Az \u00f6n j\u00f3 k\u00f6z\u00e9rzete a legfontosabb sz\u00e1munkra.<\/p>\n\n\n\n<p class=\"btn btn-secondary mt-4 fit-content\"><a href=\"https:\/\/zd-lendava.si\/hu\/rendelok-es-tevekenysegek\/orvosvalasztas\/nogyogyaszvalasztas\/\" data-type=\"page\" data-id=\"1848\">Tov\u00e1bb olvasok<\/a><\/p>\n\n<\/div>\n<\/div>\n\n<div class=\"gb-container gb-container-9574725d mx-auto\">\n<div class=\"gb-container gb-container-95b6738e gb-has-gradient align-content-end my-4\">\n\n<h3 class=\"wp-block-heading\">Fogorvosv\u00e1laszt\u00e1s <\/h3>\n\n\n\n<p>Az \u00f6nfeledt mosoly\u00e9rt keresse fel a Lendvai Eg\u00e9szs\u00e9gh\u00e1z fogorvos\u00e1t! Kiv\u00e1l\u00f3 min\u0151s\u00e9g\u0171 sz\u00e1j\u00e1pol\u00e1st, bar\u00e1ts\u00e1gos szem\u00e9lyzetet \u00e9s a legmodernebb technol\u00f3gi\u00e1t k\u00edn\u00e1ljuk.<\/p>\n\n\n\n<p class=\"btn btn-secondary mt-4 fit-content\"><a href=\"https:\/\/zd-lendava.si\/hu\/rendelok-es-tevekenysegek\/orvosvalasztas\/fogorvosvalasztas\/\" data-type=\"page\" data-id=\"1850\">Tov\u00e1bb olvasok<\/a><\/p>\n\n<\/div>\n<\/div>","protected":false},"excerpt":{"rendered":"<p>Minden biztos\u00edtottnak joga van ahhoz, hogy az \u00e1ltal\u00e1nos orvosi, gyermek- \u00e9s iskolaorvosi rendel\u0151kben szem\u00e9lyes orvost v\u00e1lasszon.<\/p>\n","protected":false},"author":4,"featured_media":0,"parent":1873,"menu_order":20,"comment_status":"closed","ping_status":"closed","template":"","meta":{"_acf_changed":false,"footnotes":""},"class_list":["post-1851","page","type-page","status-publish","hentry"],"acf":[],"_links":{"self":[{"href":"https:\/\/zd-lendava.si\/hu\/wp-json\/wp\/v2\/pages\/1851","targetHints":{"allow":["GET"]}}],"collection":[{"href":"https:\/\/zd-lendava.si\/hu\/wp-json\/wp\/v2\/pages"}],"about":[{"href":"https:\/\/zd-lendava.si\/hu\/wp-json\/wp\/v2\/types\/page"}],"author":[{"embeddable":true,"href":"https:\/\/zd-lendava.si\/hu\/wp-json\/wp\/v2\/users\/4"}],"replies":[{"embeddable":true,"href":"https:\/\/zd-lendava.si\/hu\/wp-json\/wp\/v2\/comments?post=1851"}],"version-history":[{"count":0,"href":"https:\/\/zd-lendava.si\/hu\/wp-json\/wp\/v2\/pages\/1851\/revisions"}],"up":[{"embeddable":true,"href":"https:\/\/zd-lendava.si\/hu\/wp-json\/wp\/v2\/pages\/1873"}],"wp:attachment":[{"href":"https:\/\/zd-lendava.si\/hu\/wp-json\/wp\/v2\/media?parent=1851"}],"curies":[{"name":"wp","href":"https:\/\/api.w.org\/{rel}","templated":true}]}}