{"id":1852,"date":"2024-06-26T13:32:27","date_gmt":"2024-06-26T11:32:27","guid":{"rendered":"http:\/\/zd-lendava.razvija.se\/lokacije-defibrilatorjev-aed\/"},"modified":"2024-08-08T08:27:06","modified_gmt":"2024-08-08T06:27:06","slug":"defibrillatorok-helyszine-aed","status":"publish","type":"page","link":"https:\/\/zd-lendava.si\/hu\/defibrillatorok-helyszine-aed\/","title":{"rendered":"Defibrill\u00e1torok helysz\u00edne &#8211; AED"},"content":{"rendered":"<div class=\"gb-container gb-container-27982968\">\n\n<h3 class=\"wp-block-heading\">Mi a hirtelen sz\u00edvmeg\u00e1ll\u00e1s \u00e9s mi az els\u0151seg\u00e9lyny\u00fajt\u00e1s a hirtelen sz\u00edvmeg\u00e1ll\u00e1s eset\u00e9n?<\/h3>\n\n\n\n<p>Hirtelen sz\u00edvmeg\u00e1ll\u00e1s eset\u00e9n az \u00e9let \u00e9s a hal\u00e1l k\u00e9rd\u00e9s\u00e9t az \u00e1ldozatnak ny\u00fajtott azonnali els\u0151seg\u00e9lyny\u00fajt\u00e1s d\u00f6nti el. Szlov\u00e9ni\u00e1ban naponta k\u00f6r\u00fclbel\u00fcl \u00f6t embert \u00e9rint a sz\u00edvmeg\u00e1ll\u00e1s. Ez legt\u00f6bbsz\u00f6r az eg\u00e9szs\u00e9g\u00fcgyi int\u00e9zm\u00e9nyeken k\u00edv\u00fcl &#8211; otthon, a munkahelyen vagy nyilv\u00e1nos helyen t\u00f6rt\u00e9nik &#8211; \u00e9s csak a j\u00e1r\u00f3kel\u0151k id\u0151ben t\u00f6rt\u00e9n\u0151 cselekv\u00e9se hat\u00e1rozza meg, hogy az illet\u0151 t\u00fal\u00e9li-e, \u00e9s milyen lesz az \u00e9lete az esem\u00e9ny ut\u00e1n. Ha valakinek le\u00e1ll a sz\u00edve, \u00e9s senki sem seg\u00edt, k\u00f6r\u00fclbel\u00fcl 10 percen bel\u00fcl meghal, \u00e9s az agy visszaford\u00edthatatlan k\u00e1rosod\u00e1sa m\u00e1r n\u00e9h\u00e1ny perc m\u00falva megkezd\u0151dik. Sz\u00edvmeg\u00e1ll\u00e1s eset\u00e9n az alapvet\u0151 \u00fajra\u00e9leszt\u00e9si elj\u00e1r\u00e1sok ismerete felbecs\u00fclhetetlen \u00e9rt\u00e9k\u0171, mert ezzel a tud\u00e1ssal egy automata k\u00fclt\u00e9ri defibrill\u00e1tor (AED) seg\u00edts\u00e9g\u00e9vel \u00fajraind\u00edthatjuk a meg\u00e1llt sz\u00edvet \u00e9s vissza\u00e1ll\u00edthatjuk a norm\u00e1lis ritmust. Ez\u00e9rt is fontos, hogy gyakran felfriss\u00edts\u00fck az AED seg\u00edts\u00e9g\u00e9vel t\u00f6rt\u00e9n\u0151 alapvet\u0151 \u00fajra\u00e9leszt\u00e9si elj\u00e1r\u00e1sokra vonatkoz\u00f3 ismereteinket, hogy sz\u00edvmeg\u00e1ll\u00e1s eset\u00e9n hat\u00e1rozottabban tudjunk elj\u00e1rni, \u00e9s gyorsan elv\u00e9gezhess\u00fck a sz\u00fcks\u00e9ges elj\u00e1r\u00e1sokat.<\/p>\n\n\n\n<div class=\"wp-block-file\"><a id=\"wp-block-file--media-3fc08ecf-3ea5-41d9-9228-8a424bf8ec0c\" href=\"https:\/\/zd-lendava.si\/wp-content\/uploads\/2024\/07\/temeljni-postopki-ozivljanja-defibrilator.pdf\" target=\"_blank\" rel=\"noreferrer noopener\"><br>Az AED seg\u00edts\u00e9g\u00e9vel t\u00f6rt\u00e9n\u0151 \u00fajra\u00e9leszt\u00e9sre vonatkoz\u00f3 elj\u00e1r\u00e1s<\/a><\/div>\n\n\n\n<h3 class=\"wp-block-heading\">Milyen k\u00e9sz\u00fcl\u00e9k az automata k\u00fclt\u00e9ri defibrill\u00e1tor?<\/h3>\n\n\n\n<p>Az automata k\u00fclt\u00e9ri defibrill\u00e1tor (AED) egy hordozhat\u00f3 elektronikus eszk\u00f6z, amely k\u00e9pes \u00e9rz\u00e9kelni egy szem\u00e9ly sz\u00edvmeg\u00e1ll\u00e1s\u00e1t, \u00e9s egy elektromos \u00e1ram\u00fct\u00e9s seg\u00edts\u00e9g\u00e9vel \u00fajraind\u00edthatja a sz\u00edvet, \u00e9s ezzel \u00e9letet ment.<\/p>\n\n\n\n<h3 class=\"wp-block-heading\">Az AED haszn\u00e1lata<\/h3>\n\n\n<div class=\"gb-container gb-container-61e28807\">\n\n<figure class=\"wp-block-embed is-type-video is-provider-youtube wp-block-embed-youtube wp-embed-aspect-16-9 wp-has-aspect-ratio\"><div class=\"wp-block-embed__wrapper\">\nhttps:\/\/www.youtube.com\/watch?v=BVbJDaV-K_o\n<\/div><\/figure>\n\n<\/div>\n\n\n<p>Lendva K\u00f6zs\u00e9gben a defibrill\u00e1torok sz\u00e1mos helysz\u00ednen megtal\u00e1lhat\u00f3k. Fontos megjegyezni, hol van a legk\u00f6zelebbi defibrill\u00e1tor, mivel sz\u00edvmeg\u00e1ll\u00e1s eset\u00e9ben a halad\u00e9ktalan beavatkoz\u00e1s \u00e9letet menthet.<\/p>\n\n\n\n<h2 class=\"wp-block-heading\">A defibrill\u00e1torok h\u00e1l\u00f3zata Lendva K\u00f6zs\u00e9gben<\/h2>\n\n\n\n<figure class=\"wp-block-image size-full\"><img loading=\"lazy\" decoding=\"async\" width=\"1096\" height=\"837\" src=\"https:\/\/zd-lendava.si\/wp-content\/uploads\/2024\/06\/l_484002_1.jpg\" alt=\"\" class=\"wp-image-1445\" srcset=\"https:\/\/zd-lendava.si\/wp-content\/uploads\/2024\/06\/l_484002_1.jpg 1096w, https:\/\/zd-lendava.si\/wp-content\/uploads\/2024\/06\/l_484002_1-1024x782.jpg 1024w, https:\/\/zd-lendava.si\/wp-content\/uploads\/2024\/06\/l_484002_1-768x587.jpg 768w\" sizes=\"auto, (max-width: 1096px) 100vw, 1096px\" \/><\/figure>\n\n\n\n<h3 class=\"wp-block-heading\">Nyilv\u00e1nosan hozz\u00e1f\u00e9rhet\u0151 defibrill\u00e1torok helysz\u00ednei:<\/h3>\n\n\n\n<p>T\u0171zolt\u00f3otthon Hotiza (<a href=\"https:\/\/maps.app.goo.gl\/kHq9ZGWeRrukRT8Y6\" target=\"_blank\" rel=\"noreferrer noopener\">Petrova ulica 16<\/a>)<br>T\u0171zolt\u00f3- \u00e9s faluotthon Gyerty\u00e1nos (<a href=\"https:\/\/maps.app.goo.gl\/qbQFAr6VCSguVabE9\" target=\"_blank\" rel=\"noreferrer noopener\">F\u0151 utca 54<\/a>)<br>RTV-\u00e9p\u00fclete (<a href=\"https:\/\/maps.app.goo.gl\/1UU7QpgfvXRh1BdE6\" target=\"_blank\" rel=\"noreferrer noopener\">Kranjec utca 10<\/a>)<br>Petesh\u00e1zi hat\u00e1r\u00e1tkel\u0151 (<a href=\"https:\/\/maps.app.goo.gl\/GtgW6t86hhBzKJu27\" target=\"_blank\" rel=\"noreferrer noopener\">H\u00e1rmasmalom 72<\/a>)<br>Lendvai Sz\u00ednh\u00e1z- \u00e9s Hangversenyterem homlokzata (<a href=\"https:\/\/maps.app.goo.gl\/5Fd8CicRRntEbLwt6\" target=\"_blank\" rel=\"noreferrer noopener\">Zala Gy\u00f6rgy t\u00e9r 1<\/a>)<br>Lendvai Sportpark h\u00e1ts\u00f3 lel\u00e1t\u00f3ja (<a href=\"https:\/\/maps.app.goo.gl\/taasNZBvAhzS489JA\" target=\"_blank\" rel=\"noreferrer noopener\">Vas\u00fat utca 7<\/a>)<br>Vinarium kil\u00e1t\u00f3torony Hossz\u00fafalu-hegy (<a href=\"https:\/\/maps.app.goo.gl\/bubq2T1zqeDUChAY8\" target=\"_blank\" rel=\"noreferrer noopener\">Hossz\u00fafalu-hegy 229<\/a>)<br>Hofer \u00fczlet k\u00fcls\u0151 fala (<a href=\"https:\/\/maps.app.goo.gl\/L5v9R5TvJkqeAFsx7\" target=\"_blank\" rel=\"noreferrer noopener\">Vas\u00fat utca 41<\/a>)<br>MOL t\u00f6lt\u0151\u00e1llom\u00e1s Pince (<a href=\"https:\/\/maps.app.goo.gl\/gZ2zWp7LSNTjE41x8\" target=\"_blank\" rel=\"noreferrer noopener\">Lendvai \u00fat 44a<\/a>)<br>T\u0171zolt\u00f3- \u00e9s faluotthon Radamos (<a href=\"https:\/\/maps.app.goo.gl\/fJSmnwhGsYjUGTcf7\" target=\"_blank\" rel=\"noreferrer noopener\">Radamos 39a<\/a>)<br>T\u0171zolt\u00f3- \u00e9s faluotthon Petesh\u00e1za (<a href=\"https:\/\/maps.app.goo.gl\/Muc2wyGH2sR7wyaE7\" target=\"_blank\" rel=\"noreferrer noopener\">B\u00e1ny\u00e1sz utca 24<\/a>)<br>T\u0171zolt\u00f3- \u00e9s faluotthon Als\u00f3lakos (<a href=\"https:\/\/maps.app.goo.gl\/37VYeVh8aTTtg6TK9\" target=\"_blank\" rel=\"noreferrer noopener\">T\u0171zolt\u00f3 utca 1<\/a>)<br>R\u00e9gi iskola V\u00f6lgyifalu (<a href=\"https:\/\/maps.app.goo.gl\/vBpGJgCT7AKFcuP16\" target=\"_blank\" rel=\"noreferrer noopener\">F\u0151 utca 5<\/a>)<br>T\u0171zolt\u00f3- \u00e9s faluotthon Csente (<a href=\"https:\/\/maps.app.goo.gl\/6HDJak5VvcSRDc9d7\" target=\"_blank\" rel=\"noreferrer noopener\">F\u0151 utca 92<\/a>)<br>Faluotthon Kapca (<a href=\"https:\/\/maps.app.goo.gl\/6Y1NhTP76Nn3wG5B8\" target=\"_blank\" rel=\"noreferrer noopener\">F\u0151 utca 6<\/a>)<br>T\u0171zolt\u00f3- \u00e9s faluotthon Hossz\u00fafalu (<a href=\"https:\/\/maps.app.goo.gl\/B6FP6PSGkqCcz6rEA\" target=\"_blank\" rel=\"noreferrer noopener\">T\u00e9glagy\u00e1ri \u00fat 2<\/a>)<br>Faluotthon H\u00e1rmasmalom (<a href=\"https:\/\/maps.app.goo.gl\/ro1M8Wq1UZWR6Kqm8\" target=\"_blank\" rel=\"noreferrer noopener\">H\u00e1rmasmalom 33)<\/a><br><\/p>\n\n\n\n<h3 class=\"wp-block-heading\">Nyilv\u00e1nosan nem hozz\u00e1f\u00e9rhet\u0151 defibrill\u00e1torok:<\/h3>\n\n\n\n<p>Lendvai Eg\u00e9szs\u00e9gh\u00e1z (<a href=\"https:\/\/maps.app.goo.gl\/Vttb4y94HnZwrQAm8\" target=\"_blank\" rel=\"noreferrer noopener\">Kidri\u010d utca 34<\/a>)<br>V\u00e1rosh\u00e1za aul\u00e1ja (<a href=\"https:\/\/maps.app.goo.gl\/7enSHwarnsRQQoHn8\" target=\"_blank\" rel=\"noreferrer noopener\">F\u0151 utca 20<\/a>)<br>Jager supermarket Lendva (<a href=\"https:\/\/maps.app.goo.gl\/3AmhtdyLTdmCadk67\" target=\"_blank\" rel=\"noreferrer noopener\">Kranjec utca 61<\/a>)<br>Salvus d.o.o. (<a href=\"https:\/\/maps.app.goo.gl\/QdPSAkrgjuC2bn2A8\" target=\"_blank\" rel=\"noreferrer noopener\">H\u00e1rmasmalom 56a<\/a>)<br>Lek d.d. (<a href=\"https:\/\/maps.app.goo.gl\/7HKMe4Ar4u4t2miK9\" target=\"_blank\" rel=\"noreferrer noopener\">H\u00e1rmasmalom 2d<\/a>)<br>Thermal Resort Lendva (<a href=\"https:\/\/maps.app.goo.gl\/4dhfe7P6PGWLUGrv6\" target=\"_blank\" rel=\"noreferrer noopener\">Tom\u0161i\u010d utca 2a<\/a>)<\/p>\n\n\n\n<p><strong><strong>Szlov\u00e9ni\u00e1ban nyilv\u00e1nosan hozz\u00e1f\u00e9rhet\u0151 automata defibrill\u00e1torok <\/strong><a href=\"https:\/\/www.ihelp.life\/aedall\" target=\"_blank\" rel=\"noreferrer noopener\"><strong>ITT.<\/strong><\/a><\/strong><\/p>\n\n\n\n<p>A Nemzetk\u00f6zi \u00dajra\u00e9leszt\u00e9si Sz\u00f6vets\u00e9g elfogadta az automata k\u00fcls\u0151 defibrill\u00e1tor (AED) jelenl\u00e9t\u00e9t jelz\u0151 egyetemes jelz\u00e9st.<\/p>\n\n\n\n<figure class=\"wp-block-image size-full is-resized\"><img loading=\"lazy\" decoding=\"async\" width=\"1200\" height=\"1195\" src=\"https:\/\/zd-lendava.si\/wp-content\/uploads\/2024\/07\/logo-aed.png\" alt=\"\" class=\"wp-image-1512\" style=\"width:auto;height:150px\" srcset=\"https:\/\/zd-lendava.si\/wp-content\/uploads\/2024\/07\/logo-aed.png 1200w, https:\/\/zd-lendava.si\/wp-content\/uploads\/2024\/07\/logo-aed-1024x1020.png 1024w, https:\/\/zd-lendava.si\/wp-content\/uploads\/2024\/07\/logo-aed-150x150.png 150w, https:\/\/zd-lendava.si\/wp-content\/uploads\/2024\/07\/logo-aed-768x765.png 768w\" sizes=\"auto, (max-width: 1200px) 100vw, 1200px\" \/><\/figure>\n\n<\/div>","protected":false},"excerpt":{"rendered":"<p>Mi a hirtelen sz\u00edvmeg\u00e1ll\u00e1s \u00e9s mi az els\u0151seg\u00e9lyny\u00fajt\u00e1s a hirtelen sz\u00edvmeg\u00e1ll\u00e1s eset\u00e9n? Hirtelen sz\u00edvmeg\u00e1ll\u00e1s eset\u00e9n az \u00e9let \u00e9s a hal\u00e1l k\u00e9rd\u00e9s\u00e9t az \u00e1ldozatnak ny\u00fajtott azonnali els\u0151seg\u00e9lyny\u00fajt\u00e1s d\u00f6nti el. Szlov\u00e9ni\u00e1ban naponta k\u00f6r\u00fclbel\u00fcl \u00f6t embert \u00e9rint a sz\u00edvmeg\u00e1ll\u00e1s. Ez legt\u00f6bbsz\u00f6r az eg\u00e9szs\u00e9g\u00fcgyi int\u00e9zm\u00e9nyeken k\u00edv\u00fcl &#8211; otthon, a munkahelyen vagy nyilv\u00e1nos helyen t\u00f6rt\u00e9nik &#8211; \u00e9s csak a j\u00e1r\u00f3kel\u0151k [&hellip;]<\/p>\n","protected":false},"author":4,"featured_media":1440,"parent":0,"menu_order":7,"comment_status":"closed","ping_status":"closed","template":"","meta":{"_acf_changed":false,"footnotes":""},"class_list":["post-1852","page","type-page","status-publish","has-post-thumbnail","hentry"],"acf":[],"_links":{"self":[{"href":"https:\/\/zd-lendava.si\/hu\/wp-json\/wp\/v2\/pages\/1852","targetHints":{"allow":["GET"]}}],"collection":[{"href":"https:\/\/zd-lendava.si\/hu\/wp-json\/wp\/v2\/pages"}],"about":[{"href":"https:\/\/zd-lendava.si\/hu\/wp-json\/wp\/v2\/types\/page"}],"author":[{"embeddable":true,"href":"https:\/\/zd-lendava.si\/hu\/wp-json\/wp\/v2\/users\/4"}],"replies":[{"embeddable":true,"href":"https:\/\/zd-lendava.si\/hu\/wp-json\/wp\/v2\/comments?post=1852"}],"version-history":[{"count":0,"href":"https:\/\/zd-lendava.si\/hu\/wp-json\/wp\/v2\/pages\/1852\/revisions"}],"wp:featuredmedia":[{"embeddable":true,"href":"https:\/\/zd-lendava.si\/hu\/wp-json\/wp\/v2\/media\/1440"}],"wp:attachment":[{"href":"https:\/\/zd-lendava.si\/hu\/wp-json\/wp\/v2\/media?parent=1852"}],"curies":[{"name":"wp","href":"https:\/\/api.w.org\/{rel}","templated":true}]}}