{"id":1853,"date":"2024-06-26T12:45:26","date_gmt":"2024-06-26T10:45:26","guid":{"rendered":"http:\/\/zd-lendava.razvija.se\/pacientove-pravice-in-dolznosti\/"},"modified":"2024-08-06T15:36:34","modified_gmt":"2024-08-06T13:36:34","slug":"a-beteg-jogai-es-kotelezettsegei","status":"publish","type":"page","link":"https:\/\/zd-lendava.si\/hu\/rendelok-es-tevekenysegek\/a-beteg-jogai-es-kotelezettsegei\/","title":{"rendered":"A beteg jogai \u00e9s k\u00f6telezetts\u00e9gei (csak szlov\u00e9n nyelven)"},"content":{"rendered":"<div class=\"gb-container gb-container-d397939b\">\n\n<h2 class=\"wp-block-heading\">Pacientove dol\u017enosti<\/h2>\n\n\n\n<p>Zakon o pacientovih pravicah ureja pacientom veliko pravic. Ne smete pa pozabiti, da pacientom nalaga tudi nekatere dol\u017enosti. (Pacientove dol\u017enosti, 54. clen Zakona o pacientovih pravicah, Uradni list RS, \u0161t. 15\/08.)<\/p>\n\n\n\n<p>Pravice in dol\u017enosti imajo za cilj dose\u010di kakovostno in varno zdravstveno oskrbo. Zato je prav, da vsak, poleg svojih pravic, pozna tudi svoje dol\u017enosti!<\/p>\n\n\n\n<p>Pomembno je, da se ob pravem \u010dasu obi\u0161\u010dete svojega zdravnika in se odzovete na vabilo za preventivni pregled ali cepljenje.<\/p>\n\n\n\n<p>Prilagodite se razli\u010dnim na\u010dinom naro\u010danja (osebno, po tretji osebi, telefonu, e-po\u0161ti). Ko se naro\u010date, natan\u010dno navedite te\u017eave in \u017eelje. Poleg tega je pomembno, da upo\u0161tevate urnike, saj boste s tem prispevali k zadovoljstvu.<br><\/p>\n\n\n\n<p>Preden se odpravite k zdravniku:<\/p>\n\n\n\n<ul class=\"wp-block-list\">\n<li>preverite uro obiska;<\/li>\n\n\n\n<li>premislite, katera vpra\u0161anja bi zastavili zdravniku;<\/li>\n\n\n\n<li>napi\u0161ete seznam zdravil, ki jih uporabljate;<\/li>\n\n\n\n<li>pripravite vse izvide, ki bi jih naj pokazali zdravniku;<\/li>\n\n\n\n<li>imejte splo\u0161en pregled nad va\u0161imi preteklimi boleznimi, po\u0161kodbami, alergijami<br>in pomembnej\u0161imi boleznimi sorodnikov, ki jih zdravnik \u0161e ne pozna.<\/li>\n<\/ul>\n\n\n\n<p>Do zdravstvenega in drugega osebja se trudite biti vljudni in spo\u0161tljivi. Upo\u0161tevati je tudi treba, da v nujnih primerih morajo nekateri v oskrbo tudi preko vrste. \u010ce vas slabost obide v \u010dakalnici, to takoj sporo\u010dite medicinski sestri.<\/p>\n\n\n\n<p>\u010ce ugotovite, da ne boste utegnili na pregled ali zdravljenje, takoj obvestim zdravnika. Tako tudi sami prispevate k skraj\u0161evanju \u010dakalnih dob.<\/p>\n\n\n\n<p>Pri obisku zdravnika ali uveljavljanju druge zdravstvene usluge, ste dol\u017eni predlo\u017eiti potrjeno zdravstveno kartico in na \u017eeljo uslu\u017ebenca tudi va\u0161 osebni dokument.<\/p>\n\n\n\n<p>Pomembno je, da se naro\u010dite takoj, ko prejmete napotnico ali delovni nalog. Preden greste na pregled, preverite veljavnost napotnice!<\/p>\n\n<\/div>\n\n<div class=\"gb-container gb-container-1427b816 mx-auto\">\n<div class=\"gb-container gb-container-ce573d7e gb-has-gradient align-content-end my-4\">\n\n<h3 class=\"wp-block-heading\">Betegjogok<\/h3>\n\n\n\n<p>A betegek jogair\u00f3l sz\u00f3l\u00f3 t\u00f6rv\u00e9ny (ZPacP) meghat\u00e1rozza a betegek jogait, miszerint mindenkit a betegek \u00e9s az eg\u00e9szs\u00e9g\u00fcgyi szakemberek k\u00f6z\u00f6tti bizalmon \u00e9s tiszteleten alapul\u00f3 egyenl\u0151, magas sz\u00ednvonal\u00fa \u00e9s biztons\u00e1gos eg\u00e9szs\u00e9g\u00fcgyi ell\u00e1t\u00e1s illet meg.<\/p>\n\n\n\n<p class=\"btn btn-secondary mt-4 fit-content\"><a class=\"d-flex\" href=\"https:\/\/www.gov.si\/teme\/pacientove-pravice\/\" target=\"_blank\" rel=\"noreferrer noopener\">Tov\u00e1bb olvasok (csak szlov\u00e9n nyelven)<i class=\"fa-solid fa-arrow-up-right-from-square d-flex align-items-center fs-3 ms-1\"><\/i><\/a><\/p>\n\n<\/div>\n<\/div>","protected":false},"excerpt":{"rendered":"<p>Pacientove dol\u017enosti Zakon o pacientovih pravicah ureja pacientom veliko pravic. Ne smete pa pozabiti, da pacientom nalaga tudi nekatere dol\u017enosti. (Pacientove dol\u017enosti, 54. clen Zakona o pacientovih pravicah, Uradni list RS, \u0161t. 15\/08.) Pravice in dol\u017enosti imajo za cilj dose\u010di kakovostno in varno zdravstveno oskrbo. Zato je prav, da vsak, poleg svojih pravic, pozna tudi [&hellip;]<\/p>\n","protected":false},"author":4,"featured_media":0,"parent":1873,"menu_order":21,"comment_status":"closed","ping_status":"closed","template":"","meta":{"_acf_changed":false,"footnotes":""},"class_list":["post-1853","page","type-page","status-publish","hentry"],"acf":[],"_links":{"self":[{"href":"https:\/\/zd-lendava.si\/hu\/wp-json\/wp\/v2\/pages\/1853","targetHints":{"allow":["GET"]}}],"collection":[{"href":"https:\/\/zd-lendava.si\/hu\/wp-json\/wp\/v2\/pages"}],"about":[{"href":"https:\/\/zd-lendava.si\/hu\/wp-json\/wp\/v2\/types\/page"}],"author":[{"embeddable":true,"href":"https:\/\/zd-lendava.si\/hu\/wp-json\/wp\/v2\/users\/4"}],"replies":[{"embeddable":true,"href":"https:\/\/zd-lendava.si\/hu\/wp-json\/wp\/v2\/comments?post=1853"}],"version-history":[{"count":0,"href":"https:\/\/zd-lendava.si\/hu\/wp-json\/wp\/v2\/pages\/1853\/revisions"}],"up":[{"embeddable":true,"href":"https:\/\/zd-lendava.si\/hu\/wp-json\/wp\/v2\/pages\/1873"}],"wp:attachment":[{"href":"https:\/\/zd-lendava.si\/hu\/wp-json\/wp\/v2\/media?parent=1853"}],"curies":[{"name":"wp","href":"https:\/\/api.w.org\/{rel}","templated":true}]}}