{"id":1855,"date":"2024-06-20T07:41:20","date_gmt":"2024-06-20T05:41:20","guid":{"rendered":"http:\/\/zd-lendava.razvija.se\/organiziranost-zavoda-in-kontakti\/"},"modified":"2026-01-05T13:02:40","modified_gmt":"2026-01-05T12:02:40","slug":"szervezettseg-es-kapcsolat","status":"publish","type":"page","link":"https:\/\/zd-lendava.si\/hu\/az-intezetrol\/szervezettseg-es-kapcsolat\/","title":{"rendered":"Szervezetts\u00e9g \u00e9s kapcsolat"},"content":{"rendered":"<div class=\"gb-container gb-container-95e2b790 gap-4 mx-auto\">\n<div class=\"gb-container gb-container-8a1f6544\">\n\n<h2 class=\"wp-block-heading\">Igazgat\u00f3s\u00e1g<\/h2>\n\n\n<div class=\"gb-container gb-container-1c194d4f\">\n\n<p><\/p>\n\n<\/div>\n\n<div class=\"gb-container gb-container-80fa01d1\">\n\n<p><strong>mag. Katarina K\u00f6ve\u0161 Novak<\/strong>, dr.med., \u00e1ltal\u00e1nos szakorvos<strong><br><\/strong><small>Az int\u00e9zm\u00e9ny megb\u00edzott igazgat\u00f3ja<\/small><\/p>\n\n\n\n<p>t: 02 578 9 407<br>e:\u00a0<a href=\"mailto:katarina@zd-lendava.si\">katarina@zd-lendava.si<\/a><\/p>\n\n<\/div>\n\n<div class=\"gb-container gb-container-3229b470\">\n\n<p><strong>Jo\u017eica Kova\u010di\u010d<\/strong>, okl. k\u00f6zgazd\u00e1sz<br><small>Igazgat\u00f3s\u00e1gvezet\u0151<\/small><\/p>\n\n\n\n<p>t: 02 578 9 231<br>e:\u00a0<a href=\"mailto:jozica.kovacic@zd-lendava.si\" target=\"_blank\" rel=\"noreferrer noopener\">jozica.kovacic@zd-lendava.si<\/a><\/p>\n\n<\/div>\n\n<div class=\"gb-container gb-container-2c2e0a09\">\n\n<p><strong>Goran Jambrovi\u0107<\/strong>, okl. elektrotechnikai m\u00e9rn\u00f6k<br><small>Informatikus<\/small><\/p>\n\n\n\n<p>t: 02 578 9 257<br>e:\u00a0<a href=\"mailto:goran.jambrovic@zd-lendava.si\">goran.jambrovic@zd-lendava.si<\/a><\/p>\n\n<\/div>\n\n<div class=\"gb-container gb-container-18c5fe2a\">\n\n<p><strong>Sta\u0161a Gjerek,<\/strong> jogtudom\u00e1nyok magisztere<br>Jogi-szem\u00e9lyzeti oszt\u00e1ly<\/p>\n\n\n\n<p>t: 02 578 9 404<br>e:\u00a0<a href=\"mailto:stasa.gjerek@zd-lendava.si\" target=\"_blank\" rel=\"noreferrer noopener\">stasa.gjerek@zd-lendava.si<\/a><\/p>\n\n<\/div>\n\n<div class=\"gb-container gb-container-a167fa11\">\n\n<p><strong>Marija Banko,<\/strong> k\u00f6zgazd\u00e1sz<br><small>B\u00e9rsz\u00e1mfejt\u00e9s<\/small><\/p>\n\n\n\n<p>t: 02 578 9 258<br>e:\u00a0<a href=\"mailto:marija.banko@zd-lendava.si\" target=\"_blank\" rel=\"noreferrer noopener\">marija.banko@zd-lendava.si<\/a><\/p>\n\n<\/div>\n\n<div class=\"gb-container gb-container-3cd47098\">\n\n<p><strong>Simona Prendl,<\/strong> k\u00f6zgazd\u00e1sz<br><small>K\u00f6nyvel\u00e9s<\/small><\/p>\n\n\n\n<p>t: 02 578 9 214<br>e:\u00a0<a href=\"mailto:simona.prendl@zd-lendava.si\" target=\"_blank\" rel=\"noreferrer noopener\">simona.prendl@zd-lendava.si<\/a><\/p>\n\n<\/div>\n\n<div class=\"gb-container gb-container-a8802b51\">\n\n<p><strong>Mirjana Mavri\u010d,<\/strong> k\u00f6zg. technikus<br><\/p>\n\n\n\n<p>t: 02 578 9 245<br>e: <a href=\"mailto:mirjana.mavric@zd-lendava.si\" target=\"_blank\" rel=\"noreferrer noopener\">mirjana.mavric@zd-lendava.si<\/a><\/p>\n\n<\/div>\n\n<div class=\"gb-container gb-container-b4d7fafc\">\n\n<p><strong>Doris Kocet,<\/strong> k\u00f6zg. technikus<br><\/p>\n\n\n\n<p>t: 02 578 9 245<br>e: <a href=\"mailto:doris.kocet@zd-lendava.si\" target=\"_blank\" rel=\"noreferrer noopener\">doris.kocet@zd-lendava.si<\/a><\/p>\n\n<\/div>\n<\/div>\n\n<div class=\"gb-container gb-container-e4a09945 special has-shadow side-box\">\n\n<h4 class=\"wp-block-heading\">Szem\u00e9lyi igazolv\u00e1ny<\/h4>\n\n\n<div class=\"gb-container gb-container-9fff4827 special\">\n\n<p>K\u00f6zint\u00e9zet<br>ZDRAVSTVENI DOM LENDAVA \/ EG\u00c9SZS\u00c9GH\u00c1Z LENDVA<\/p>\n\n\n\n<p><br>Kidri\u010deva 34<br>9220 Lendava <a href=\"https:\/\/maps.app.goo.gl\/V1X7Hnh2pod3uCz68\" target=\"_blank\" rel=\"noreferrer noopener\">(t\u00e9rk\u00e9p mutat\u00e1sa)<\/a><\/p>\n\n\n\n<div style=\"height:20px\" aria-hidden=\"true\" class=\"wp-block-spacer\"><\/div>\n\n\n\n<p>t: <a href=\"tel:+38625789 210\">+386 2 578 92 10<\/a><\/p>\n\n\n\n<p>f: <a href=\"tel:025789259\">02 578 92 59<\/a><\/p>\n\n\n\n<p>e: <a href=\"mailto:info@zd-lendava.si\">info@zd-lendava.si<\/a><\/p>\n\n\n\n<div style=\"height:20px\" aria-hidden=\"true\" class=\"wp-block-spacer\"><\/div>\n\n\n\n<p>\u00c1fa-azonos\u00edt\u00f3: 36612235<br>T\u00f6rzssz\u00e1m: 5801923000<br>TE\u00c1OR: 86.210<br>IBAN: SI56011006008372 384<br>Int\u00e9zm\u00e9nyek \u00e1gazati besorol\u00e1sa: S130120<\/p>\n\n<\/div>\n\n<div class=\"gb-container gb-container-ef17d6f2 special\">\n\n<div class=\"wp-block-create-block-multi-file-upload\"><a href=\"https:\/\/zd-lendava.si\/wp-content\/uploads\/2024\/07\/Statut-Zdravstvenega-doma-Lendava.pdf\" class=\"file-item d-flex gap-2 align-items-center text-reset\"><i class=\"fa-solid fa-cloud-arrow-up\"><\/i><div class=\"content\"><h4 class=\"mb-1\">Statut Zdravstvenega doma Lendava<\/h4><p class=\"fs-4 mb-1\">pdf, 561 KB<\/p><p class=\"text-primary mb-0\">Prenesi datoteko<\/p><\/div><\/a>\n\n<a href=\"https:\/\/zd-lendava.si\/wp-content\/uploads\/2024\/06\/Odlok-o-ustanovitvi-Zdravstvenega-doma-Lendava.pdf\" class=\"file-item d-flex gap-2 align-items-center text-reset\"><i class=\"fa-solid fa-cloud-arrow-up\"><\/i><div class=\"content\"><h4 class=\"mb-1\">Odlok o ustanovitvi Zdravstvenega doma Lendava<\/h4><p class=\"fs-4 mb-1\">pdf, 457 KB<\/p><p class=\"text-primary mb-0\">Prenesi datoteko<\/p><\/div><\/a><\/div>\n\n<\/div>\n<\/div>\n<\/div>","protected":false},"excerpt":{"rendered":"<p>Igazgat\u00f3s\u00e1g mag. Katarina K\u00f6ve\u0161 Novak, dr.med., \u00e1ltal\u00e1nos szakorvosAz int\u00e9zm\u00e9ny megb\u00edzott igazgat\u00f3ja t: 02 578 9 407e:\u00a0katarina@zd-lendava.si Jo\u017eica Kova\u010di\u010d, okl. k\u00f6zgazd\u00e1szIgazgat\u00f3s\u00e1gvezet\u0151 t: 02 578 9 231e:\u00a0jozica.kovacic@zd-lendava.si Goran Jambrovi\u0107, okl. elektrotechnikai m\u00e9rn\u00f6kInformatikus t: 02 578 9 257e:\u00a0goran.jambrovic@zd-lendava.si Sta\u0161a Gjerek, jogtudom\u00e1nyok magisztereJogi-szem\u00e9lyzeti oszt\u00e1ly t: 02 578 9 404e:\u00a0stasa.gjerek@zd-lendava.si Marija Banko, k\u00f6zgazd\u00e1szB\u00e9rsz\u00e1mfejt\u00e9s t: 02 578 9 258e:\u00a0marija.banko@zd-lendava.si Simona Prendl, [&hellip;]<\/p>\n","protected":false},"author":4,"featured_media":0,"parent":1857,"menu_order":45,"comment_status":"closed","ping_status":"closed","template":"","meta":{"_acf_changed":false,"footnotes":""},"class_list":["post-1855","page","type-page","status-publish","hentry"],"acf":[],"_links":{"self":[{"href":"https:\/\/zd-lendava.si\/hu\/wp-json\/wp\/v2\/pages\/1855","targetHints":{"allow":["GET"]}}],"collection":[{"href":"https:\/\/zd-lendava.si\/hu\/wp-json\/wp\/v2\/pages"}],"about":[{"href":"https:\/\/zd-lendava.si\/hu\/wp-json\/wp\/v2\/types\/page"}],"author":[{"embeddable":true,"href":"https:\/\/zd-lendava.si\/hu\/wp-json\/wp\/v2\/users\/4"}],"replies":[{"embeddable":true,"href":"https:\/\/zd-lendava.si\/hu\/wp-json\/wp\/v2\/comments?post=1855"}],"version-history":[{"count":0,"href":"https:\/\/zd-lendava.si\/hu\/wp-json\/wp\/v2\/pages\/1855\/revisions"}],"up":[{"embeddable":true,"href":"https:\/\/zd-lendava.si\/hu\/wp-json\/wp\/v2\/pages\/1857"}],"wp:attachment":[{"href":"https:\/\/zd-lendava.si\/hu\/wp-json\/wp\/v2\/media?parent=1855"}],"curies":[{"name":"wp","href":"https:\/\/api.w.org\/{rel}","templated":true}]}}