{"id":1856,"date":"2024-06-20T07:31:50","date_gmt":"2024-06-20T05:31:50","guid":{"rendered":"http:\/\/zd-lendava.razvija.se\/letna-porocila-program-in-financni-nacrti\/"},"modified":"2025-04-28T13:31:50","modified_gmt":"2025-04-28T11:31:50","slug":"eves-jelentesek-beszamolok-es-penzugyi-tervek","status":"publish","type":"page","link":"https:\/\/zd-lendava.si\/hu\/az-intezetrol\/eves-jelentesek-beszamolok-es-penzugyi-tervek\/","title":{"rendered":"\u00c9ves jelent\u00e9sek, besz\u00e1mol\u00f3k \u00e9s p\u00e9nz\u00fcgyi tervek"},"content":{"rendered":"<div class=\"gb-container gb-container-83786553\"><\/div>\n\n<div class=\"gb-container gb-container-2d27bbac\">\n\n<h3 class=\"wp-block-heading\">Tervek \u00e9s besz\u00e1mol\u00f3k (csak szlov\u00e9n nyelven)<\/h3>\n\n\n\n<p><a href=\"https:\/\/zd-lendava.si\/wp-content\/uploads\/2025\/04\/PROGRAM-DELA-IN-FINANCNI-NACRT-2025.pdf\">Program dela in finan\u010dni na\u010drt 2025<\/a><\/p>\n\n\n\n<div class=\"wp-block-file\"><a id=\"wp-block-file--media-6572afb7-521b-4971-bed6-0bbae6ef96c3\" href=\"https:\/\/zd-lendava.si\/wp-content\/uploads\/2025\/04\/Letno-porocilo-2024-ZD.pdf\">Letno poro\u010dilo 2024<\/a><\/div>\n\n\n\n<div class=\"wp-block-file\"><a id=\"wp-block-file--media-6572afb7-521b-4971-bed6-0bbae6ef96c3\" href=\"https:\/\/zd-lendava.si\/wp-content\/uploads\/2024\/07\/Program-dela-in-financni-nacrt-ZD-Lendava-za-leto-2024.pdf\">Program dela in finan\u010dni na\u010drt 2024<\/a><\/div>\n\n\n\n<div class=\"wp-block-file\"><a id=\"wp-block-file--media-6572afb7-521b-4971-bed6-0bbae6ef96c3\" href=\"https:\/\/zd-lendava.si\/wp-content\/uploads\/2024\/07\/Letno-porocilo-ZD-Lendava-2023.pdf\">Letno poro\u010dilo 2023<\/a><\/div>\n\n\n\n<div class=\"wp-block-file\"><a id=\"wp-block-file--media-6572afb7-521b-4971-bed6-0bbae6ef96c3\" href=\"https:\/\/zd-lendava.si\/wp-content\/uploads\/2024\/07\/Program-dela-in-financni-nacrt-ZD-Lendava-za-leto-2023.pdf\">Program dela in finan\u010dni na\u010drt 2023<\/a><\/div>\n\n\n\n<div class=\"wp-block-file\"><a id=\"wp-block-file--media-9a81113a-2146-458a-9d88-a4cbd4785a13\" href=\"https:\/\/zd-lendava.si\/wp-content\/uploads\/2024\/07\/Letno-porocilo-ZD-Lendava-2022.pdf\">Letno poro\u010dilo 2022<\/a><\/div>\n\n\n\n<div class=\"wp-block-file\"><a id=\"wp-block-file--media-39df5c94-e6de-4986-b50e-83e6375cca62\" href=\"https:\/\/zd-lendava.si\/wp-content\/uploads\/2024\/06\/financni_nacrt_2022.pdf\">Program dela in finan\u010dni na\u010drt 2022<\/a><\/div>\n\n\n\n<div class=\"wp-block-file\"><a id=\"wp-block-file--media-471527c5-2f09-4fd2-b37e-65378718099e\" href=\"https:\/\/zd-lendava.si\/wp-content\/uploads\/2024\/06\/LETNO-POROCILO-2021-.pdf\">Letno poro\u010dilo 2021<\/a><\/div>\n\n\n\n<div class=\"wp-block-file\"><a id=\"wp-block-file--media-3447527a-ef5a-4933-a7e6-7bb75878b64b\" href=\"https:\/\/zd-lendava.si\/wp-content\/uploads\/2024\/06\/Financni_nacrt_2021.pdf\">Program dela in finan\u010dni na\u010drt 2021<\/a><\/div>\n\n\n\n<div class=\"wp-block-file\"><a id=\"wp-block-file--media-85e42f45-b429-48ef-b854-dd96e3113006\" href=\"https:\/\/zd-lendava.si\/wp-content\/uploads\/2024\/06\/lp2020.pdf\">Letno poro\u010dilo 2020<\/a><\/div>\n\n\n\n<div class=\"wp-block-file\"><a id=\"wp-block-file--media-3a998c9f-359a-4a13-b97b-ab5d363be248\" href=\"https:\/\/zd-lendava.si\/wp-content\/uploads\/2024\/06\/Financni_nacrt_2020.pdf\">Program dela in finan\u010dni na\u010drt 2020<\/a><\/div>\n\n\n\n<div class=\"wp-block-file\"><a id=\"wp-block-file--media-33340637-b9c0-4487-a68c-d3ed41224c00\" href=\"https:\/\/zd-lendava.si\/wp-content\/uploads\/2024\/06\/lp2019.pdf\">Letno poro\u010dilo 2019<\/a><\/div>\n\n\n\n<div class=\"wp-block-file\"><a id=\"wp-block-file--media-f2cc930f-980e-4669-b7a0-9e177cd83ec3\" href=\"https:\/\/zd-lendava.si\/wp-content\/uploads\/2024\/06\/Financni_nacrt_2019.pdf\">Program dela in finan\u010dni na\u010drt 2019<\/a><\/div>\n\n\n\n<div class=\"wp-block-file\"><a id=\"wp-block-file--media-f1dc3950-1880-475f-924f-9909b58bef2d\" href=\"https:\/\/zd-lendava.si\/wp-content\/uploads\/2024\/06\/Letno_porocilo_2018.pdf\">Letno poro\u010dilo 2018<\/a><\/div>\n\n\n\n<div class=\"wp-block-file\"><a id=\"wp-block-file--media-2c7b2d02-0096-4e14-80e2-775d097b0d39\" href=\"https:\/\/zd-lendava.si\/wp-content\/uploads\/2024\/06\/Financni_Nacrt_2018.pdf\">Program dela in finan\u010dni na\u010drt 2018<\/a><\/div>\n\n\n\n<div class=\"wp-block-file\"><a id=\"wp-block-file--media-6e3421f3-cbdd-4d1e-9330-0c3ff0bb894d\" href=\"https:\/\/zd-lendava.si\/wp-content\/uploads\/2024\/06\/FINANCNI_NACRT-2017-.pdf\">Program dela in finan\u010dni na\u010drt 2017<\/a><\/div>\n\n\n\n<div class=\"wp-block-file\"><a id=\"wp-block-file--media-b7444963-6867-42db-8049-a1c1c4ddf75d\" href=\"https:\/\/zd-lendava.si\/wp-content\/uploads\/2024\/06\/LETNO_POROCILO_2016.pdf\">Letno poro\u010dilo 2016<\/a><\/div>\n\n\n\n<div class=\"wp-block-file\"><a id=\"wp-block-file--media-50817e9c-1320-4a03-ba89-1e4119ebede0\" href=\"https:\/\/zd-lendava.si\/wp-content\/uploads\/2024\/06\/Evidencna-narocila-2016.pdf\">Eviden\u010dna naro\u010dila 2016<\/a><\/div>\n\n\n\n<div class=\"wp-block-file\"><a id=\"wp-block-file--media-c806d9b8-17cc-4a59-9355-715427ea5b21\" href=\"https:\/\/zd-lendava.si\/wp-content\/uploads\/2024\/06\/FINANCNI_NACRT-2016-.pdf\">Program dela in finan\u010dni na\u010drt 2016<\/a><\/div>\n\n\n\n<div class=\"wp-block-file\"><a id=\"wp-block-file--media-a039657b-5575-4823-acdb-94430d21f70f\" href=\"https:\/\/zd-lendava.si\/wp-content\/uploads\/2024\/06\/LETNO_POROCILO_2015.pdf\">Letno poro\u010dilo 2015<\/a><\/div>\n\n\n\n<div class=\"wp-block-file\"><a id=\"wp-block-file--media-89aca650-afe9-4558-a015-79cc3cd96b35\" href=\"https:\/\/zd-lendava.si\/wp-content\/uploads\/2024\/06\/FINANCNI_NACRT-2015-.pdf\">Program dela in finan\u010dni na\u010drt 2015<\/a><\/div>\n\n\n\n<div class=\"wp-block-file\"><a id=\"wp-block-file--media-6cbbf5a5-6fc4-46d6-822a-fed70b297276\" href=\"https:\/\/zd-lendava.si\/wp-content\/uploads\/2024\/06\/LETNO_POROCILO_2014.pdf\">Letno poro\u010dilo 2014<\/a><\/div>\n\n\n\n<div class=\"wp-block-file\"><a id=\"wp-block-file--media-6e1ba923-269b-494b-b93c-7abe45da8ed9\" href=\"https:\/\/zd-lendava.si\/wp-content\/uploads\/2024\/06\/FINANCNI_NACRT-2014-.pdf\">Program dela in finan\u010dni na\u010drt 2014<\/a><\/div>\n\n\n\n<div class=\"wp-block-file\"><a id=\"wp-block-file--media-8390a99f-7b25-4dc0-b926-95f76d6ce479\" href=\"https:\/\/zd-lendava.si\/wp-content\/uploads\/2024\/06\/LETNO_POROCILO_2013.pdf\">Letno poro\u010dilo 2013<\/a><\/div>\n\n<\/div>","protected":false},"excerpt":{"rendered":"<p>Tervek \u00e9s besz\u00e1mol\u00f3k (csak szlov\u00e9n nyelven) Program dela in finan\u010dni na\u010drt 2025<\/p>\n","protected":false},"author":4,"featured_media":0,"parent":1857,"menu_order":43,"comment_status":"closed","ping_status":"closed","template":"","meta":{"_acf_changed":false,"footnotes":""},"class_list":["post-1856","page","type-page","status-publish","hentry"],"acf":[],"_links":{"self":[{"href":"https:\/\/zd-lendava.si\/hu\/wp-json\/wp\/v2\/pages\/1856","targetHints":{"allow":["GET"]}}],"collection":[{"href":"https:\/\/zd-lendava.si\/hu\/wp-json\/wp\/v2\/pages"}],"about":[{"href":"https:\/\/zd-lendava.si\/hu\/wp-json\/wp\/v2\/types\/page"}],"author":[{"embeddable":true,"href":"https:\/\/zd-lendava.si\/hu\/wp-json\/wp\/v2\/users\/4"}],"replies":[{"embeddable":true,"href":"https:\/\/zd-lendava.si\/hu\/wp-json\/wp\/v2\/comments?post=1856"}],"version-history":[{"count":0,"href":"https:\/\/zd-lendava.si\/hu\/wp-json\/wp\/v2\/pages\/1856\/revisions"}],"up":[{"embeddable":true,"href":"https:\/\/zd-lendava.si\/hu\/wp-json\/wp\/v2\/pages\/1857"}],"wp:attachment":[{"href":"https:\/\/zd-lendava.si\/hu\/wp-json\/wp\/v2\/media?parent=1856"}],"curies":[{"name":"wp","href":"https:\/\/api.w.org\/{rel}","templated":true}]}}