{"id":1857,"date":"2024-06-19T13:12:33","date_gmt":"2024-06-19T11:12:33","guid":{"rendered":"http:\/\/zd-lendava.razvija.se\/o-zavodu\/"},"modified":"2024-08-05T15:29:11","modified_gmt":"2024-08-05T13:29:11","slug":"az-intezetrol","status":"publish","type":"page","link":"https:\/\/zd-lendava.si\/hu\/az-intezetrol\/","title":{"rendered":"Az int\u00e9zetr\u0151l"},"content":{"rendered":"<div class=\"gb-container gb-container-95e2b790 gap-4 mx-auto\">\n<div class=\"gb-container gb-container-8a1f6544\">\n\n<p>A lendvai eg\u00e9szs\u00e9gh\u00e1z alkalmazottainak c\u00e9lja, szaktud\u00e1sukkal \u00e9s t\u00f6rekv\u00e9seikkel a lehet\u0151 legmagasabb szint\u0171 eg\u00e9szs\u00e9g\u00fcgyi ell\u00e1t\u00e1st biztos\u00edtani a betegeknek \u00e9s egy\u00e9b felhaszn\u00e1l\u00f3knak. Az alkalmazottaknak hozz\u00e1f\u00e9r\u00e9st biztos\u00edtunk a szem\u00e9lyis\u00e9gfejleszt\u00e9s\u00fckh\u00f6z sz\u00fcks\u00e9ges \u00f6sszes inform\u00e1ci\u00f3hoz \u00e9s tev\u00e9kenys\u00e9ghez.<br>Eg\u00e9szs\u00e9gh\u00e1zunk v\u00edzi\u00f3ja fenntartani az olyan korszer\u0171 eg\u00e9szs\u00e9g\u00fcgyi int\u00e9zm\u00e9nyt, amely mind orsz\u00e1gos, mind nemzetk\u00f6zi szinten, a legmagasabb szakmai sztenderdeknek is megfelel\u0151 orvosi szolg\u00e1ltat\u00e1sokat \u00e9s szakmais\u00e1got k\u00e9pes biztos\u00edtani.<\/p>\n\n\n\n<p><strong>A Lendvai Eg\u00e9szs\u00e9gh\u00e1z tev\u00e9kenys\u00e9gei<\/strong><\/p>\n\n\n\n<p>A lendvai eg\u00e9szs\u00e9gh\u00e1z orvosi alapell\u00e1t\u00e1st \u00e9s szakorvosi ell\u00e1t\u00e1st biztos\u00edt\u00f3, illetve k\u00e9pz\u00e9si \u00e9s kutat\u00e1si tev\u00e9kenys\u00e9get folytat\u00f3 k\u00f6zeg\u00e9szs\u00e9g\u00fcgyi int\u00e9zm\u00e9ny. Az alapszint\u0171 eg\u00e9szs\u00e9gv\u00e9delem az eg\u00e9szs\u00e9g\u00fcgyi alapell\u00e1t\u00e1st \u00e9s a gy\u00f3gyszert\u00e1ri tev\u00e9kenys\u00e9geket foglalja mag\u00e1ba. Az eg\u00e9szs\u00e9g\u00fcgyi alapell\u00e1t\u00e1s beutal\u00f3 n\u00e9lk\u00fcl el\u00e9rhet\u0151. A szakorvosi eg\u00e9szs\u00e9g\u00fcgyi ell\u00e1t\u00e1s a szakorvosi rendel\u0151ket \u00e9s a k\u00f3rh\u00e1zi tev\u00e9kenys\u00e9get tartalmazza, amihez a szem\u00e9lyi orvos beutal\u00f3ja sz\u00fcks\u00e9ges. Tev\u00e9kenys\u00e9geink k\u00f6z\u00e9 tartoznak tov\u00e1bb\u00e1 a megel\u0151z\u0151 \u00e1tfog\u00f3 vizsg\u00e1latok, amelyek c\u00e9lja az esetleges eg\u00e9szs\u00e9g\u00fcgyi probl\u00e9m\u00e1k korai kimutat\u00e1sa, illetve a c\u00e9lcsoportok felvil\u00e1gos\u00edt\u00e1sa (iskolakezd\u00e9s el\u0151tti kivizsg\u00e1l\u00e1s, h\u00e1rom- \u00e9s \u00f6t\u00e9ves gyerekek \u00e1tfog\u00f3 kivizsg\u00e1l\u00e1sa\u2026).<\/p>\n\n\n\n<p>A r\u00e9szletesebb vizsg\u00e1latok keret\u00e9n bel\u00fcl c\u00e9lir\u00e1nyos prevent\u00edv vizsg\u00e1latokat is v\u00e9gz\u00fcnk (vizsg\u00e1lat a m\u00e1sodik h\u00f3napban a szoptat\u00e1s fenntart\u00e1sa c\u00e9lj\u00e1b\u00f3l, olt\u00e1s el\u0151tti vizsg\u00e1lat, \u00f3vodakezd\u00e9si vizsg\u00e1lat, gy\u00f3gyf\u00fcrd\u0151i kezel\u00e9s el\u0151tti vizsg\u00e1lat\u2026).<\/p>\n\n\n\n<p>A lendvai eg\u00e9szs\u00e9gh\u00e1zban tev\u00e9kenys\u00e9g\u00fcnket els\u0151sorban Lendva K\u00f6zs\u00e9g ter\u00fclet\u00e9re vonatkoz\u00f3an v\u00e9gezz\u00fck, ugyanakkor m\u00e1s eg\u00e9szs\u00e9g\u00fcgyi r\u00e9gi\u00f3kb\u00f3l is fogadunk betegeket, amennyiben helyben nincs megfelel\u0151 szervezett eg\u00e9szs\u00e9g\u00fcgyi tev\u00e9kenys\u00e9g, illetve ha m\u00e1s eg\u00e9szs\u00e9g\u00fcgyi int\u00e9zm\u00e9nyekb\u0151l utalj\u00e1k \u0151ket hozz\u00e1nk.<\/p>\n\n\n\n<p>A gy\u00f3gy\u00edt\u00e1s sor\u00e1n a beteg mindig az els\u0151 helyen van.<\/p>\n\n\n\n<p><strong>Financiranje programov<\/strong><\/p>\n\n\n\n<p>Ob\u010dina Lendava je v letu 2022 sofinancirala:<\/p>\n\n\n\n<ul class=\"wp-block-list\">\n<li>dejavnost sre\u010devanja kluba zdravljenih alkoholikov v vi\u0161ini 5.440,00 EUR<\/li>\n\n\n\n<li>dejavnost diabetolo\u0161ke posvetovalnice v vi\u0161ini 5.440,00 EUR<\/li>\n<\/ul>\n\n<\/div>\n\n<div class=\"gb-container gb-container-e4a09945 special has-shadow side-box\">\n\n<h4 class=\"wp-block-heading\">Szem\u00e9lyi igazolv\u00e1ny<\/h4>\n\n\n<div class=\"gb-container gb-container-9fff4827 special\">\n\n<p>K\u00f6zint\u00e9zet<br>ZDRAVSTVENI DOM LENDAVA \/ EG\u00c9SZS\u00c9GH\u00c1Z LENDVA<\/p>\n\n\n\n<p><br>Kidri\u010deva 34<br>9220 Lendava <a href=\"https:\/\/maps.app.goo.gl\/V1X7Hnh2pod3uCz68\" target=\"_blank\" rel=\"noreferrer noopener\">(t\u00e9rk\u00e9p mutat\u00e1sa)<\/a><\/p>\n\n\n\n<div style=\"height:20px\" aria-hidden=\"true\" class=\"wp-block-spacer\"><\/div>\n\n\n\n<p>t: <a href=\"tel:+38625789 210\">+386 2 578 92 10<\/a><\/p>\n\n\n\n<p>f: <a href=\"tel:025789259\">02 578 92 59<\/a><\/p>\n\n\n\n<p>e: <a href=\"mailto:info@zd-lendava.si\">info@zd-lendava.si<\/a><\/p>\n\n\n\n<div style=\"height:20px\" aria-hidden=\"true\" class=\"wp-block-spacer\"><\/div>\n\n\n\n<p>\u00c1fa-azonos\u00edt\u00f3: 36612235<br>T\u00f6rzssz\u00e1m: 5801923000<br>TE\u00c1OR: 86.210<br>IBAN: SI56011006008372 384<br>Int\u00e9zm\u00e9nyek \u00e1gazati besorol\u00e1sa: S130120<\/p>\n\n<\/div>\n\n<div class=\"gb-container gb-container-ef17d6f2 special\">\n\n<div class=\"wp-block-create-block-multi-file-upload\"><a href=\"https:\/\/zd-lendava.si\/wp-content\/uploads\/2024\/07\/Statut-Zdravstvenega-doma-Lendava.pdf\" class=\"file-item d-flex gap-2 align-items-center text-reset\"><i class=\"fa-solid fa-cloud-arrow-up\"><\/i><div class=\"content\"><h4 class=\"mb-1\">Statut Zdravstvenega doma Lendava<\/h4><p class=\"fs-4 mb-1\">pdf, 561 KB<\/p><p class=\"text-primary mb-0\">Prenesi datoteko<\/p><\/div><\/a>\n\n<a href=\"https:\/\/zd-lendava.si\/wp-content\/uploads\/2024\/06\/Odlok-o-ustanovitvi-Zdravstvenega-doma-Lendava.pdf\" class=\"file-item d-flex gap-2 align-items-center text-reset\"><i class=\"fa-solid fa-cloud-arrow-up\"><\/i><div class=\"content\"><h4 class=\"mb-1\">Odlok o ustanovitvi Zdravstvenega doma Lendava<\/h4><p class=\"fs-4 mb-1\">pdf, 457 KB<\/p><p class=\"text-primary mb-0\">Prenesi datoteko<\/p><\/div><\/a><\/div>\n\n<\/div>\n<\/div>\n<\/div>\n\n<div class=\"gb-container gb-container-1427b816 mx-auto\">\n<div class=\"gb-container gb-container-ce573d7e gb-has-gradient align-content-end my-4\">\n\n<h3 class=\"wp-block-heading\">K\u00e9relmez\u0151k v\u00e9delme<\/h3>\n\n\n\n<p>Notranja pot za prijavo je namenjena prijavi kr\u0161itev predpisov, za katere posamezniki, ki so v delovnem ali podobnem razmerju z zavezancem, izvejo v delovnem okolju. \u017delimo da notranjo pot izkoristite preden podate prijavo zunanjim in\u0161pekcijam, nadzornikom ipd.<\/p>\n\n\n\n<p class=\"btn btn-secondary mt-4 fit-content\"><a href=\"https:\/\/zd-lendava.prijavitelj.si\/\" target=\"_blank\" rel=\"noreferrer noopener\">Tov\u00e1bb olvasok (csak szlov\u00e9n nyelven)<i class=\"fa-solid fa-arrow-up-right-from-square fs-3 ms-1\"><\/i><\/a><\/p>\n\n<\/div>\n<\/div>","protected":false},"excerpt":{"rendered":"<p>A lendvai eg\u00e9szs\u00e9gh\u00e1z alkalmazottainak c\u00e9lja, szaktud\u00e1sukkal \u00e9s t\u00f6rekv\u00e9seikkel a lehet\u0151 legmagasabb szint\u0171 eg\u00e9szs\u00e9g\u00fcgyi ell\u00e1t\u00e1st biztos\u00edtani a betegeknek \u00e9s egy\u00e9b felhaszn\u00e1l\u00f3knak. Az alkalmazottaknak hozz\u00e1f\u00e9r\u00e9st biztos\u00edtunk a szem\u00e9lyis\u00e9gfejleszt\u00e9s\u00fckh\u00f6z sz\u00fcks\u00e9ges \u00f6sszes inform\u00e1ci\u00f3hoz \u00e9s tev\u00e9kenys\u00e9ghez.Eg\u00e9szs\u00e9gh\u00e1zunk v\u00edzi\u00f3ja fenntartani az olyan korszer\u0171 eg\u00e9szs\u00e9g\u00fcgyi int\u00e9zm\u00e9nyt, amely mind orsz\u00e1gos, mind nemzetk\u00f6zi szinten, a legmagasabb szakmai sztenderdeknek is megfelel\u0151 orvosi szolg\u00e1ltat\u00e1sokat \u00e9s szakmais\u00e1got k\u00e9pes [&hellip;]<\/p>\n","protected":false},"author":4,"featured_media":0,"parent":0,"menu_order":38,"comment_status":"closed","ping_status":"closed","template":"","meta":{"_acf_changed":false,"footnotes":""},"class_list":["post-1857","page","type-page","status-publish","hentry"],"acf":[],"_links":{"self":[{"href":"https:\/\/zd-lendava.si\/hu\/wp-json\/wp\/v2\/pages\/1857","targetHints":{"allow":["GET"]}}],"collection":[{"href":"https:\/\/zd-lendava.si\/hu\/wp-json\/wp\/v2\/pages"}],"about":[{"href":"https:\/\/zd-lendava.si\/hu\/wp-json\/wp\/v2\/types\/page"}],"author":[{"embeddable":true,"href":"https:\/\/zd-lendava.si\/hu\/wp-json\/wp\/v2\/users\/4"}],"replies":[{"embeddable":true,"href":"https:\/\/zd-lendava.si\/hu\/wp-json\/wp\/v2\/comments?post=1857"}],"version-history":[{"count":0,"href":"https:\/\/zd-lendava.si\/hu\/wp-json\/wp\/v2\/pages\/1857\/revisions"}],"wp:attachment":[{"href":"https:\/\/zd-lendava.si\/hu\/wp-json\/wp\/v2\/media?parent=1857"}],"curies":[{"name":"wp","href":"https:\/\/api.w.org\/{rel}","templated":true}]}}