{"id":1858,"date":"2024-06-19T08:57:08","date_gmt":"2024-06-19T06:57:08","guid":{"rendered":"http:\/\/zd-lendava.razvija.se\/zagotavljanje-zdravstvenega-varstva-na-prireditvah\/"},"modified":"2024-08-01T08:38:00","modified_gmt":"2024-08-01T06:38:00","slug":"egeszsegugyi-ellatas-a-rendezvenyeken","status":"publish","type":"page","link":"https:\/\/zd-lendava.si\/hu\/rendelok-es-tevekenysegek\/egeszsegugyi-ellatas-a-rendezvenyeken\/","title":{"rendered":"Eg\u00e9szs\u00e9g\u00fcgyi ell\u00e1t\u00e1s a rendezv\u00e9nyeken"},"content":{"rendered":"\n<div style=\"height:100px\" aria-hidden=\"true\" class=\"wp-block-spacer\"><\/div>\n\n\n<div class=\"gb-container gb-container-5da2e7b7\">\n\n<p>Ministrstvo za zdravje Republike Slovenije je izdalo Pravilnik o slu\u017ebi nujne medicinske pomo\u010di (Uradni list RS, \u0161t. 81\/15) \u2013 v nadaljevanju <a href=\"https:\/\/www.uradni-list.si\/1\/content?id=123617\" target=\"_blank\" rel=\"noreferrer noopener\">Pravilnik o NMP<\/a>, ki je za\u010del veljati dne 14. 11. 2015. Pravilnik o NMP v VII. poglavju ureja tudi podro\u010dje zagotavljanja zdravstvenega varstva na prireditvah.<\/p>\n\n\n\n<p>Po dolo\u010dbah 24. \u010dlena Pravilnika o NMP se zagotavljanje zdravstvenega varstva na prireditvah ureja s&nbsp;<strong>pisnim dogovorom<\/strong>&nbsp;med organizatorjem prireditve in izvajalcem zdravstvenega varstva.<\/p>\n\n\n\n<hr class=\"wp-block-separator has-alpha-channel-opacity\"\/>\n\n\n\n<ul class=\"wp-block-list\">\n<li><a href=\"https:\/\/zd-lendava.si\/wp-content\/uploads\/2024\/06\/zagotavljanje_zdravstvenega_varstva_na_prireditvah.pdf\" target=\"_blank\" data-type=\"attachment\" data-id=\"1070\" rel=\"noreferrer noopener\">Zagotavljanje zdravstvenega varstva na prireditvah<\/a><\/li>\n\n\n\n<li><a href=\"https:\/\/zd-lendava.si\/wp-content\/uploads\/2024\/06\/Priloga_15_Presoja_zdravstvene_ogroenosti_na_prireditvi.pdf\" target=\"_blank\" data-type=\"attachment\" data-id=\"1074\" rel=\"noreferrer noopener\">Priloga 15: Vloga za presojo zdravstvene ogro\u017eenosti na prireditvi<\/a><\/li>\n\n\n\n<li><a href=\"https:\/\/zd-lendava.si\/wp-content\/uploads\/2024\/06\/Priloga_16_vrste_prireditev_in_zdravstvenega_varstva_na_prireditvah.pdf\" target=\"_blank\" data-type=\"attachment\" data-id=\"1072\" rel=\"noreferrer noopener\">Priloga 16: Vrste prireditev in zdravstvenega varstva na prireditvah<\/a><\/li>\n<\/ul>\n\n\n\n<hr class=\"wp-block-separator has-alpha-channel-opacity\"\/>\n\n\n\n<p>Zaradi la\u017eje organizacije napro\u0161amo vse organizatorje, da oddajo izpolnjeno vlogo za presojo najmanj 15 dni pred na\u010drtovano prireditvijo na naslov:<\/p>\n\n\n\n<ul class=\"wp-block-list\">\n<li>Preko e-po\u0161te:&nbsp;<a href=\"mailto:info@zd-lendava.si\">info@zd-lendava.si<\/a><\/li>\n\n\n\n<li>Po navadni po\u0161ti na naslov:&nbsp;<strong>Zdravstveni dom Lendava, Kidri\u010deva ulica 34, 9220 Lendava<\/strong><\/li>\n<\/ul>\n\n\n\n<p>Zavod si pridr\u017euje pravico, da odkloni zagotavljanje zdravstvenega varstva v primeru, ko presodi, da ne more zagotoviti zdravstvenega varstva na prireditvi.<\/p>\n\n<\/div>","protected":false},"excerpt":{"rendered":"<p>Ministrstvo za zdravje Republike Slovenije je izdalo Pravilnik o slu\u017ebi nujne medicinske pomo\u010di (Uradni list RS, \u0161t. 81\/15) \u2013 v nadaljevanju Pravilnik o NMP, ki je za\u010del veljati dne 14. 11. 2015. Pravilnik o NMP v VII. poglavju ureja tudi podro\u010dje zagotavljanja zdravstvenega varstva na prireditvah. Po dolo\u010dbah 24. \u010dlena Pravilnika o NMP se zagotavljanje [&hellip;]<\/p>\n","protected":false},"author":3,"featured_media":1086,"parent":1873,"menu_order":23,"comment_status":"closed","ping_status":"closed","template":"","meta":{"_acf_changed":false,"footnotes":""},"class_list":["post-1858","page","type-page","status-publish","has-post-thumbnail","hentry"],"acf":[],"_links":{"self":[{"href":"https:\/\/zd-lendava.si\/hu\/wp-json\/wp\/v2\/pages\/1858","targetHints":{"allow":["GET"]}}],"collection":[{"href":"https:\/\/zd-lendava.si\/hu\/wp-json\/wp\/v2\/pages"}],"about":[{"href":"https:\/\/zd-lendava.si\/hu\/wp-json\/wp\/v2\/types\/page"}],"author":[{"embeddable":true,"href":"https:\/\/zd-lendava.si\/hu\/wp-json\/wp\/v2\/users\/3"}],"replies":[{"embeddable":true,"href":"https:\/\/zd-lendava.si\/hu\/wp-json\/wp\/v2\/comments?post=1858"}],"version-history":[{"count":0,"href":"https:\/\/zd-lendava.si\/hu\/wp-json\/wp\/v2\/pages\/1858\/revisions"}],"up":[{"embeddable":true,"href":"https:\/\/zd-lendava.si\/hu\/wp-json\/wp\/v2\/pages\/1873"}],"wp:featuredmedia":[{"embeddable":true,"href":"https:\/\/zd-lendava.si\/hu\/wp-json\/wp\/v2\/media\/1086"}],"wp:attachment":[{"href":"https:\/\/zd-lendava.si\/hu\/wp-json\/wp\/v2\/media?parent=1858"}],"curies":[{"name":"wp","href":"https:\/\/api.w.org\/{rel}","templated":true}]}}