{"id":1859,"date":"2024-06-18T12:16:07","date_gmt":"2024-06-18T10:16:07","guid":{"rendered":"http:\/\/zd-lendava.razvija.se\/nase-cakalne-dobe\/"},"modified":"2026-04-03T10:22:11","modified_gmt":"2026-04-03T08:22:11","slug":"a-mi-varolistaink","status":"publish","type":"page","link":"https:\/\/zd-lendava.si\/hu\/rendelok-es-tevekenysegek\/a-mi-varolistaink\/","title":{"rendered":"A mi v\u00e1r\u00f3list\u00e1ink (csak szlov\u00e9n nyelven)"},"content":{"rendered":"<div class=\"gb-container gb-container-1ab83bcb\">\n<div class=\"gb-container gb-container-e2ee13bd\">\n\n<h3 class=\"wp-block-heading\">2026<\/h3>\n\n\n\n<p><a href=\"https:\/\/zd-lendava.si\/wp-content\/uploads\/2026\/04\/zdl_cakd_2026_03.pdf\" target=\"_blank\" rel=\"noreferrer noopener\">\u010cakalne dobe 31.03.2026<\/a><\/p>\n\n\n\n<p><a href=\"https:\/\/zd-lendava.si\/wp-content\/uploads\/2026\/03\/zdl_cakd_2026_02-feb.pdf\" target=\"_blank\" rel=\"noreferrer noopener\">\u010cakalne dobe 28.02.2026<\/a><\/p>\n\n\n\n<p><a href=\"https:\/\/zd-lendava.si\/wp-content\/uploads\/2026\/02\/zdl_cakd_2026_jan.pdf\" target=\"_blank\" rel=\"noreferrer noopener\">\u010cakalne dobe 31.01.2026<\/a><\/p>\n\n\n\n<p><strong>2025<\/strong><\/p>\n\n\n\n<p><a href=\"https:\/\/zd-lendava.si\/wp-content\/uploads\/2026\/01\/zdl_cakd_2026_01.pdf\" target=\"_blank\" rel=\"noreferrer noopener\">\u010cakalne dobe 31.12.2025<\/a><\/p>\n\n\n\n<p><a href=\"https:\/\/zd-lendava.si\/wp-content\/uploads\/2025\/12\/zdl_cakd_2025_12.pdf\" target=\"_blank\" rel=\"noreferrer noopener\">\u010cakalne dobe 30.11.2025<\/a><\/p>\n\n\n\n<p><a href=\"https:\/\/zd-lendava.si\/wp-content\/uploads\/2025\/11\/zdl_cakd_2025_11.pdf\" target=\"_blank\" rel=\"noreferrer noopener\">\u010cakalne dobe 31.10.2025<\/a><\/p>\n\n\n\n<p><a href=\"https:\/\/zd-lendava.si\/wp-content\/uploads\/2025\/10\/zdl_cakd_2025_10.pdf\" target=\"_blank\" rel=\"noreferrer noopener\">\u010cakalne dobe 30.09.2025<\/a><\/p>\n\n\n\n<p><a href=\"https:\/\/zd-lendava.si\/wp-content\/uploads\/2025\/09\/zdl_cakd_2025_09.pdf\" target=\"_blank\" rel=\"noreferrer noopener\">\u010cakalne dobe 31.08.2025<\/a><\/p>\n\n\n\n<p><a href=\"https:\/\/zd-lendava.si\/wp-content\/uploads\/2025\/08\/zdl_cakd_2025_08.pdf\" target=\"_blank\" rel=\"noreferrer noopener\">\u010cakalne dobe 31.07.2025<\/a><\/p>\n\n\n\n<p><a href=\"https:\/\/zd-lendava.si\/wp-content\/uploads\/2025\/07\/zdl_cakd_2025_07.pdf\" target=\"_blank\" rel=\"noreferrer noopener\">\u010cakalne dobe 30.06.2025<\/a><\/p>\n\n\n\n<p><a href=\"https:\/\/zd-lendava.si\/wp-content\/uploads\/2025\/06\/zdl_cakd_2025_06.pdf\" target=\"_blank\" rel=\"noreferrer noopener\">\u010cakalne dobe 31.05.2025<\/a><\/p>\n\n\n\n<p><a href=\"https:\/\/zd-lendava.si\/wp-content\/uploads\/2025\/05\/zdl_cakd_2025_05.pdf\" target=\"_blank\" rel=\"noreferrer noopener\">\u010cakalne dobe 30.04.2025<\/a><br><br><a href=\"https:\/\/zd-lendava.si\/wp-content\/uploads\/2025\/04\/zdl_cakd_2025_04.pdf\" target=\"_blank\" rel=\"noreferrer noopener\">\u010cakalne dobe 31.03.2025<\/a><\/p>\n\n\n\n<p><a href=\"https:\/\/zd-lendava.si\/wp-content\/uploads\/2025\/03\/zdl_cakd_2025_03.pdf\" target=\"_blank\" rel=\"noreferrer noopener\">\u010cakalne dobe 28.02.2025<\/a><\/p>\n\n\n\n<p><a href=\"https:\/\/zd-lendava.si\/wp-content\/uploads\/2025\/02\/zdl_cakd_2025_02.pdf\" target=\"_blank\" rel=\"noreferrer noopener\">\u010cakalne dobe 31.01.2025<\/a><\/p>\n\n<\/div>\n\n\n<h3 class=\"wp-block-heading\">2024<\/h3>\n\n\n\n<p><a href=\"https:\/\/zd-lendava.si\/wp-content\/uploads\/2025\/01\/zdl_cakd_2025_01.pdf\" target=\"_blank\" rel=\"noreferrer noopener\">\u010cakalne dobe 31.12.2024<\/a><\/p>\n\n\n\n<p><a href=\"https:\/\/zd-lendava.si\/wp-content\/uploads\/2024\/12\/zdl_cakd_2024_12.pdf\" target=\"_blank\" rel=\"noreferrer noopener\">\u010cakalne dobe 30.11.2024<\/a><\/p>\n\n\n\n<p><a href=\"https:\/\/zd-lendava.si\/wp-content\/uploads\/2024\/11\/zdl_cakd_2024_11.pdf\" target=\"_blank\" rel=\"noreferrer noopener\">\u010cakalne dobe 31.10.2024<\/a><\/p>\n\n\n\n<p><a href=\"https:\/\/zd-lendava.si\/wp-content\/uploads\/2024\/10\/zdl_cakd_2024_10.pdf\" target=\"_blank\" rel=\"noreferrer noopener\">\u010cakalne dobe 30.09.2024<\/a><\/p>\n\n\n\n<p><a href=\"https:\/\/zd-lendava.si\/wp-content\/uploads\/2024\/09\/zdl_cakd_2024_09.pdf\" target=\"_blank\" rel=\"noreferrer noopener\">\u010cakalne dobe 31.08.2024<\/a><\/p>\n\n\n\n<p><a href=\"https:\/\/zd-lendava.si\/wp-content\/uploads\/2024\/08\/zdl_cakd_2024_07.pdf\" target=\"_blank\" rel=\"noreferrer noopener\">\u010cakalne dobe 30.06.2024<\/a><\/p>\n\n\n\n<p><a href=\"https:\/\/zd-lendava.si\/wp-content\/uploads\/2024\/06\/zdl_cakd_2024_06-1.pdf\" target=\"_blank\" rel=\"noreferrer noopener\">\u010cakalne dobe 31.05.2024<\/a><br><br><a href=\"https:\/\/zd-lendava.si\/wp-content\/uploads\/2024\/06\/zdl_cakd_2024_05.pdf\" target=\"_blank\" rel=\"noreferrer noopener\">\u010cakalne dobe 30.04.2024<\/a><br><br><a href=\"https:\/\/zd-lendava.si\/wp-content\/uploads\/2024\/06\/zdl_cakd_2024_04.pdf\" target=\"_blank\" rel=\"noreferrer noopener\">\u010cakalne dobe 31.03.2024<\/a><br><br><a href=\"https:\/\/zd-lendava.si\/wp-content\/uploads\/2024\/06\/zdl_cakd_2024_03.pdf\" target=\"_blank\" rel=\"noreferrer noopener\">\u010cakalne dobe 29.02.2024<\/a><br><br><a href=\"https:\/\/zd-lendava.si\/wp-content\/uploads\/2024\/06\/zdl_cakd_2024_02.pdf\" target=\"_blank\" rel=\"noreferrer noopener\">\u010cakalne dobe 31.01.2024<\/a><\/p>\n\n<\/div>\n\n<div class=\"gb-container gb-container-2b53a312\">\n\n<h3 class=\"wp-block-heading\">2023<\/h3>\n\n\n\n<p><a href=\"https:\/\/zd-lendava.si\/wp-content\/uploads\/2024\/06\/zdl_cakd_2024_01.pdf\" target=\"_blank\" rel=\"noreferrer noopener\">\u010cakalne dobe 31.12.2023<\/a><br><br><a href=\"https:\/\/zd-lendava.si\/wp-content\/uploads\/2024\/06\/zdl_cakd_2023_12.pdf\" target=\"_blank\" rel=\"noreferrer noopener\">\u010cakalne dobe 30.11.2023<\/a><br><br><a href=\"https:\/\/zd-lendava.si\/wp-content\/uploads\/2024\/06\/zdl_cakd_2023_11.pdf\" target=\"_blank\" rel=\"noreferrer noopener\">\u010cakalne dobe 31.10.2023<\/a><br><br><a href=\"https:\/\/zd-lendava.si\/wp-content\/uploads\/2024\/06\/zdl_cakd_2023_10.pdf\" target=\"_blank\" rel=\"noreferrer noopener\">\u010cakalne dobe 30.9.2023<\/a><br><br><a href=\"https:\/\/zd-lendava.si\/wp-content\/uploads\/2024\/06\/zdl_cakd_2023_09.pdf\" target=\"_blank\" rel=\"noreferrer noopener\">\u010cakalne dobe 31.8.2023<\/a><br><br><a href=\"https:\/\/zd-lendava.si\/wp-content\/uploads\/2024\/06\/zdl_cakd_2023_08.pdf\" target=\"_blank\" rel=\"noreferrer noopener\">\u010cakalne dobe 31.7.2023<\/a><br><br><a href=\"https:\/\/zd-lendava.si\/wp-content\/uploads\/2024\/06\/zdl_cakd_2023_07.pdf\" target=\"_blank\" rel=\"noreferrer noopener\">\u010cakalne dobe 30.6.2023<\/a><br><br><a href=\"https:\/\/zd-lendava.si\/wp-content\/uploads\/2024\/06\/zdl_cakd_2023_06.pdf\" target=\"_blank\" rel=\"noreferrer noopener\">\u010cakalne dobe 31.5.2023<\/a><br><br><a href=\"https:\/\/zd-lendava.si\/wp-content\/uploads\/2024\/06\/zdl_cakd_2023_05.pdf\" target=\"_blank\" rel=\"noreferrer noopener\">\u010cakalne dobe 30.4.2023<\/a><br><br><a href=\"https:\/\/zd-lendava.si\/wp-content\/uploads\/2024\/06\/zdl_cakd_2023_04.pdf\" target=\"_blank\" rel=\"noreferrer noopener\">\u010cakalne dobe 31.3.2023<\/a><br><br><a href=\"https:\/\/zd-lendava.si\/wp-content\/uploads\/2024\/06\/zdl_cakd_2023_03.pdf\" target=\"_blank\" rel=\"noreferrer noopener\">\u010cakalne dobe 28.2.2023<\/a><br><br><a href=\"https:\/\/zd-lendava.si\/wp-content\/uploads\/2024\/06\/zdl_cakd_2023_02.pdf\" target=\"_blank\" rel=\"noreferrer noopener\">\u010cakalne dobe 31.1.2023<\/a><\/p>\n\n<\/div>\n\n<div class=\"gb-container gb-container-bacf9df0\">\n\n<h3 class=\"wp-block-heading\">2022<\/h3>\n\n\n\n<p><a href=\"https:\/\/zd-lendava.si\/wp-content\/uploads\/2024\/06\/zdl_cakd_2023_01.pdf\" target=\"_blank\" rel=\"noreferrer noopener\">\u010cakalne dobe 31.12.2022<\/a><br><br><a href=\"https:\/\/zd-lendava.si\/wp-content\/uploads\/2024\/06\/\/zdl_cakd_2022_12.pdf\" target=\"_blank\" rel=\"noreferrer noopener\">\u010cakalne dobe 30.11.2022<\/a><br><br><a href=\"https:\/\/zd-lendava.si\/wp-content\/uploads\/2024\/06\/zdl_cakd_2022_11.pdf\" target=\"_blank\" rel=\"noreferrer noopener\">\u010cakalne dobe 31.10.2022<\/a><br><br><a href=\"https:\/\/zd-lendava.si\/wp-content\/uploads\/2024\/06\/zdl_cakd_2022_10.pdf\" target=\"_blank\" rel=\"noreferrer noopener\">\u010cakalne dobe 30.09.2022<\/a><br><br><a href=\"https:\/\/zd-lendava.si\/wp-content\/uploads\/2024\/06\/zdl_cakd_2022_09.pdf\" target=\"_blank\" rel=\"noreferrer noopener\">\u010cakalne dobe 31.08.2022<\/a><br><br><a href=\"https:\/\/zd-lendava.si\/wp-content\/uploads\/2024\/06\/zdl_cakd_2022_08.pdf\" target=\"_blank\" rel=\"noreferrer noopener\">\u010cakalne dobe 31.07.2022<\/a><br><br><a href=\"https:\/\/zd-lendava.si\/wp-content\/uploads\/2024\/06\/zdl_cakd_2022_07.pdf\" target=\"_blank\" rel=\"noreferrer noopener\">\u010cakalne dobe 30.06.2022<\/a><br><br><a href=\"https:\/\/zd-lendava.si\/wp-content\/uploads\/2024\/06\/zdl_cakd_2022_06.pdf\" target=\"_blank\" rel=\"noreferrer noopener\">\u010cakalne dobe 31.05.2022<\/a><br><br><a href=\"https:\/\/zd-lendava.si\/wp-content\/uploads\/2024\/06\/zdl_cakd_2022_05.pdf\" target=\"_blank\" rel=\"noreferrer noopener\">\u010cakalne dobe 30.04.2022<\/a><br><br><a href=\"https:\/\/zd-lendava.si\/wp-content\/uploads\/2024\/06\/zdl_cakd_2022_04.pdf\" target=\"_blank\" rel=\"noreferrer noopener\">\u010cakalne dobe 31.03.2022<\/a><br><br><a href=\"https:\/\/zd-lendava.si\/wp-content\/uploads\/2024\/06\/zdl_cakd_2022_03.pdf\" target=\"_blank\" rel=\"noreferrer noopener\">\u010cakalne dobe 28.02.2022<\/a><br><br><a href=\"https:\/\/zd-lendava.si\/wp-content\/uploads\/2024\/06\/zdl_cakd_2022_02.pdf\" target=\"_blank\" rel=\"noreferrer noopener\">\u010cakalne dobe 31.01.2022<\/a><\/p>\n\n<\/div>\n\n<div class=\"gb-container gb-container-5734026e\">\n\n<h3 class=\"wp-block-heading\">2021<\/h3>\n\n\n\n<p><a href=\"https:\/\/zd-lendava.si\/wp-content\/uploads\/2024\/06\/zdl_cakd_2022_01.pdf\" target=\"_blank\" rel=\"noreferrer noopener\">\u010cakalne dobe 31.12.2021<\/a><br><br><a href=\"https:\/\/zd-lendava.si\/wp-content\/uploads\/2024\/06\/zdl_cakd_2021_12.pdf\" target=\"_blank\" rel=\"noreferrer noopener\">\u010cakalne dobe 30.11.2021<\/a><br><br><a href=\"https:\/\/zd-lendava.si\/wp-content\/uploads\/2024\/06\/zdl_cakd_2021_11.pdf\" target=\"_blank\" rel=\"noreferrer noopener\">\u010cakalne dobe 31.10.2021<\/a><br><br><a href=\"https:\/\/zd-lendava.si\/wp-content\/uploads\/2024\/06\/zdl_cakd_2021_10.pdf\" target=\"_blank\" rel=\"noreferrer noopener\">\u010cakalne dobe 30.09.2021<\/a><br><br><a href=\"https:\/\/zd-lendava.si\/wp-content\/uploads\/2024\/06\/zdl_cakd_2021_09.pdf\" target=\"_blank\" rel=\"noreferrer noopener\">\u010cakalne dobe 31.08.2021<\/a><br><br><a href=\"https:\/\/zd-lendava.si\/wp-content\/uploads\/2024\/06\/\/zdl_cakd_2021_08.pdf\" target=\"_blank\" rel=\"noreferrer noopener\">\u010cakalne dobe 31.07.2021<\/a><br><br><a href=\"https:\/\/zd-lendava.si\/wp-content\/uploads\/2024\/06\/zdl_cakd_2021_07.pdf\" target=\"_blank\" rel=\"noreferrer noopener\">\u010cakalne dobe 30.06.2021<\/a><br><br><a href=\"https:\/\/zd-lendava.si\/wp-content\/uploads\/2024\/06\/\/zdl_cakd_2021_06.pdf\" target=\"_blank\" rel=\"noreferrer noopener\">\u010cakalne dobe 31.05.2021<\/a><br><br><a href=\"https:\/\/zd-lendava.si\/wp-content\/uploads\/2024\/06\/zdl_cakd_2021_05.pdf\" target=\"_blank\" rel=\"noreferrer noopener\">\u010cakalne dobe 30.04.2021<\/a><br><br><a href=\"https:\/\/zd-lendava.si\/wp-content\/uploads\/2024\/06\/zdl_cakd_2021_04.pdf\" target=\"_blank\" rel=\"noreferrer noopener\">\u010cakalne dobe 31.03.2021<\/a><br><br><a href=\"https:\/\/zd-lendava.si\/wp-content\/uploads\/2024\/06\/zdl_cakd_2021_03.pdf\" target=\"_blank\" rel=\"noreferrer noopener\">\u010cakalne dobe 28.02.2021<\/a><br><br><a href=\"https:\/\/zd-lendava.si\/wp-content\/uploads\/2024\/06\/zdl_cakd_2021_02.pdf\" target=\"_blank\" rel=\"noreferrer noopener\">\u010cakalne dobe 31.01.2021<\/a><\/p>\n\n<\/div>\n\n<div class=\"gb-container gb-container-1427b816 mx-auto\">\n<div class=\"gb-container gb-container-ce573d7e gb-has-gradient align-content-end my-4\">\n\n<h3 class=\"wp-block-heading\">Orsz\u00e1gos v\u00e1r\u00f3list\u00e1k<\/h3>\n\n\n\n<p>Lorem ipsum dolor sit amet, consectetur adipiscing elit. Etiam tincidunt pellentesque ante eu tincidunt. Nunc venenatis mi nec diam imperdiet aliquam. Pellentesque dapibus gravida enim<\/p>\n\n\n\n<p class=\"btn btn-secondary mt-4 fit-content\"><a href=\"https:\/\/cakalnedobe.ezdrav.si\/\" target=\"_blank\" rel=\"noreferrer noopener\">Tov\u00e1bb olvasok<\/a><\/p>\n\n<\/div>\n<\/div>","protected":false},"excerpt":{"rendered":"<p>2026 \u010cakalne dobe 31.03.2026 \u010cakalne dobe 28.02.2026 \u010cakalne dobe 31.01.2026 2025 \u010cakalne dobe 31.12.2025 \u010cakalne dobe 30.11.2025 \u010cakalne dobe 31.10.2025 \u010cakalne dobe 30.09.2025 \u010cakalne dobe 31.08.2025 \u010cakalne dobe 31.07.2025 \u010cakalne dobe 30.06.2025 \u010cakalne dobe 31.05.2025 \u010cakalne dobe 30.04.2025 \u010cakalne dobe 31.03.2025 \u010cakalne dobe 28.02.2025 \u010cakalne dobe 31.01.2025 2024 \u010cakalne dobe 31.12.2024 \u010cakalne dobe 30.11.2024 \u010cakalne [&hellip;]<\/p>\n","protected":false},"author":5,"featured_media":0,"parent":1873,"menu_order":25,"comment_status":"closed","ping_status":"closed","template":"","meta":{"_acf_changed":false,"footnotes":""},"class_list":["post-1859","page","type-page","status-publish","hentry"],"acf":[],"_links":{"self":[{"href":"https:\/\/zd-lendava.si\/hu\/wp-json\/wp\/v2\/pages\/1859","targetHints":{"allow":["GET"]}}],"collection":[{"href":"https:\/\/zd-lendava.si\/hu\/wp-json\/wp\/v2\/pages"}],"about":[{"href":"https:\/\/zd-lendava.si\/hu\/wp-json\/wp\/v2\/types\/page"}],"author":[{"embeddable":true,"href":"https:\/\/zd-lendava.si\/hu\/wp-json\/wp\/v2\/users\/5"}],"replies":[{"embeddable":true,"href":"https:\/\/zd-lendava.si\/hu\/wp-json\/wp\/v2\/comments?post=1859"}],"version-history":[{"count":3,"href":"https:\/\/zd-lendava.si\/hu\/wp-json\/wp\/v2\/pages\/1859\/revisions"}],"predecessor-version":[{"id":4364,"href":"https:\/\/zd-lendava.si\/hu\/wp-json\/wp\/v2\/pages\/1859\/revisions\/4364"}],"up":[{"embeddable":true,"href":"https:\/\/zd-lendava.si\/hu\/wp-json\/wp\/v2\/pages\/1873"}],"wp:attachment":[{"href":"https:\/\/zd-lendava.si\/hu\/wp-json\/wp\/v2\/media?parent=1859"}],"curies":[{"name":"wp","href":"https:\/\/api.w.org\/{rel}","templated":true}]}}