{"id":1860,"date":"2024-06-18T10:31:16","date_gmt":"2024-06-18T08:31:16","guid":{"rendered":"http:\/\/zd-lendava.razvija.se\/vzgoja-za-ustno-zdravje\/"},"modified":"2025-05-30T11:31:35","modified_gmt":"2025-05-30T09:31:35","slug":"fogegeszsegugyi-neveles","status":"publish","type":"page","link":"https:\/\/zd-lendava.si\/hu\/egeszsegneveles\/fogegeszsegugyi-neveles\/","title":{"rendered":"Fogeg\u00e9szs\u00e9g\u00fcgyi nevel\u00e9s"},"content":{"rendered":"<div class=\"gb-container gb-container-95e2b790 gap-4 mx-auto\">\n<div class=\"gb-container gb-container-8a1f6544\">\n\n<h3 class=\"wp-block-heading\"><strong>Fogeg\u00e9szs\u00e9g\u00fcgyi nevel\u00e9si tev\u00e9kenys\u00e9g<\/strong><\/h3>\n\n\n\n<p>A fogeg\u00e9szs\u00e9g\u00fcgyi nevel\u00e9s \u00e9s a fog\u00e1szati megel\u0151z\u00e9s feladata a gyerekek \u00e9s fiatalok sz\u00e1jeg\u00e9szs\u00e9g\u00e9nek gondoz\u00e1sa, ami tartalmazza a helyes fogtiszt\u00edt\u00e1s bemutat\u00e1s\u00e1t \u00e9s gyakorlati megval\u00f3s\u00edt\u00e1s\u00e1t, valamint az eg\u00e9szs\u00e9ges \u00e9tkez\u00e9sre t\u00f6rt\u00e9n\u0151 nevel\u00e9st. Az iskola-fogorvosi rendel\u0151ben k\u00f6z\u00f6s aminfluorid g\u00e9llel tiszt\u00edtjuk a fogakat \u00e9s fogleped\u00e9k kimutat\u00f3val \u2013 sz\u00ednez\u0151 tablett\u00e1kkal \u2013 ellen\u0151rizz\u00fck a sz\u00e1j\u00fcreg tisztas\u00e1g\u00e1t. <\/p>\n\n\n\n<p>A sz\u00fcl\u0151k el\u0151zetes j\u00f3v\u00e1hagy\u00e1sa alapj\u00e1n a gyerekek r\u00e9szt vesznek a Tiszta fogak\u00e9rt eg\u00e9szs\u00e9ges \u00e9tkez\u00e9ssel elnevez\u00e9s\u0171 orsz\u00e1gos versenyben. Az akci\u00f3 c\u00e9lja a gyerekeknek j\u00e1t\u00e9kos m\u00f3don megtan\u00edtani a rendszeres \u00e9s helyes fogtiszt\u00edt\u00e1st, valamint az eg\u00e9szs\u00e9ges \u00e9tkez\u00e9sre nevelni \u0151ket. A sz\u00fcl\u0151iskola keret\u00e9n bel\u00fcl, \u00e9vente n\u00e9h\u00e1nyszor el\u0151ad\u00e1st tartunk a v\u00e1rand\u00f3s n\u0151knek a fogak rendszeres \u00e9s helyes tiszt\u00edt\u00e1s\u00e1nak jelent\u0151s\u00e9g\u00e9sr\u0151l, a fogorvos korai l\u00e1togat\u00e1s\u00e1r\u00f3l, a helyes t\u00e1pl\u00e1lkoz\u00e1sr\u00f3l \u00e9s arr\u00f3l, hogyan befoly\u00e1solja mindez a fogak \u00e9s az arc eg\u00e9szs\u00e9ges fejl\u0151d\u00e9s\u00e9t.<\/p>\n\n\n<div class=\"gb-container gb-container-f69160b8\">\n\n<figure class=\"gb-block-image gb-block-image-0091b1ee\"><img loading=\"lazy\" decoding=\"async\" width=\"1920\" height=\"864\" class=\"gb-image gb-image-0091b1ee\" src=\"https:\/\/zd-lendava.si\/wp-content\/uploads\/2024\/06\/20230320_120456-scaled-1-scaled.jpg\" alt=\"\" title=\"20230320_120456-scaled-1\" srcset=\"https:\/\/zd-lendava.si\/wp-content\/uploads\/2024\/06\/20230320_120456-scaled-1-scaled.jpg 1920w, https:\/\/zd-lendava.si\/wp-content\/uploads\/2024\/06\/20230320_120456-scaled-1-1024x461.jpg 1024w, https:\/\/zd-lendava.si\/wp-content\/uploads\/2024\/06\/20230320_120456-scaled-1-768x346.jpg 768w\" sizes=\"auto, (max-width: 1920px) 100vw, 1920px\" \/><\/figure>\n\n<\/div>\n<\/div>\n\n<div class=\"gb-container gb-container-e4a09945 special has-shadow side-box\">\n\n<h4 class=\"wp-block-heading\">Ordinacijski \u010das in kontakt<\/h4>\n\n\n\n<div class=\"wp-block-group d-flex mt-2 is-content-justification-space-between is-nowrap is-layout-flex wp-container-core-group-is-layout-0dfbf163 wp-block-group-is-layout-flex\">\n<p class=\"fs-5 fw-medium fit-content\">H\u00e9tf\u0151<\/p>\n\n\n\n<p class=\"fs-5  fit-content\">07:00 &#8211; 15:00<\/p>\n<\/div>\n\n\n\n<div class=\"wp-block-group d-flex mt-2 is-content-justification-space-between is-nowrap is-layout-flex wp-container-core-group-is-layout-0dfbf163 wp-block-group-is-layout-flex\">\n<p class=\"fs-5 fw-medium fit-content\">Kedd<\/p>\n\n\n\n<p class=\"fs-5  fit-content\">07:00 &#8211; 15:00<\/p>\n<\/div>\n\n\n\n<div class=\"wp-block-group d-flex mt-2 is-content-justification-space-between is-nowrap is-layout-flex wp-container-core-group-is-layout-0dfbf163 wp-block-group-is-layout-flex\">\n<p class=\"fs-5 fw-medium fit-content\">Szerda<\/p>\n\n\n\n<p class=\"fs-5  fit-content\">07:00 &#8211; 15:00<\/p>\n<\/div>\n\n\n\n<div class=\"wp-block-group d-flex mt-2 is-content-justification-space-between is-nowrap is-layout-flex wp-container-core-group-is-layout-0dfbf163 wp-block-group-is-layout-flex\">\n<p class=\"fs-5 fw-medium fit-content\">Cs\u00fct\u00f6rt\u00f6k<\/p>\n\n\n\n<p class=\"fs-5  fit-content\">07:00 &#8211; 15:00<\/p>\n<\/div>\n\n\n\n<div class=\"wp-block-group d-flex mt-2 is-content-justification-space-between is-nowrap is-layout-flex wp-container-core-group-is-layout-0dfbf163 wp-block-group-is-layout-flex\">\n<p class=\"fs-5 fw-medium fit-content\">P\u00e9ntek<\/p>\n\n\n\n<p class=\"fs-5  fit-content\">07:00 &#8211; 15:00<\/p>\n<\/div>\n\n\n<div class=\"gb-container gb-container-1295eccd special\">\n\n<div class=\"wp-block-group\"><div class=\"wp-block-group__inner-container is-layout-constrained wp-block-group-is-layout-constrained\">\n<p>Jasmina Horvat<\/p>\n\n\n\n<p class=\"mt-1 fs-5\">okl. eg\u00e9szs\u00e9g\u00fcgyi n\u0151v\u00e9r<\/p>\n\n\n\n<p class=\"mt-2 fs-5 has-link\"><a href=\"tel:025789290\">02 57 89 290<\/a><\/p>\n\n\n\n<p class=\"fs-5 has-link\"><a href=\"mailto:jasmina.horvat@zd-lendava.si\">jasmina.horvat@zd-lendava.si<\/a><\/p>\n<\/div><\/div>\n\n<\/div>\n\n<div class=\"gb-container gb-container-9fff4827 special\">\n\n<p><strong>VUZOM bro\u0161ura<\/strong><\/p>\n\n\n\n<p class=\"fs-5\">Prenesi letak&nbsp;<a href=\"https:\/\/zd-lendava.si\/wp-content\/uploads\/2024\/06\/VUZOM-letak.pdf\" target=\"_blank\" rel=\"noreferrer noopener\">tukaj<\/a>.<\/p>\n\n<\/div>\n\n<div class=\"gb-container gb-container-b1d7cfda\">\n\n<figure class=\"wp-block-image size-full is-resized\"><a href=\"https:\/\/zdaj.net\/\" target=\"_blank\" rel=\"noreferrer noopener\"><img loading=\"lazy\" decoding=\"async\" width=\"182\" height=\"100\" src=\"https:\/\/zd-lendava.si\/wp-content\/uploads\/2024\/07\/zdaj-logo.png\" alt=\"\" class=\"wp-image-1800\" style=\"object-fit:cover;width:126px;height:auto\"\/><\/a><\/figure>\n\n<\/div>\n<\/div>\n<\/div>\n\n<div class=\"gb-container gb-container-1427b816 mx-auto\">\n<div class=\"gb-container gb-container-ce573d7e gb-has-gradient align-content-end my-4\">\n\n<h3 class=\"wp-block-heading\">Eg\u00e9szs\u00e9ges \u00e9letm\u00f3d<\/h3>\n\n\n\n<p>Programok \u00e9s tan\u00e1csad\u00e1s az eg\u00e9szs\u00e9ges \u00e9letm\u00f3d fenntart\u00e1s\u00e1ra \u00e9s jav\u00edt\u00e1s\u00e1ra, k\u00fcl\u00f6n\u00f6s tekintettel a t\u00e1pl\u00e1lkoz\u00e1sra, a testmozg\u00e1sra \u00e9s a ment\u00e1lis eg\u00e9szs\u00e9gre.<\/p>\n\n\n\n<p class=\"btn btn-secondary mt-4 fit-content\"><a href=\"https:\/\/zd-lendava.si\/hu\/egeszsegneveles\/egeszseges-eletmod\/\" data-type=\"page\" data-id=\"1866\">Tov\u00e1bb olvasok<\/a><\/p>\n\n<\/div>\n\n<div class=\"gb-container gb-container-d2621555 gb-has-gradient align-content-end my-4\">\n\n<h3 class=\"wp-block-heading\">Mozg\u00e1sfoglalkoz\u00e1sok<\/h3>\n\n\n\n<p>A fizikai aktivit\u00e1st el\u0151seg\u00edt\u0151, k\u00fcl\u00f6nb\u00f6z\u0151 korcsoportokra \u00e9s fitts\u00e9gi szintekre szabott foglalkoz\u00e1sok.<\/p>\n\n\n\n<p class=\"btn btn-secondary mt-4 fit-content\"><a href=\"https:\/\/zd-lendava.si\/hu\/egeszsegneveles\/mozgasfoglalkozasok\/\" data-type=\"page\" data-id=\"1865\">Tov\u00e1bb olvasok<\/a><\/p>\n\n<\/div>\n\n<div class=\"gb-container gb-container-4ce202fb gb-has-gradient align-content-end my-4\">\n\n<h3 class=\"wp-block-heading\"><strong>Pszichoeduk\u00e1ci\u00f3s foglalkoz\u00e1sok<\/strong><\/h3>\n\n\n\n<p>A ment\u00e1lis eg\u00e9szs\u00e9g jav\u00edt\u00e1s\u00e1t \u00e9s a stressz, a szorong\u00e1s \u00e9s m\u00e1s pszichol\u00f3giai kih\u00edv\u00e1sok kezel\u00e9s\u00e9t seg\u00edt\u0151 foglalkoz\u00e1sok.<\/p>\n\n\n\n<p class=\"btn btn-secondary mt-4 fit-content\"><a href=\"https:\/\/zd-lendava.si\/hu\/egeszsegneveles\/pszichoedukacios-muhelyek\/\" data-type=\"page\" data-id=\"1863\">Tov\u00e1bb olvasok<\/a><\/p>\n\n<\/div>\n\n<div class=\"gb-container gb-container-bda905dd gb-has-gradient align-content-end my-4\">\n\n<h3 class=\"wp-block-heading\">SVIT-t\u00e1mogat\u00e1s<\/h3>\n\n\n\n<p>T\u00e1mogat\u00e1s \u00e9s t\u00e1j\u00e9koztat\u00e1s a vastagb\u00e9l- \u00e9s v\u00e9gb\u00e9lr\u00e1k korai felismer\u00e9s\u00e9t c\u00e9lz\u00f3 SVIT programr\u00f3l.<\/p>\n\n\n\n<p class=\"btn btn-secondary mt-4 fit-content\"><a href=\"https:\/\/zd-lendava.si\/hu\/egeszsegneveles\/svit-tamogatas\/\" data-type=\"page\" data-id=\"1862\">Tov\u00e1bb olvasok<\/a><\/p>\n\n<\/div>\n\n<div class=\"gb-container gb-container-ed5c6c2b gb-has-gradient align-content-end my-4\">\n\n<h3 class=\"wp-block-heading\">Gyerekek \u00e9s fiatalok eg\u00e9szs\u00e9gnevel\u00e9se<\/h3>\n\n\n\n<p>A gyermekek \u00e9s serd\u00fcl\u0151k eg\u00e9szs\u00e9ges \u00e9letm\u00f3ddal, higi\u00e9ni\u00e1val \u00e9s megel\u0151z\u00e9ssel kapcsolatos oktat\u00e1s\u00e1val kapcsolatos programok.<\/p>\n\n\n\n<p class=\"btn btn-secondary mt-4 fit-content\"><a href=\"https:\/\/zd-lendava.si\/hu\/egeszsegneveles\/gyerekek-es-fiatalok-egeszsegtudatra-nevelese\/\" data-type=\"page\" data-id=\"1861\">Tov\u00e1bb olvasok<\/a><\/p>\n\n<\/div>\n\n<div class=\"gb-container gb-container-26e84d2a gb-has-gradient align-content-end my-4\">\n\n<h3 class=\"wp-block-heading\">Sz\u00e1jhigi\u00e9niai nevel\u00e9s<\/h3>\n\n\n\n<p>M\u0171helyek \u00e9s k\u00e9pz\u00e9sek a sz\u00e1jhigi\u00e9nia fenntart\u00e1sa \u00e9s jav\u00edt\u00e1sa \u00e9rdek\u00e9ben minden korcsoport sz\u00e1m\u00e1ra.<\/p>\n\n\n\n<p class=\"btn btn-secondary mt-4 fit-content\"><a href=\"https:\/\/zd-lendava.si\/hu\/egeszsegneveles\/fogegeszsegugyi-neveles\/\" data-type=\"page\" data-id=\"1860\">Tov\u00e1bb olvasok<\/a><\/p>\n\n<\/div>\n<\/div>","protected":false},"excerpt":{"rendered":"<p>M\u0171helyek \u00e9s k\u00e9pz\u00e9sek a sz\u00e1jhigi\u00e9nia fenntart\u00e1sa \u00e9s jav\u00edt\u00e1sa \u00e9rdek\u00e9ben minden korcsoport sz\u00e1m\u00e1ra.<\/p>\n","protected":false},"author":5,"featured_media":0,"parent":1872,"menu_order":59,"comment_status":"closed","ping_status":"closed","template":"","meta":{"_acf_changed":false,"footnotes":""},"class_list":["post-1860","page","type-page","status-publish","hentry"],"acf":[],"_links":{"self":[{"href":"https:\/\/zd-lendava.si\/hu\/wp-json\/wp\/v2\/pages\/1860","targetHints":{"allow":["GET"]}}],"collection":[{"href":"https:\/\/zd-lendava.si\/hu\/wp-json\/wp\/v2\/pages"}],"about":[{"href":"https:\/\/zd-lendava.si\/hu\/wp-json\/wp\/v2\/types\/page"}],"author":[{"embeddable":true,"href":"https:\/\/zd-lendava.si\/hu\/wp-json\/wp\/v2\/users\/5"}],"replies":[{"embeddable":true,"href":"https:\/\/zd-lendava.si\/hu\/wp-json\/wp\/v2\/comments?post=1860"}],"version-history":[{"count":0,"href":"https:\/\/zd-lendava.si\/hu\/wp-json\/wp\/v2\/pages\/1860\/revisions"}],"up":[{"embeddable":true,"href":"https:\/\/zd-lendava.si\/hu\/wp-json\/wp\/v2\/pages\/1872"}],"wp:attachment":[{"href":"https:\/\/zd-lendava.si\/hu\/wp-json\/wp\/v2\/media?parent=1860"}],"curies":[{"name":"wp","href":"https:\/\/api.w.org\/{rel}","templated":true}]}}