{"id":1861,"date":"2024-06-18T10:22:21","date_gmt":"2024-06-18T08:22:21","guid":{"rendered":"http:\/\/zd-lendava.razvija.se\/zdravstvena-vzgoja-otrok-in-mladostnikov\/"},"modified":"2024-09-18T13:03:23","modified_gmt":"2024-09-18T11:03:23","slug":"gyerekek-es-fiatalok-egeszsegtudatra-nevelese","status":"publish","type":"page","link":"https:\/\/zd-lendava.si\/hu\/egeszsegneveles\/gyerekek-es-fiatalok-egeszsegtudatra-nevelese\/","title":{"rendered":"Gyerekek \u00e9s fiatalok eg\u00e9szs\u00e9gtudatra nevel\u00e9se"},"content":{"rendered":"<div class=\"gb-container gb-container-95e2b790 gap-4 mx-auto\">\n<div class=\"gb-container gb-container-8a1f6544\">\n<div class=\"gb-container gb-container-9ec0f99d\">\n\n<h3 class=\"wp-block-heading\"><strong>Eg\u00e9szs\u00e9g\u00fcnk a legnagyobb kincs, ami nem v\u00e1s\u00e1rolhat\u00f3 meg, de fel\u00e9p\u00edthet\u0151. Eg\u00e9sz \u00e9let\u00fcnkben \u00e9p\u00edthetj\u00fck.<\/strong><\/h3>\n\n<\/div>\n\n<div class=\"gb-container gb-container-c212757b\">\n\n<p>Tudat\u00e1ban vagyunk annak, hogy gyerekeink eg\u00e9szs\u00e9g\u00e9t\u0151l f\u00fcgg, mennyire lesz eg\u00e9szs\u00e9ges j\u00f6v\u0151beni t\u00e1rsadalmunk. Az iskol\u00e1skor a gyerekek gyors n\u00f6veked\u00e9s\u00e9nek \u00e9s fejl\u0151d\u00e9s\u00e9nek id\u0151szaka, ugyanakkor a k\u00fcl\u00f6nb\u00f6z\u0151 zavarok \u00e9s betegs\u00e9gek kialakul\u00e1s\u00e1t sz\u00e1mos k\u00f6rnyezeti, \u00e9letm\u00f3dbeli \u00e9s \u00e9tkez\u00e9si t\u00e9nyez\u0151 befoly\u00e1solja.<\/p>\n\n\n\n<p>Az \u00e1ltalunk biztos\u00edtott tev\u00e9kenys\u00e9g c\u00e9lja az \u00f3vod\u00e1s, \u00e1ltal\u00e1nos- \u00e9s k\u00f6z\u00e9piskol\u00e1s gyerekek \u00e9s fiatalok \u00e9s sz\u00fcleik eg\u00e9szs\u00e9gre nevel\u00e9se. A m\u0171helyfoglalkoz\u00e1sokat \u00e9s el\u0151ad\u00e1sokat a nevel\u00e9si-oktat\u00e1si int\u00e9zm\u00e9nyekben tartjuk.<\/p>\n\n\n\n<p>A program c\u00e9lja felkelteni a gyerekek \u00e9s a fiatalok eg\u00e9szs\u00e9ges \u00e9letm\u00f3d ir\u00e1nti \u00e9rdekl\u0151d\u00e9s\u00e9t, hogy k\u00e9pesek legyenek otthon \u00e9s az iskol\u00e1ban, majd k\u00e9s\u0151bb a mindennapi \u00e9letben is alkalmazni az eg\u00e9szs\u00e9ges \u00e9letm\u00f3dhoz sz\u00fcks\u00e9ges ismereteket.<\/p>\n\n\n\n<p>A foglalkoz\u00e1sokat <strong>tagozatonk\u00e9nt k\u00e9t iskola\u00f3r\u00e1ban<\/strong> tervezz\u00fck lebonyol\u00edtani. Mivel azonban a f\u0151 t\u00e9m\u00e1k tov\u00e1bbi t\u00e9m\u00e1kra bonthat\u00f3k, az int\u00e9zm\u00e9ny k\u00edv\u00e1ns\u00e1ga \u00e9s ig\u00e9nyei alapj\u00e1n, mind id\u0151tartamban, mind pedig tartalomban, az ig\u00e9nyeknek megfelel\u0151en igaz\u00edthat\u00f3k. Az aktu\u00e1lis t\u00e9m\u00e1k, illetve ig\u00e9nyek f\u00fcggv\u00e9ny\u00e9ben, <strong>el\u0151ad\u00e1sokat\/foglalkoz\u00e1sokat szervez\u00fcnk a sz\u00fcl\u0151knek \u00e9s a pedag\u00f3gusoknak<\/strong> is.<\/p>\n\n<\/div>\n\n<div class=\"gb-container gb-container-d51172bb\">\n\n<h3 class=\"wp-block-heading\">Az \u00d3vodai eg\u00e9szs\u00e9gnevel\u00e9si program tartalma:<\/h3>\n\n<\/div>\n\n\n<ol class=\"wp-block-list\">\n<li>Eg\u00e9szs\u00e9ges szok\u00e1sok \u2013 \u00e9tkez\u00e9s, mozg\u00e1s<\/li>\n\n\n\n<li>Biztons\u00e1g \u00e9s a s\u00e9r\u00fcl\u00e9sek megel\u0151z\u00e9se<\/li>\n\n\n\n<li>Fert\u0151z\u0151 betegs\u00e9gek megel\u0151z\u00e9se \u00e9s a szem\u00e9lyi higi\u00e9nia<\/li>\n<\/ol>\n\n\n\n<h3 class=\"wp-block-heading\">Kieg\u00e9sz\u00edt\u0151 tartalmak:<\/h3>\n\n\n\n<ol class=\"wp-block-list\">\n<li><\/li>\n<\/ol>\n\n\n\n<p><\/p>\n\n\n\n<ul class=\"wp-block-list\">\n<li>gyermekj\u00f3ga<\/li>\n\n\n\n<li>biztons\u00e1gosan a napon<\/li>\n<\/ul>\n\n\n<div class=\"gb-container gb-container-6fddca77\">\n\n<h3 class=\"wp-block-heading\">Az \u00c1ltal\u00e1nos iskolai eg\u00e9szs\u00e9gnevel\u00e9si program tartalma:<\/h3>\n\n<\/div>\n\n\n<ol class=\"wp-block-list\">\n<li>oszt\u00e1ly \u2013 Eg\u00e9szs\u00e9ges szok\u00e1sok<\/li>\n\n\n\n<li>oszt\u00e1ly \u2013 Szem\u00e9lyi higi\u00e9nia<\/li>\n\n\n\n<li>oszt\u00e1ly \u2013 Eg\u00e9szs\u00e9ges \u00e9letm\u00f3d<\/li>\n\n\n\n<li>oszt\u00e1ly \u2013 S\u00e9r\u00fcl\u00e9sek megel\u0151z\u00e9se<\/li>\n\n\n\n<li>oszt\u00e1ly \u2013 F\u00fcgg\u0151s\u00e9gek, szenved\u00e9lyek<\/li>\n\n\n\n<li>oszt\u00e1ly \u2013 Serd\u00fcl\u0151kor, feln\u0151tt\u00e9 v\u00e1l\u00e1s<\/li>\n\n\n\n<li>oszt\u00e1ly \u2013 Pozit\u00edv \u00f6n\u00e9rt\u00e9kel\u00e9s \u00e9s a stressz<\/li>\n\n\n\n<li>oszt\u00e1ly \u2013 Szem\u00e9lyes kapcsolatok<\/li>\n\n\n\n<li>oszt\u00e1ly \u2013 Eg\u00e9szs\u00e9ges nemi \u00e9letre nevel\u00e9s<\/li>\n<\/ol>\n\n\n\n<h3 class=\"wp-block-heading\">Kieg\u00e9sz\u00edt\u0151 tartalmak:<\/h3>\n\n\n\n<ul class=\"wp-block-list\">\n<li>A fogantat\u00e1st\u00f3l a megsz\u00fclet\u00e9sig<\/li>\n\n\n\n<li>Az AED defibril\u00e1torral t\u00f6rt\u00e9n\u0151 \u00fajj\u00e1\u00e9leszt\u00e9s alapjai<\/li>\n\n\n\n<li>J\u00f3ga gyerekeknek<\/li>\n\n\n\n<li>Serd\u00fcl\u0151kor<\/li>\n<\/ul>\n\n\n<div class=\"gb-container gb-container-54c5b435\">\n\n<h3 class=\"wp-block-heading\">Saj\u00e1tos ig\u00e9ny\u0171 gyerekeket nevel\u0151 int\u00e9zm\u00e9nyeknek k\u00edn\u00e1lt tartalmak:<\/h3>\n\n<\/div>\n\n\n<ul class=\"wp-block-list\">\n<li>Szem\u00e9lyi higi\u00e9nia<\/li>\n\n\n\n<li>Test\u00fcnk fejl\u0151d\u00e9se<\/li>\n\n\n\n<li>S\u00e9r\u00fcl\u00e9sek megel\u0151z\u00e9se<\/li>\n\n\n\n<li>F\u00fcgg\u0151s\u00e9gek, szenved\u00e9lybetegs\u00e9gek<\/li>\n\n\n\n<li>Kapcsolatok<\/li>\n<\/ul>\n\n\n<div class=\"gb-container gb-container-f131318b\">\n\n<h3 class=\"wp-block-heading\">K\u00f6z\u00e9piskolai eg\u00e9szs\u00e9gnevel\u00e9si program tartalma:<\/h3>\n\n<\/div>\n\n\n<ul class=\"wp-block-list\">\n<li>Szem\u00e9lyi higi\u00e9nia, \u00e9s hogyan viszonyulunk a test\u00fcnkh\u00f6z<\/li>\n\n\n\n<li>Szem\u00e9lyes kapcsolatok \u00e9s \u00f6n\u00e9rt\u00e9kel\u00e9s<\/li>\n\n\n\n<li>Az AED defibril\u00e1torral t\u00f6rt\u00e9n\u0151 \u00fajj\u00e1\u00e9leszt\u00e9s alapjai<\/li>\n\n\n\n<li>Hogyan hatnak test\u00fcnkre a \u201eszerek\u201d<\/li>\n\n\n\n<li>Eg\u00e9szs\u00e9ges nemi \u00e9letre nevel\u00e9s<\/li>\n<\/ul>\n\n\n\n<ul class=\"wp-block-list\">\n<li><\/li>\n<\/ul>\n\n<\/div>\n\n<div class=\"gb-container gb-container-e4a09945 special has-shadow side-box\">\n\n<h4 class=\"wp-block-heading\">Program izvaja<\/h4>\n\n\n<div class=\"gb-container gb-container-1295eccd special\">\n\n<div class=\"wp-block-group\"><div class=\"wp-block-group__inner-container is-layout-constrained wp-block-group-is-layout-constrained\">\n<p>Melita Oros, okleveles eg\u00e9szs\u00e9g\u00fcgyi n\u0151v\u00e9r<\/p>\n\n\n\n<p class=\"mt-2 fs-5 has-link\"><a href=\"tel:025789290\">02 57 89 290<\/a><\/p>\n\n\n\n<p class=\"fs-5 has-link\"><a href=\"mailto:melita.oros@zd-lendava.si\">melita.oros@zd-lendava.si<\/a><\/p>\n<\/div><\/div>\n\n<\/div>\n<\/div>\n<\/div>\n\n<div class=\"gb-container gb-container-1427b816 mx-auto\">\n<div class=\"gb-container gb-container-ce573d7e gb-has-gradient align-content-end my-4\">\n\n<h3 class=\"wp-block-heading\">Eg\u00e9szs\u00e9ges \u00e9letm\u00f3d<\/h3>\n\n\n\n<p>Programok \u00e9s tan\u00e1csad\u00e1s az eg\u00e9szs\u00e9ges \u00e9letm\u00f3d fenntart\u00e1s\u00e1ra \u00e9s jav\u00edt\u00e1s\u00e1ra, k\u00fcl\u00f6n\u00f6s tekintettel a t\u00e1pl\u00e1lkoz\u00e1sra, a testmozg\u00e1sra \u00e9s a ment\u00e1lis eg\u00e9szs\u00e9gre.<\/p>\n\n\n\n<p class=\"btn btn-secondary mt-4 fit-content\"><a href=\"https:\/\/zd-lendava.si\/hu\/egeszsegneveles\/egeszseges-eletmod\/\" data-type=\"page\" data-id=\"1866\">Tov\u00e1bb olvasok<\/a><\/p>\n\n<\/div>\n\n<div class=\"gb-container gb-container-d2621555 gb-has-gradient align-content-end my-4\">\n\n<h3 class=\"wp-block-heading\">Mozg\u00e1sfoglalkoz\u00e1sok<\/h3>\n\n\n\n<p>A fizikai aktivit\u00e1st el\u0151seg\u00edt\u0151, k\u00fcl\u00f6nb\u00f6z\u0151 korcsoportokra \u00e9s fitts\u00e9gi szintekre szabott foglalkoz\u00e1sok.<\/p>\n\n\n\n<p class=\"btn btn-secondary mt-4 fit-content\"><a href=\"https:\/\/zd-lendava.si\/hu\/egeszsegneveles\/mozgasfoglalkozasok\/\" data-type=\"page\" data-id=\"1865\">Tov\u00e1bb olvasok<\/a><\/p>\n\n<\/div>\n\n<div class=\"gb-container gb-container-4ce202fb gb-has-gradient align-content-end my-4\">\n\n<h3 class=\"wp-block-heading\"><strong>Pszichoeduk\u00e1ci\u00f3s foglalkoz\u00e1sok<\/strong><\/h3>\n\n\n\n<p>A ment\u00e1lis eg\u00e9szs\u00e9g jav\u00edt\u00e1s\u00e1t \u00e9s a stressz, a szorong\u00e1s \u00e9s m\u00e1s pszichol\u00f3giai kih\u00edv\u00e1sok kezel\u00e9s\u00e9t seg\u00edt\u0151 foglalkoz\u00e1sok.<\/p>\n\n\n\n<p class=\"btn btn-secondary mt-4 fit-content\"><a href=\"https:\/\/zd-lendava.si\/hu\/egeszsegneveles\/pszichoedukacios-muhelyek\/\" data-type=\"page\" data-id=\"1863\">Tov\u00e1bb olvasok<\/a><\/p>\n\n<\/div>\n\n<div class=\"gb-container gb-container-bda905dd gb-has-gradient align-content-end my-4\">\n\n<h3 class=\"wp-block-heading\">SVIT-t\u00e1mogat\u00e1s<\/h3>\n\n\n\n<p>T\u00e1mogat\u00e1s \u00e9s t\u00e1j\u00e9koztat\u00e1s a vastagb\u00e9l- \u00e9s v\u00e9gb\u00e9lr\u00e1k korai felismer\u00e9s\u00e9t c\u00e9lz\u00f3 SVIT programr\u00f3l.<\/p>\n\n\n\n<p class=\"btn btn-secondary mt-4 fit-content\"><a href=\"https:\/\/zd-lendava.si\/hu\/egeszsegneveles\/svit-tamogatas\/\" data-type=\"page\" data-id=\"1862\">Tov\u00e1bb olvasok<\/a><\/p>\n\n<\/div>\n\n<div class=\"gb-container gb-container-ed5c6c2b gb-has-gradient align-content-end my-4\">\n\n<h3 class=\"wp-block-heading\">Gyerekek \u00e9s fiatalok eg\u00e9szs\u00e9gnevel\u00e9se<\/h3>\n\n\n\n<p>A gyermekek \u00e9s serd\u00fcl\u0151k eg\u00e9szs\u00e9ges \u00e9letm\u00f3ddal, higi\u00e9ni\u00e1val \u00e9s megel\u0151z\u00e9ssel kapcsolatos oktat\u00e1s\u00e1val kapcsolatos programok.<\/p>\n\n\n\n<p class=\"btn btn-secondary mt-4 fit-content\"><a href=\"https:\/\/zd-lendava.si\/hu\/egeszsegneveles\/gyerekek-es-fiatalok-egeszsegtudatra-nevelese\/\" data-type=\"page\" data-id=\"1861\">Tov\u00e1bb olvasok<\/a><\/p>\n\n<\/div>\n\n<div class=\"gb-container gb-container-26e84d2a gb-has-gradient align-content-end my-4\">\n\n<h3 class=\"wp-block-heading\">Sz\u00e1jhigi\u00e9niai nevel\u00e9s<\/h3>\n\n\n\n<p>M\u0171helyek \u00e9s k\u00e9pz\u00e9sek a sz\u00e1jhigi\u00e9nia fenntart\u00e1sa \u00e9s jav\u00edt\u00e1sa \u00e9rdek\u00e9ben minden korcsoport sz\u00e1m\u00e1ra.<\/p>\n\n\n\n<p class=\"btn btn-secondary mt-4 fit-content\"><a href=\"https:\/\/zd-lendava.si\/hu\/egeszsegneveles\/fogegeszsegugyi-neveles\/\" data-type=\"page\" data-id=\"1860\">Tov\u00e1bb olvasok<\/a><\/p>\n\n<\/div>\n<\/div>","protected":false},"excerpt":{"rendered":"<p>A gyermekek \u00e9s serd\u00fcl\u0151k eg\u00e9szs\u00e9ges \u00e9letm\u00f3ddal, higi\u00e9ni\u00e1val \u00e9s megel\u0151z\u00e9ssel kapcsolatos oktat\u00e1s\u00e1val kapcsolatos programok.<\/p>\n","protected":false},"author":5,"featured_media":0,"parent":1872,"menu_order":63,"comment_status":"closed","ping_status":"closed","template":"","meta":{"_acf_changed":false,"footnotes":""},"class_list":["post-1861","page","type-page","status-publish","hentry"],"acf":[],"_links":{"self":[{"href":"https:\/\/zd-lendava.si\/hu\/wp-json\/wp\/v2\/pages\/1861","targetHints":{"allow":["GET"]}}],"collection":[{"href":"https:\/\/zd-lendava.si\/hu\/wp-json\/wp\/v2\/pages"}],"about":[{"href":"https:\/\/zd-lendava.si\/hu\/wp-json\/wp\/v2\/types\/page"}],"author":[{"embeddable":true,"href":"https:\/\/zd-lendava.si\/hu\/wp-json\/wp\/v2\/users\/5"}],"replies":[{"embeddable":true,"href":"https:\/\/zd-lendava.si\/hu\/wp-json\/wp\/v2\/comments?post=1861"}],"version-history":[{"count":0,"href":"https:\/\/zd-lendava.si\/hu\/wp-json\/wp\/v2\/pages\/1861\/revisions"}],"up":[{"embeddable":true,"href":"https:\/\/zd-lendava.si\/hu\/wp-json\/wp\/v2\/pages\/1872"}],"wp:attachment":[{"href":"https:\/\/zd-lendava.si\/hu\/wp-json\/wp\/v2\/media?parent=1861"}],"curies":[{"name":"wp","href":"https:\/\/api.w.org\/{rel}","templated":true}]}}