{"id":1862,"date":"2024-06-18T10:17:26","date_gmt":"2024-06-18T08:17:26","guid":{"rendered":"http:\/\/zd-lendava.razvija.se\/svitova-podpora\/"},"modified":"2024-09-24T10:18:13","modified_gmt":"2024-09-24T08:18:13","slug":"svit-tamogatas","status":"publish","type":"page","link":"https:\/\/zd-lendava.si\/hu\/egeszsegneveles\/svit-tamogatas\/","title":{"rendered":"SVIT-T\u00c1MOGAT\u00c1S"},"content":{"rendered":"<div class=\"gb-container gb-container-95e2b790 gap-4 mx-auto\">\n<div class=\"gb-container gb-container-8a1f6544\">\n<div class=\"gb-container gb-container-d2482f07\">\n\n<h3 class=\"wp-block-heading\">A r\u00e1kot megel\u0151z\u0151 elv\u00e1ltoz\u00e1sokat, valamint a vastagb\u00e9l- \u00e9s v\u00e9gb\u00e9lr\u00e1k korai kimutat\u00e1s\u00e1t szolg\u00e1l\u00f3 orsz\u00e1gos sz\u0171r\u0151program.<\/h3>\n\n<\/div>\n\n\n<figure class=\"wp-block-image size-full is-resized\"><a href=\"https:\/\/www.program-svit.si\/\" target=\"_blank\" rel=\"noreferrer noopener\"><img loading=\"lazy\" decoding=\"async\" width=\"676\" height=\"300\" src=\"https:\/\/zd-lendava.si\/wp-content\/uploads\/2024\/07\/svitova-podpora.png\" alt=\"\" class=\"wp-image-1775\" style=\"width:451px;height:auto\"\/><\/a><\/figure>\n\n\n\n<p>A program az 50-74 \u00e9ves koroszt\u00e1ly sz\u00e1m\u00e1ra k\u00e9sz\u00fcl.<\/p>\n\n\n<div class=\"gb-container gb-container-c212757b\">\n\n<p>Aki t\u00f6bbet szeretne megtudni a \u200b\u200b Svit\u200b\u200b programr\u00f3l, h\u00edvjon benn\u00fcnket munkanapokon\u200b\u200b 8 \u00e9s 14 \u00f3ra k\u00f6z\u00f6tt\u200b a 02\/5789 290\u200b\u200b telefonsz\u00e1mon (t\u00e1voll\u00e9t\u00fcnk eset\u00e9ben visszah\u00edvjuk) vagy el\u0151zetes egyeztet\u00e9s ut\u00e1n keressen fel benn\u00fcnket a\u200b\u200b Lendvai Eg\u00e9szs\u00e9gnevel\u00e9si K\u00f6zpontban.<\/p>\n\n<\/div>\n<\/div>\n\n<div class=\"gb-container gb-container-e4a09945 special has-shadow side-box\">\n\n<h4 class=\"wp-block-heading\">Kapcsolatba l\u00e9pni<\/h4>\n\n\n\n<div class=\"wp-block-group d-flex mt-2 is-content-justification-space-between is-nowrap is-layout-flex wp-container-core-group-is-layout-0dfbf163 wp-block-group-is-layout-flex\">\n<p class=\"fs-5 fw-medium fit-content\">H\u00e9tf\u0151<\/p>\n\n\n\n<p class=\"fs-5  fit-content\">08:00 &#8211; 14:00<\/p>\n<\/div>\n\n\n\n<div class=\"wp-block-group d-flex mt-2 is-content-justification-space-between is-nowrap is-layout-flex wp-container-core-group-is-layout-0dfbf163 wp-block-group-is-layout-flex\">\n<p class=\"fs-5 fw-medium fit-content\">Kedd<\/p>\n\n\n\n<p class=\"fs-5  fit-content\">08:00 &#8211; 14:00<\/p>\n<\/div>\n\n\n\n<div class=\"wp-block-group d-flex mt-2 is-content-justification-space-between is-nowrap is-layout-flex wp-container-core-group-is-layout-0dfbf163 wp-block-group-is-layout-flex\">\n<p class=\"fs-5 fw-medium fit-content\">Szerda<\/p>\n\n\n\n<p class=\"fs-5  fit-content\">08:00 &#8211; 14:00<\/p>\n<\/div>\n\n\n\n<div class=\"wp-block-group d-flex mt-2 is-content-justification-space-between is-nowrap is-layout-flex wp-container-core-group-is-layout-0dfbf163 wp-block-group-is-layout-flex\">\n<p class=\"fs-5 fw-medium fit-content\">Cs\u00fct\u00f6rt\u00f6k<\/p>\n\n\n\n<p class=\"fs-5  fit-content\">08:00 &#8211; 14:00<\/p>\n<\/div>\n\n\n\n<div class=\"wp-block-group d-flex mt-2 is-content-justification-space-between is-nowrap is-layout-flex wp-container-core-group-is-layout-0dfbf163 wp-block-group-is-layout-flex\">\n<p class=\"fs-5 fw-medium fit-content\">P\u00e9ntek<\/p>\n\n\n\n<p class=\"fs-5  fit-content\">08:00 &#8211; 14:00<\/p>\n<\/div>\n\n\n<div class=\"gb-container gb-container-1295eccd special\">\n\n<div class=\"wp-block-group\"><div class=\"wp-block-group__inner-container is-layout-constrained wp-block-group-is-layout-constrained\">\n<p>Tja\u0161a Tkalec<\/p>\n\n\n\n<p class=\"mt-1 fs-5\">okl. n\u0151v\u00e9r<\/p>\n\n\n\n<p class=\"mt-2 fs-5 has-link\"><a href=\"tel:025789290\">070 640 563<\/a><\/p>\n\n\n\n<p class=\"fs-5 has-link\"><a href=\"mailto:tjasa.tkalec@zd-lendava.si\">tjasa.tkalec@zd-lendava.si<\/a><\/p>\n<\/div><\/div>\n\n<\/div>\n\n<div class=\"gb-container gb-container-9fff4827 special\">\n\n<p><strong>Mert okos dolog vigy\u00e1zni a fenek\u00fcnkre!<\/strong><\/p>\n\n\n\n<p>Tov\u00e1bbi inform\u00e1ci\u00f3k a SVIT programr\u00f3l az al\u00e1bbi <a href=\"https:\/\/www.program-svit.si\/\" target=\"_blank\" rel=\"noopener\">linken<\/a>.<\/p>\n\n\n\n<div style=\"height:20px\" aria-hidden=\"true\" class=\"wp-block-spacer\"><\/div>\n\n\n<div class=\"gb-container gb-container-80919704 special\">\n\n<p><strong>Eg\u00e9szs\u00e9gnevel\u00e9si K\u00f6zpont kiadv\u00e1nya<\/strong><\/p>\n\n\n\n<p class=\"fs-5\">A bros\u00far\u00e1t megtekintheti <a href=\"https:\/\/zd-lendava.si\/wp-content\/uploads\/2024\/06\/ZVC-brosura.pdf\" target=\"_blank\" rel=\"noreferrer noopener\">itt<\/a>.\u200b<\/p>\n\n<\/div>\n<\/div>\n\n<div class=\"gb-container gb-container-b1d7cfda\">\n\n<figure class=\"wp-block-image size-full is-resized\"><a href=\"https:\/\/www.program-svit.si\/\" target=\"_blank\" rel=\"noreferrer noopener\"><img loading=\"lazy\" decoding=\"async\" width=\"381\" height=\"171\" src=\"https:\/\/zd-lendava.si\/wp-content\/uploads\/2024\/07\/logotip-svit.png\" alt=\"\" class=\"wp-image-1782\" style=\"object-fit:cover;width:161px;height:auto\"\/><\/a><\/figure>\n\n<\/div>\n<\/div>\n<\/div>\n\n<div class=\"gb-container gb-container-1427b816 mx-auto\">\n<div class=\"gb-container gb-container-ce573d7e gb-has-gradient align-content-end my-4\">\n\n<h3 class=\"wp-block-heading\">Eg\u00e9szs\u00e9ges \u00e9letm\u00f3d<\/h3>\n\n\n\n<p>Programok \u00e9s tan\u00e1csad\u00e1s az eg\u00e9szs\u00e9ges \u00e9letm\u00f3d fenntart\u00e1s\u00e1ra \u00e9s jav\u00edt\u00e1s\u00e1ra, k\u00fcl\u00f6n\u00f6s tekintettel a t\u00e1pl\u00e1lkoz\u00e1sra, a testmozg\u00e1sra \u00e9s a ment\u00e1lis eg\u00e9szs\u00e9gre.<\/p>\n\n\n\n<p class=\"btn btn-secondary mt-4 fit-content\"><a href=\"https:\/\/zd-lendava.si\/hu\/egeszsegneveles\/egeszseges-eletmod\/\" data-type=\"page\" data-id=\"1866\">Tov\u00e1bb olvasok<\/a><\/p>\n\n<\/div>\n\n<div class=\"gb-container gb-container-d2621555 gb-has-gradient align-content-end my-4\">\n\n<h3 class=\"wp-block-heading\">Mozg\u00e1sfoglalkoz\u00e1sok<\/h3>\n\n\n\n<p>A fizikai aktivit\u00e1st el\u0151seg\u00edt\u0151, k\u00fcl\u00f6nb\u00f6z\u0151 korcsoportokra \u00e9s fitts\u00e9gi szintekre szabott foglalkoz\u00e1sok.<\/p>\n\n\n\n<p class=\"btn btn-secondary mt-4 fit-content\"><a href=\"https:\/\/zd-lendava.si\/hu\/egeszsegneveles\/mozgasfoglalkozasok\/\" data-type=\"page\" data-id=\"1865\">Tov\u00e1bb olvasok<\/a><\/p>\n\n<\/div>\n\n<div class=\"gb-container gb-container-4ce202fb gb-has-gradient align-content-end my-4\">\n\n<h3 class=\"wp-block-heading\"><strong>Pszichoeduk\u00e1ci\u00f3s foglalkoz\u00e1sok<\/strong><\/h3>\n\n\n\n<p>A ment\u00e1lis eg\u00e9szs\u00e9g jav\u00edt\u00e1s\u00e1t \u00e9s a stressz, a szorong\u00e1s \u00e9s m\u00e1s pszichol\u00f3giai kih\u00edv\u00e1sok kezel\u00e9s\u00e9t seg\u00edt\u0151 foglalkoz\u00e1sok.<\/p>\n\n\n\n<p class=\"btn btn-secondary mt-4 fit-content\"><a href=\"https:\/\/zd-lendava.si\/hu\/egeszsegneveles\/pszichoedukacios-muhelyek\/\" data-type=\"page\" data-id=\"1863\">Tov\u00e1bb olvasok<\/a><\/p>\n\n<\/div>\n\n<div class=\"gb-container gb-container-bda905dd gb-has-gradient align-content-end my-4\">\n\n<h3 class=\"wp-block-heading\">SVIT-t\u00e1mogat\u00e1s<\/h3>\n\n\n\n<p>T\u00e1mogat\u00e1s \u00e9s t\u00e1j\u00e9koztat\u00e1s a vastagb\u00e9l- \u00e9s v\u00e9gb\u00e9lr\u00e1k korai felismer\u00e9s\u00e9t c\u00e9lz\u00f3 SVIT programr\u00f3l.<\/p>\n\n\n\n<p class=\"btn btn-secondary mt-4 fit-content\"><a href=\"https:\/\/zd-lendava.si\/hu\/egeszsegneveles\/svit-tamogatas\/\" data-type=\"page\" data-id=\"1862\">Tov\u00e1bb olvasok<\/a><\/p>\n\n<\/div>\n\n<div class=\"gb-container gb-container-ed5c6c2b gb-has-gradient align-content-end my-4\">\n\n<h3 class=\"wp-block-heading\">Gyerekek \u00e9s fiatalok eg\u00e9szs\u00e9gnevel\u00e9se<\/h3>\n\n\n\n<p>A gyermekek \u00e9s serd\u00fcl\u0151k eg\u00e9szs\u00e9ges \u00e9letm\u00f3ddal, higi\u00e9ni\u00e1val \u00e9s megel\u0151z\u00e9ssel kapcsolatos oktat\u00e1s\u00e1val kapcsolatos programok.<\/p>\n\n\n\n<p class=\"btn btn-secondary mt-4 fit-content\"><a href=\"https:\/\/zd-lendava.si\/hu\/egeszsegneveles\/gyerekek-es-fiatalok-egeszsegtudatra-nevelese\/\" data-type=\"page\" data-id=\"1861\">Tov\u00e1bb olvasok<\/a><\/p>\n\n<\/div>\n\n<div class=\"gb-container gb-container-26e84d2a gb-has-gradient align-content-end my-4\">\n\n<h3 class=\"wp-block-heading\">Sz\u00e1jhigi\u00e9niai nevel\u00e9s<\/h3>\n\n\n\n<p>M\u0171helyek \u00e9s k\u00e9pz\u00e9sek a sz\u00e1jhigi\u00e9nia fenntart\u00e1sa \u00e9s jav\u00edt\u00e1sa \u00e9rdek\u00e9ben minden korcsoport sz\u00e1m\u00e1ra.<\/p>\n\n\n\n<p class=\"btn btn-secondary mt-4 fit-content\"><a href=\"https:\/\/zd-lendava.si\/hu\/egeszsegneveles\/fogegeszsegugyi-neveles\/\" data-type=\"page\" data-id=\"1860\">Tov\u00e1bb olvasok<\/a><\/p>\n\n<\/div>\n<\/div>","protected":false},"excerpt":{"rendered":"<p>T\u00e1mogat\u00e1s \u00e9s t\u00e1j\u00e9koztat\u00e1s a vastagb\u00e9l- \u00e9s v\u00e9gb\u00e9lr\u00e1k korai felismer\u00e9s\u00e9t c\u00e9lz\u00f3 SVIT programr\u00f3l.<\/p>\n","protected":false},"author":4,"featured_media":0,"parent":1872,"menu_order":57,"comment_status":"closed","ping_status":"closed","template":"","meta":{"_acf_changed":false,"footnotes":""},"class_list":["post-1862","page","type-page","status-publish","hentry"],"acf":[],"_links":{"self":[{"href":"https:\/\/zd-lendava.si\/hu\/wp-json\/wp\/v2\/pages\/1862","targetHints":{"allow":["GET"]}}],"collection":[{"href":"https:\/\/zd-lendava.si\/hu\/wp-json\/wp\/v2\/pages"}],"about":[{"href":"https:\/\/zd-lendava.si\/hu\/wp-json\/wp\/v2\/types\/page"}],"author":[{"embeddable":true,"href":"https:\/\/zd-lendava.si\/hu\/wp-json\/wp\/v2\/users\/4"}],"replies":[{"embeddable":true,"href":"https:\/\/zd-lendava.si\/hu\/wp-json\/wp\/v2\/comments?post=1862"}],"version-history":[{"count":0,"href":"https:\/\/zd-lendava.si\/hu\/wp-json\/wp\/v2\/pages\/1862\/revisions"}],"up":[{"embeddable":true,"href":"https:\/\/zd-lendava.si\/hu\/wp-json\/wp\/v2\/pages\/1872"}],"wp:attachment":[{"href":"https:\/\/zd-lendava.si\/hu\/wp-json\/wp\/v2\/media?parent=1862"}],"curies":[{"name":"wp","href":"https:\/\/api.w.org\/{rel}","templated":true}]}}