{"id":1867,"date":"2024-06-18T07:40:06","date_gmt":"2024-06-18T05:40:06","guid":{"rendered":"http:\/\/zd-lendava.razvija.se\/izjava-o-dostopnosti\/"},"modified":"2026-02-05T16:00:55","modified_gmt":"2026-02-05T15:00:55","slug":"akadalymentessegi-nyilatkozat","status":"publish","type":"page","link":"https:\/\/zd-lendava.si\/hu\/akadalymentessegi-nyilatkozat\/","title":{"rendered":"Akad\u00e1lymentess\u00e9gi nyilatkozat (csak szlov\u00e9n nyelven)"},"content":{"rendered":"<div class=\"gb-container gb-container-7fc080d5\">\n\n<p>Ta izjava o dostopnosti se nana\u0161a na spletno mesto Zdravstveni dom Lendava (<a href=\"https:\/\/www.zd-lendava.si\/\">https:\/\/www.zd-lendava.si<\/a>), za katerega skrbi Zdravstveni dom Lendava \u2013 Eg\u00e9szs\u00e9gh\u00e1z Lendva (v nadaljevanju: ZD Lendava)<\/p>\n\n\n\n<h2 class=\"wp-block-heading\"><strong>1. Uvodno o dostopnosti<\/strong><\/h2>\n\n\n\n<p>Vsem, ki obi\u0161\u010dete spletno mesto Zdravstveni dom Lendava (<a href=\"https:\/\/www.zd-lendava.si\/\">https:\/\/www.zd-lendava.si<\/a>), \u017eelimo, da se po\u010dutite dobrodo\u0161le in imate dobro uporabni\u0161ko izku\u0161njo.<\/p>\n\n\n\n<p>Spletno mesto \u017eelimo pribli\u017eati naj\u0161ir\u0161emu krogu uporabnikom, zato je oblikovano v skladu z Zakonom o dostopnosti spleti\u0161\u010d in mobilnih aplikacij in Direktivo EU 2016\/2102 Evropskega parlamenta in Sveta, torej tako, da so vsebine prilagojene za uporabo slepim in slabovidnim, gluhim, ljudem z disleksijo in uporabnikom z motnjami razumevanja (v nadaljevanju: ranljive skupine).<\/p>\n\n\n\n<p>Da bi zagotovili pozitivno uporabni\u0161ko izku\u0161njo spletnih mest in mobilnih aplikacij Zdravstvenega doma Lendava za vse uporabnike, smo pri izdelavi sledili smernicam WCAG 2.1. Slednje predstavljajo skupek smernic in standardov, katerih osnovni namen je vi\u0161ja dostopnost vsebin, objavljenih na spletu za ranljive skupine.<\/p>\n\n\n\n<h2 class=\"wp-block-heading\"><strong>2. Nabor storitev za dostopnost<\/strong><\/h2>\n\n\n\n<p>Spletno mesto Zdravstveni dom Lendava (<a href=\"https:\/\/www.zd-lendava.si\/\">https:\/\/www.zd-lendava.si<\/a>) vam omogo\u010da:<\/p>\n\n\n\n<ul class=\"wp-block-list\">\n<li>izbiro velikosti pisave (preko gumba \u00bbDostopnost\u00ab na doma\u010di strani),<\/li>\n\n\n\n<li>izbiro barvne sheme spletnega mesta (preko gumba \u00bbDostopnost\u00ab na doma\u010di strani),<\/li>\n\n\n\n<li>mo\u017enost izbire pod\u010drtanih povezav spletnega mesta (preko gumba \u00bbDostopnost\u00ab na doma\u010di strani),<\/li>\n\n\n\n<li>spletno mesto ima iskalnik, ki je postavljen na vidno mesto,<\/li>\n\n\n\n<li>spletno mesto je optimizirano in dostopno za razli\u010dne naprave: mobilne telefone, tabli\u010dne ali namizne oziroma prenosne ra\u010dunalnike,<\/li>\n\n\n\n<li>spleti\u0161\u010de deluje predvidljivo.<\/li>\n<\/ul>\n\n\n\n<h2 class=\"wp-block-heading\"><strong>3. Ocena skladnosti<\/strong><\/h2>\n\n\n\n<p>Spletno mesto Zdravstveni dom Lendava (<a href=\"https:\/\/www.zd-lendava.si\/\">https:\/\/www.zd-lendava.si<\/a>) je zaradi spodaj navedenih izjem delno skladno z Zakonom o dostopnosti spleti\u0161\u010d in mobilnih aplikacij.<\/p>\n\n\n\n<p>Trenutno spletno mesto Zdravstveni dom Lendava (<a href=\"https:\/\/www.zd-lendava.si\/\">https:\/\/www.zd-lendava.si<\/a>) \u0161e ni v celoti prilagojeno za uporabo ranljivim skupinam, saj bi bile za ZD Lendava finan\u010dne posledice oziroma \u010dasovni vlo\u017eek nesorazmerne s koristjo za uporabnika. V tem primeru lahko uporabniki do informacij dostopajo na druge na\u010dine (telefonsko, po e-po\u0161ti).<\/p>\n\n\n\n<h2 class=\"wp-block-heading\"><strong>4. Nedostopne vsebine na spletnem mestu \u2013 ocena nesorazmernega bremena<\/strong><\/h2>\n\n\n\n<p>Nekatere vsebine ne izpolnjujejo vseh zahtev glede dostopnosti. Razlog je v nesorazmernem bremenu, ki bi nastal za Zdravstveni dom Lendava. Zdravstveni dom Lendava nesorazmerno breme ocenjuje s tem, da bi bile finan\u010dne posledice nesorazmerne s koristjo za uporabnika, oziroma v tem primeru koristi za uporabnika ni. Vse informacije iz spletnega mesta so uporabnikom dostopne tudi na druge na\u010dine (telefonsko, osebni obisk).<\/p>\n\n\n\n<p>Primeri vsebin, ki ne izpolnjujejo vseh zahtev dostopnosti:<\/p>\n\n\n\n<ul class=\"wp-block-list\">\n<li>Nekateri vizualni elementi (predvsem fotografije in podobno) nimajo vpisanega optimalnega nadomestnega besedila. Njegovo dodajanje za nazaj bi predstavljalo nesorazmerno breme, saj se ve\u010dina objav nana\u0161a na dogajanje, ki je \u017ee preteklo in ne bi imelo sorazmerne uporabne vrednosti za uporabnika.<\/li>\n\n\n\n<li>Struktura tabel in naslovov (v sporo\u010dilih za javnost in v gradivih) ni vedno optimalna. Razlog je v nesorazmernem bremenu, ki ga organ ocenjuje s kadrovskim in finan\u010dnim bremenom, ki bi ga optimiziranje zahtevalo.<\/li>\n\n\n\n<li>Vse fotografije na spletnem mestu \u0161e niso opremljene z nadomestnim besedilom. Pri tem poudarjamo, da so fotografije v sporo\u010dilih za javnost in \u0161tevilnih gradivih zgolj dekorativne narave oziroma vizualno dopolnjujejo tekstovne vsebine, zato je do vseh vsebin mo\u017eno dostopati tudi brez uporabe fotografij ali njihovih nadomestnih besedil.<\/li>\n<\/ul>\n\n\n\n<h2 class=\"wp-block-heading\"><strong>5. Priprava izjave o dostopnosti<\/strong><\/h2>\n\n\n\n<p>Ta izjava je bila pripravljena 19. 4. 2023.<\/p>\n\n\n\n<p>Izjava je bila nazadnje pregledana 5. februarja 2026.<\/p>\n\n\n\n<p>Izjava je pripravljena na podlagi samoocene.<\/p>\n\n\n\n<h2 class=\"wp-block-heading\"><strong>6. Povratne in kontaktne informacije<\/strong><\/h2>\n\n\n\n<p>Zaradi zelo pogostih posodobitev vsebin lahko obiskovalci pri brskanju po spletnem mestu zd-lendava.si kljub prizadevanjem, da bi bile vse spletne strani \u010dim bolj dostopne in uporabnikom prijazne, naletijo na te\u017eave z dostopnostjo.<br>Obvestilo o morebitnih primerih neskladnosti objav z dolo\u010dili Zakona o dostopnosti spleti\u0161\u010d in mobilnih aplikacij in zahteve po posredovanju informacij v dostopni obliki lahko po\u0161ljete po navadni ali elektronski po\u0161ti na naslov Zdravstvenega doma Lendava.&nbsp;V svojem sporo\u010dilu navedite:<\/p>\n\n\n\n<ul class=\"wp-block-list\">\n<li>naravo va\u0161e te\u017eave z dostopnostjo,<\/li>\n\n\n\n<li>\u017eeleno obliko, v kateri \u017eelite prejeti informacije, in<\/li>\n\n\n\n<li>svoje kontaktne podatke.<\/li>\n<\/ul>\n\n\n\n<p>Vse informacije, ki so dostopne na spletnem mestu, lahko zainteresirana javnost dobi na:<\/p>\n\n\n\n<ul class=\"wp-block-list\">\n<li>telefonski \u0161tevilki&nbsp;<a href=\"tel:014789128\">02\/5789-210<\/a> ali<\/li>\n\n\n\n<li>na elektronskem naslovu&nbsp;<a href=\"https:\/\/www.zd-lendava.si\/predstavitev\/izjava-o-dostopnosti\/info@zd-lendava.si\">info@zd-lendava.si<\/a><\/li>\n<\/ul>\n\n\n\n<p>Odgovor boste prejeli v roku osmih dni od prejema obvestila oziroma pro\u0161nje. \u010ce v tem roku ne bomo mogli podati ustreznega odgovora, vam bomo sporo\u010dili, kdaj bo odgovor podan in razloge za zakasnitev odgovora.<\/p>\n\n\n\n<h2 class=\"wp-block-heading\"><strong>7. Izvr\u0161ilni postopek<\/strong><\/h2>\n\n\n\n<p>V primeru, da ugotovite neskladnost z dolo\u010dili Zakona o dostopnosti spleti\u0161\u010d in mobilnih aplikacij, lahko podate prijavo in\u0161pektorjem za informacijsko dru\u017ebo po navadni ali elektronski po\u0161ti.<\/p>\n\n\n\n<p>Nadzor nad izvajanjem dolo\u010db 5. do 8. \u010dlena Zakona o dostopnosti spleti\u0161\u010d in mobilnih aplikacij opravljajo in\u0161pektorji za informacijsko dru\u017ebo.<\/p>\n\n\n\n<p>V primeru, da ugotovite odstopanja od dolo\u010dil Zakona o dostopnosti spleti\u0161\u010d in mobilnih aplikacij, lahko podate prijavo in\u0161pektorjem za informacijsko dru\u017ebo po navadni ali elektronski po\u0161ti na naslov:<\/p>\n\n\n\n<p><a href=\"https:\/\/www.gov.si\/drzavni-organi\/organi-v-sestavi\/inspektorat-za-informacijsko-druzbo\/\" target=\"_blank\" rel=\"noopener\">In\u0161pektorat Republike Slovenije za informacijsko dru\u017ebo<\/a><\/p>\n\n\n\n<p>Ministrstvo za digitalno preobrazbo<\/p>\n\n\n\n<p>Dav\u010dna ulica 1<br>1000 Ljubljana<\/p>\n\n\n\n<p><a href=\"mailto:gp.irsid@gov.si\">gp.irsid@gov.si<\/a><br><a href=\"tel:+38615555848\">01 555 58 48<\/a><\/p>\n\n<\/div>","protected":false},"excerpt":{"rendered":"<p>Ta izjava o dostopnosti se nana\u0161a na spletno mesto Zdravstveni dom Lendava (https:\/\/www.zd-lendava.si), za katerega skrbi Zdravstveni dom Lendava \u2013 Eg\u00e9szs\u00e9gh\u00e1z Lendva (v nadaljevanju: ZD Lendava) 1. Uvodno o dostopnosti Vsem, ki obi\u0161\u010dete spletno mesto Zdravstveni dom Lendava (https:\/\/www.zd-lendava.si), \u017eelimo, da se po\u010dutite dobrodo\u0161le in imate dobro uporabni\u0161ko izku\u0161njo. Spletno mesto \u017eelimo pribli\u017eati naj\u0161ir\u0161emu krogu [&hellip;]<\/p>\n","protected":false},"author":4,"featured_media":0,"parent":0,"menu_order":34,"comment_status":"closed","ping_status":"closed","template":"","meta":{"_acf_changed":false,"footnotes":""},"class_list":["post-1867","page","type-page","status-publish","hentry"],"acf":[],"_links":{"self":[{"href":"https:\/\/zd-lendava.si\/hu\/wp-json\/wp\/v2\/pages\/1867","targetHints":{"allow":["GET"]}}],"collection":[{"href":"https:\/\/zd-lendava.si\/hu\/wp-json\/wp\/v2\/pages"}],"about":[{"href":"https:\/\/zd-lendava.si\/hu\/wp-json\/wp\/v2\/types\/page"}],"author":[{"embeddable":true,"href":"https:\/\/zd-lendava.si\/hu\/wp-json\/wp\/v2\/users\/4"}],"replies":[{"embeddable":true,"href":"https:\/\/zd-lendava.si\/hu\/wp-json\/wp\/v2\/comments?post=1867"}],"version-history":[{"count":1,"href":"https:\/\/zd-lendava.si\/hu\/wp-json\/wp\/v2\/pages\/1867\/revisions"}],"predecessor-version":[{"id":4140,"href":"https:\/\/zd-lendava.si\/hu\/wp-json\/wp\/v2\/pages\/1867\/revisions\/4140"}],"wp:attachment":[{"href":"https:\/\/zd-lendava.si\/hu\/wp-json\/wp\/v2\/media?parent=1867"}],"curies":[{"name":"wp","href":"https:\/\/api.w.org\/{rel}","templated":true}]}}