{"id":1870,"date":"2024-05-15T09:33:09","date_gmt":"2024-05-15T07:33:09","guid":{"rendered":"http:\/\/zd-lendava.razvija.se\/aktualno\/"},"modified":"2024-08-06T13:10:12","modified_gmt":"2024-08-06T11:10:12","slug":"aktualis","status":"publish","type":"page","link":"https:\/\/zd-lendava.si\/hu\/aktualis\/","title":{"rendered":"Aktu\u00e1lis"},"content":{"rendered":"<div class=\"gb-container gb-container-edfa50c2 latest-news-container aktualno\">\n\n<h2 class=\"wp-block-heading\">Legut\u00f3bbi h\u00edrek \u00e9s \u00e9rtes\u00edt\u00e9sek<\/h2>\n\n\n\n<p class=\"mt-2 fw-bold\"><a href=\"https:\/\/zd-lendava.si\/hu\/hirek-es-ertesitesek-archivuma\/\" data-type=\"page\" data-id=\"1868\">Az \u00f6sszes h\u00edr \u00e9s \u00e9rtes\u00edt\u00e9s \u00e1ttekint\u00e9se<\/a><\/p>\n\n\n\r\n        <div class=\"latest-news layout-grid-2 mt-4 mt-md-5\">\r\n\r\n                            \r\n                \r\n                    \r\n\r\n<article class=\"content-post rounded-4 d-flex flex-column-reverse flex-md-row bg-white position-relative post-4369 post type-post status-publish format-standard hentry\">\r\n\t<a href=\"https:\/\/zd-lendava.si\/hu\/obvestilo-ord-cas-zobna-amb-crensovci-april-2026\/\" style=\"position: absolute; inset: 0\"><\/a>\r\n\r\n\t<div class=\"d-flex flex-column justify-content-between p-3 w-100\">\r\n\t\t<p class=\"fs-5 px-2 py-1 fw-medium bg-dark-subtle rounded-1 fit-content\">07. 04. 2026<\/p>\r\n\r\n\t\t<div class=\"mt-2\">\r\n\t\t\t<h4 class=\"fw-medium\">Obvestilo \u2013 ord. \u010das Zobna amb. \u010cren\u0161ovci April 2026<\/h4>\r\n\t\t\t<a class=\"d-inline-flex mt-2 fw-bold\" href=\"https:\/\/zd-lendava.si\/hu\/obvestilo-ord-cas-zobna-amb-crensovci-april-2026\/\">Tov\u00e1bb olvasok<\/a>\r\n\t\t<\/div>\r\n\t<\/div>\r\n\r\n\t\r\n<\/article>\r\n                \r\n                    \r\n\r\n<article class=\"content-post rounded-4 d-flex flex-column-reverse flex-md-row bg-white position-relative post-4200 post type-post status-publish format-standard hentry\">\r\n\t<a href=\"https:\/\/zd-lendava.si\/hu\/obvestilo-ord-cas-zobna-amb-crensovci-marec-2026\/\" style=\"position: absolute; inset: 0\"><\/a>\r\n\r\n\t<div class=\"d-flex flex-column justify-content-between p-3 w-100\">\r\n\t\t<p class=\"fs-5 px-2 py-1 fw-medium bg-dark-subtle rounded-1 fit-content\">27. 02. 2026<\/p>\r\n\r\n\t\t<div class=\"mt-2\">\r\n\t\t\t<h4 class=\"fw-medium\">Obvestilo \u2013 ord. \u010das Zobna amb. \u010cren\u0161ovci Marec 2026<\/h4>\r\n\t\t\t<a class=\"d-inline-flex mt-2 fw-bold\" href=\"https:\/\/zd-lendava.si\/hu\/obvestilo-ord-cas-zobna-amb-crensovci-marec-2026\/\">Tov\u00e1bb olvasok<\/a>\r\n\t\t<\/div>\r\n\t<\/div>\r\n\r\n\t\r\n<\/article>\r\n                \r\n                    \r\n\r\n<article class=\"content-post rounded-4 d-flex flex-column-reverse flex-md-row bg-white position-relative post-4143 post type-post status-publish format-standard hentry\">\r\n\t<a href=\"https:\/\/zd-lendava.si\/hu\/obvestilo-ord-cas-zobna-amb-crensovci-februar-2026\/\" style=\"position: absolute; inset: 0\"><\/a>\r\n\r\n\t<div class=\"d-flex flex-column justify-content-between p-3 w-100\">\r\n\t\t<p class=\"fs-5 px-2 py-1 fw-medium bg-dark-subtle rounded-1 fit-content\">06. 02. 2026<\/p>\r\n\r\n\t\t<div class=\"mt-2\">\r\n\t\t\t<h4 class=\"fw-medium\">Obvestilo \u2013 ord. \u010das Zobna amb. \u010cren\u0161ovci Februar 2026<\/h4>\r\n\t\t\t<a class=\"d-inline-flex mt-2 fw-bold\" href=\"https:\/\/zd-lendava.si\/hu\/obvestilo-ord-cas-zobna-amb-crensovci-februar-2026\/\">Tov\u00e1bb olvasok<\/a>\r\n\t\t<\/div>\r\n\t<\/div>\r\n\r\n\t\r\n<\/article>\r\n                \r\n                    \r\n\r\n<article class=\"content-post rounded-4 d-flex flex-column-reverse flex-md-row bg-white position-relative post-4146 post type-post status-publish format-standard hentry\">\r\n\t<a href=\"https:\/\/zd-lendava.si\/hu\/ertesites-fogszabalyozo-rendelo-megnyitasa-a-crensovci-egeszsegugyi-allomason\/\" style=\"position: absolute; inset: 0\"><\/a>\r\n\r\n\t<div class=\"d-flex flex-column justify-content-between p-3 w-100\">\r\n\t\t<p class=\"fs-5 px-2 py-1 fw-medium bg-dark-subtle rounded-1 fit-content\">04. 02. 2026<\/p>\r\n\r\n\t\t<div class=\"mt-2\">\r\n\t\t\t<h4 class=\"fw-medium\">\u00c9rtes\u00edt\u00e9s \u2013 fogszab\u00e1lyoz\u00f3 rendel\u0151 megnyit\u00e1sa a \u010cren\u0161ovci eg\u00e9szs\u00e9g\u00fcgyi \u00e1llom\u00e1son<\/h4>\r\n\t\t\t<a class=\"d-inline-flex mt-2 fw-bold\" href=\"https:\/\/zd-lendava.si\/hu\/ertesites-fogszabalyozo-rendelo-megnyitasa-a-crensovci-egeszsegugyi-allomason\/\">Tov\u00e1bb olvasok<\/a>\r\n\t\t<\/div>\r\n\t<\/div>\r\n\r\n\t\r\n<\/article>\r\n                            \r\n        <\/div>\r\n\r\n\r\n    \n\n<\/div>\n\n<div class=\"gb-container gb-container-03165251 mx-auto mt-5 mt-md-9\">\n\n<h2 class=\"wp-block-heading\">Aktu\u00e1lis p\u00e1ly\u00e1zatok \u00e9s k\u00f6zbeszerz\u00e9sek\n<\/h2>\n\n\n\n<p class=\"mt-2 fw-bold\"><a href=\"https:\/\/zd-lendava.si\/hu\/razpisi-in-javna-narocila\/\">P\u00e1ly\u00e1zatok \u00e9s k\u00f6zbeszerz\u00e9sek arch\u00edvum\u00e1nak \u00e1ttekint\u00e9se<\/a><\/p>\n\n\n\r\n            <div class=\"layout-grid-3 mt-md-6 mt-4\">\r\n\r\n            \r\n                \r\n                \r\n            \r\n                \r\n                \r\n            \r\n                \r\n                \r\n            \r\n                \r\n                \r\n            \r\n                \r\n                \r\n            \r\n                \r\n                \r\n            \r\n                \r\n                \r\n            \r\n                \r\n                \r\n            \r\n                \r\n                \r\n            \r\n                \r\n                \r\n            \r\n                \r\n                \r\n            \r\n                \r\n                \r\n            \r\n                \r\n                \r\n            \r\n                \r\n                \r\n            \r\n                \r\n                                    \r\n\r\n<article class=\"content-tender rounded-4 border border-light d-flex flex-column p-3 position-relative post-4351 tender type-tender status-publish hentry\">\r\n\t<a href=\"https:\/\/zd-lendava.si\/hu\/palyazat\/nyilvanos-palyazati-felhivas-a-lendvai-egeszseghaz-kozegeszsegugyi-intezmeny-igazgatojanak-kinevezesere-negyeves-idotartamra\/\" style=\"position: absolute; inset: 0\"><\/a>\r\n\r\n\t\r\n\t<div class=\"mt-auto\">\r\n\t\t<h4 class=\"fw-medium\">Nyilv\u00e1nos p\u00e1ly\u00e1zati felh\u00edv\u00e1s a Lendvai Eg\u00e9szs\u00e9gh\u00e1z k\u00f6zeg\u00e9szs\u00e9g\u00fcgyi int\u00e9zm\u00e9ny igazgat\u00f3j\u00e1nak kinevez\u00e9s\u00e9re n\u00e9gy\u00e9ves id\u0151tartamra<\/h4>\r\n\r\n\t\t\t\t\t<p class=\"fw-medium fs-5 mt-1\">P\u00e1ly\u00e1zati hat\u00e1rid\u0151: 17. 04. 2026<\/p>\r\n\t\t\r\n\t\t<a class=\"d-inline-flex mt-2 fw-bold\" href=\"https:\/\/zd-lendava.si\/hu\/palyazat\/nyilvanos-palyazati-felhivas-a-lendvai-egeszseghaz-kozegeszsegugyi-intezmeny-igazgatojanak-kinevezesere-negyeves-idotartamra\/\">Tov\u00e1bb olvasok<\/a>\r\n\t<\/div>\r\n\r\n<\/article>                                    \r\n            \r\n        <\/div>\r\n        \r\n\r\n    \n\n<\/div>","protected":false},"excerpt":{"rendered":"<p>Legut\u00f3bbi h\u00edrek \u00e9s \u00e9rtes\u00edt\u00e9sek Az \u00f6sszes h\u00edr \u00e9s \u00e9rtes\u00edt\u00e9s \u00e1ttekint\u00e9se Aktu\u00e1lis p\u00e1ly\u00e1zatok \u00e9s k\u00f6zbeszerz\u00e9sek P\u00e1ly\u00e1zatok \u00e9s k\u00f6zbeszerz\u00e9sek arch\u00edvum\u00e1nak \u00e1ttekint\u00e9se<\/p>\n","protected":false},"author":1,"featured_media":0,"parent":0,"menu_order":10,"comment_status":"closed","ping_status":"closed","template":"","meta":{"_acf_changed":false,"footnotes":""},"class_list":["post-1870","page","type-page","status-publish","hentry"],"acf":[],"_links":{"self":[{"href":"https:\/\/zd-lendava.si\/hu\/wp-json\/wp\/v2\/pages\/1870","targetHints":{"allow":["GET"]}}],"collection":[{"href":"https:\/\/zd-lendava.si\/hu\/wp-json\/wp\/v2\/pages"}],"about":[{"href":"https:\/\/zd-lendava.si\/hu\/wp-json\/wp\/v2\/types\/page"}],"author":[{"embeddable":true,"href":"https:\/\/zd-lendava.si\/hu\/wp-json\/wp\/v2\/users\/1"}],"replies":[{"embeddable":true,"href":"https:\/\/zd-lendava.si\/hu\/wp-json\/wp\/v2\/comments?post=1870"}],"version-history":[{"count":0,"href":"https:\/\/zd-lendava.si\/hu\/wp-json\/wp\/v2\/pages\/1870\/revisions"}],"wp:attachment":[{"href":"https:\/\/zd-lendava.si\/hu\/wp-json\/wp\/v2\/media?parent=1870"}],"curies":[{"name":"wp","href":"https:\/\/api.w.org\/{rel}","templated":true}]}}