{"id":1872,"date":"2024-05-15T09:32:08","date_gmt":"2024-05-15T07:32:08","guid":{"rendered":"http:\/\/zd-lendava.razvija.se\/zdravstvena-vzgoja\/"},"modified":"2024-09-24T10:16:58","modified_gmt":"2024-09-24T08:16:58","slug":"egeszsegneveles","status":"publish","type":"page","link":"https:\/\/zd-lendava.si\/hu\/egeszsegneveles\/","title":{"rendered":"Eg\u00e9szs\u00e9gnevel\u00e9s"},"content":{"rendered":"<div class=\"gb-container gb-container-95e2b790 gap-4 mx-auto\">\n<div class=\"gb-container gb-container-8a1f6544\">\n<div class=\"gb-container gb-container-5bc397d2\">\n\n<h2 class=\"wp-block-heading\">K\u00fcldet\u00e9s\u00fcnk<\/h2>\n\n<\/div>\n\n\n<p>Az eg\u00e9szs\u00e9g k\u00fcl\u00f6nleges \u00e9rt\u00e9k mind a feln\u0151ttek, mind a gyermekek sz\u00e1m\u00e1ra, \u00e9s fontos, hogy m\u00e1r kiskorukt\u00f3l kezdve tiszt\u00e1ban legyenek vele, szeress\u00e9k, tisztelj\u00e9k \u00e9s \u00f3vj\u00e1k.\u200b\u200b&nbsp;<\/p>\n\n\n\n<p>Az eg\u00e9szs\u00e9g nem olyasmi, amit sz\u00fclet\u00e9s\u00fcnkkor kapunk, \u00e9s ami \u00f6r\u00f6kre megmarad. Az emberek nagym\u00e9rt\u00e9kben felel\u0151sek saj\u00e1t eg\u00e9szs\u00e9g\u00fck\u00e9rt \u00e9s \u00e9letm\u00f3djuk\u00e9rt. Ez\u00e9rt az egy\u00e9n k\u00f6teless\u00e9ge, hogy mindent megtegyen eg\u00e9szs\u00e9g\u00e9nek meg\u0151rz\u00e9se \u00e9s jav\u00edt\u00e1sa \u00e9rdek\u00e9ben.\u200b\u200b&nbsp;<\/p>\n\n\n\n<p>A Lendvai Eg\u00e9szs\u00e9gnevel\u00e9si K\u00f6zpont\u200b\u200b&nbsp;a lendvai Eg\u00e9szs\u00e9gh\u00e1zban egy f\u00fcggetlen egys\u00e9g, amely az els\u0151dleges megel\u0151z\u00e9s ter\u00fclet\u00e9n dolgozik. K\u00fcl\u00f6nb\u00f6z\u0151 eg\u00e9szs\u00e9gnevel\u00e9si foglalkoz\u00e1sokon kereszt\u00fcl dolgozunk az egy\u00e9nek \u00e9s a helyi k\u00f6z\u00f6ss\u00e9g j\u00f3 eg\u00e9szs\u00e9g\u00e9\u00e9rt.\u200b\u200b&nbsp;<\/p>\n\n\n\n<p>K\u00fcl\u00f6nb\u00f6z\u0151 egyes\u00fcletekkel, v\u00e1llalkoz\u00e1sokkal, kisebbs\u00e9gekkel, \u00e1ltal\u00e1nos iskol\u00e1kkal \u00e9s \u00f3vod\u00e1kkal egy\u00fcttm\u0171k\u00f6dve h\u00edvjuk fel a figyelmet az eg\u00e9szs\u00e9g fontoss\u00e1g\u00e1ra \u00e9s annak jav\u00edt\u00e1s\u00e1ra a lakoss\u00e1g k\u00f6r\u00e9ben, a fiatalokt\u00f3l az id\u0151sekig.\u200b\u200b&nbsp;<\/p>\n\n\n<div class=\"gb-container gb-container-745e523f\">\n\n<h3 class=\"wp-block-heading\">Foglalkoz\u00e1sok \u00e9s ezek tartalma<\/h3>\n\n<\/div>\n\n\n<p>Az\u200b\u200b <img decoding=\"async\" class=\"wp-image-1720\" style=\"object-fit:cover;width:20px;height:20px\" src=\"https:\/\/zd-lendava.si\/wp-content\/uploads\/2024\/07\/oznacba-napotitev.png\" alt=\"Ozna\u010dba N\">\u200b\u200b c\u00edmke azt jelzi, hogy ehhez a foglalkoz\u00e1shoz beutal\u00f3ra van sz\u00fcks\u00e9ge, vagy a h\u00e1ziorvos\u00e1t\u00f3l, vagy egy h\u00e1ziorvosi rendel\u0151 \u00e1pol\u00f3n\u0151j\u00e9t\u0151l (referencian\u0151v\u00e9r).<\/p>\n\n<\/div>\n\n<div class=\"gb-container gb-container-e4a09945 special has-shadow side-box\">\n\n<h4 class=\"wp-block-heading\">Delovni \u010das in izvajalci<\/h4>\n\n\n\n<div class=\"wp-block-group d-flex mt-2 is-content-justification-space-between is-nowrap is-layout-flex wp-container-core-group-is-layout-0dfbf163 wp-block-group-is-layout-flex\">\n<p class=\"fs-5 fw-medium fit-content\">H\u00e9tf\u0151<\/p>\n\n\n\n<p class=\"fs-5  fit-content\">07:00 &#8211; 15:00<\/p>\n<\/div>\n\n\n\n<div class=\"wp-block-group d-flex mt-2 is-content-justification-space-between is-nowrap is-layout-flex wp-container-core-group-is-layout-0dfbf163 wp-block-group-is-layout-flex\">\n<p class=\"fs-5 fw-medium fit-content\">Kedd<\/p>\n\n\n\n<p class=\"fs-5  fit-content\">07:00 &#8211; 15:00<\/p>\n<\/div>\n\n\n\n<div class=\"wp-block-group d-flex mt-2 is-content-justification-space-between is-nowrap is-layout-flex wp-container-core-group-is-layout-0dfbf163 wp-block-group-is-layout-flex\">\n<p class=\"fs-5 fw-medium fit-content\">Szerda<\/p>\n\n\n\n<p class=\"fs-5  fit-content\">07:00 &#8211; 15:00<\/p>\n<\/div>\n\n\n\n<div class=\"wp-block-group d-flex mt-2 is-content-justification-space-between is-nowrap is-layout-flex wp-container-core-group-is-layout-0dfbf163 wp-block-group-is-layout-flex\">\n<p class=\"fs-5 fw-medium fit-content\">Cs\u00fct\u00f6rt\u00f6k<\/p>\n\n\n\n<p class=\"fs-5  fit-content\">07:00 &#8211; 15:00<\/p>\n<\/div>\n\n\n\n<div class=\"wp-block-group d-flex mt-2 is-content-justification-space-between is-nowrap is-layout-flex wp-container-core-group-is-layout-0dfbf163 wp-block-group-is-layout-flex\">\n<p class=\"fs-5 fw-medium fit-content\">P\u00e9ntek<\/p>\n\n\n\n<p class=\"fs-5  fit-content\">07:00 &#8211; 15:00<\/p>\n<\/div>\n\n\n\n<div class=\"wp-block-group d-flex mt-2 is-content-justification-space-between is-nowrap is-layout-flex wp-container-core-group-is-layout-0dfbf163 wp-block-group-is-layout-flex\"><\/div>\n\n\n\n<div class=\"wp-block-group d-flex mt-2 is-content-justification-space-between is-nowrap is-layout-flex wp-container-core-group-is-layout-0dfbf163 wp-block-group-is-layout-flex\"><\/div>\n\n\n<div class=\"gb-container gb-container-1295eccd special\">\n\n<div class=\"wp-block-group\"><div class=\"wp-block-group__inner-container is-layout-constrained wp-block-group-is-layout-constrained\">\n<p>Tja\u0161a Tkalec<\/p>\n\n\n\n<p class=\"mt-1 fs-5\">okl. n\u0151v\u00e9r<\/p>\n\n\n\n<p class=\"mt-2 fs-5 has-link\"><a href=\"tel:+38670640563\">070 640 563<\/a><\/p>\n\n\n\n<p class=\"fs-5 has-link\"><a href=\"mailto:tjasa.tkalec@zd-lendava.si\">tjasa.tkalec@zd-lendava.si<\/a><\/p>\n<\/div><\/div>\n\n<\/div>\n\n<div class=\"gb-container gb-container-c5917e2f special\">\n\n<div class=\"wp-block-group\"><div class=\"wp-block-group__inner-container is-layout-constrained wp-block-group-is-layout-constrained\">\n<p>Mira Karas<\/p>\n\n\n\n<p class=\"mt-1 fs-5\">okl. pszichol\u00f3gus, klinikai pszichol\u00f3gus<\/p>\n\n\n\n<p class=\"mt-2 fs-5 has-link\"><a href=\"tel:025789223\"><\/a><a href=\"tel:+386025789290\">02 57 89 223<\/a><\/p>\n<\/div><\/div>\n\n<\/div>\n\n<div class=\"gb-container gb-container-05c8d59c special\">\n\n<div class=\"wp-block-group\"><div class=\"wp-block-group__inner-container is-layout-constrained wp-block-group-is-layout-constrained\">\n<p>Lara Nemec<\/p>\n\n\n\n<p class=\"mt-1 fs-5\">okl. fizioterapeuta<\/p>\n\n\n\n<p class=\"mt-2 fs-5 has-link\"><a href=\"tel:+38670669295\">070 669 295<\/a><\/p>\n\n\n\n<p class=\"fs-5 has-link\"><a href=\"mailto:lara.nemec@zd-lendava.si\">lara.nemec@zd-lendava.si<\/a><\/p>\n<\/div><\/div>\n\n<\/div>\n\n<div class=\"gb-container gb-container-9fff4827 special\">\n\n<p class=\"fs-5\">Ha b\u00e1rmilyen k\u00e9rd\u00e9se van szak\u00e9rt\u0151inkhez, vagy motiv\u00e1ci\u00f3ra van sz\u00fcks\u00e9ge az \u00e9letm\u00f3dv\u00e1lt\u00e1shoz, csapatunk tagjai, ak\u00e1r szem\u00e9lyesen, ak\u00e1r telefonon is,\u200b\u200b egy\u00e9ni konzult\u00e1ci\u00f3kra\u200b\u200b \u00e1llnak rendelkez\u00e9sre.\u200b\u200b<\/p>\n\n\n\n<div style=\"height:20px\" aria-hidden=\"true\" class=\"wp-block-spacer\"><\/div>\n\n\n<div class=\"gb-container gb-container-80919704 special\">\n\n<p><strong>Eg\u00e9szs\u00e9gnevel\u00e9si K\u00f6zpont kiadv\u00e1nya<\/strong><\/p>\n\n\n\n<p class=\"fs-5\">A bros\u00far\u00e1t megtekintheti <a href=\"https:\/\/zd-lendava.si\/wp-content\/uploads\/2024\/06\/ZVC-brosura.pdf\" target=\"_blank\" rel=\"noreferrer noopener\">itt<\/a>.\u200b<\/p>\n\n<\/div>\n<\/div>\n<\/div>\n<\/div>\n\n<div class=\"gb-container gb-container-1427b816 mx-auto\">\n<div class=\"gb-container gb-container-ce573d7e gb-has-gradient align-content-end my-4\">\n\n<h3 class=\"wp-block-heading\">Eg\u00e9szs\u00e9ges \u00e9letm\u00f3d<\/h3>\n\n\n\n<p>Programok \u00e9s tan\u00e1csad\u00e1s az eg\u00e9szs\u00e9ges \u00e9letm\u00f3d fenntart\u00e1s\u00e1ra \u00e9s jav\u00edt\u00e1s\u00e1ra, k\u00fcl\u00f6n\u00f6s tekintettel a t\u00e1pl\u00e1lkoz\u00e1sra, a testmozg\u00e1sra \u00e9s a ment\u00e1lis eg\u00e9szs\u00e9gre.<\/p>\n\n\n\n<p class=\"btn btn-secondary mt-4 fit-content\"><a href=\"https:\/\/zd-lendava.si\/hu\/egeszsegneveles\/egeszseges-eletmod\/\" data-type=\"page\" data-id=\"1866\">Tov\u00e1bb olvasok<\/a><\/p>\n\n<\/div>\n\n<div class=\"gb-container gb-container-d2621555 gb-has-gradient align-content-end my-4\">\n\n<h3 class=\"wp-block-heading\">Mozg\u00e1sfoglalkoz\u00e1sok<\/h3>\n\n\n\n<p>A fizikai aktivit\u00e1st el\u0151seg\u00edt\u0151, k\u00fcl\u00f6nb\u00f6z\u0151 korcsoportokra \u00e9s fitts\u00e9gi szintekre szabott foglalkoz\u00e1sok.<\/p>\n\n\n\n<p class=\"btn btn-secondary mt-4 fit-content\"><a href=\"https:\/\/zd-lendava.si\/hu\/egeszsegneveles\/mozgasfoglalkozasok\/\" data-type=\"page\" data-id=\"1865\">Tov\u00e1bb olvasok<\/a><\/p>\n\n<\/div>\n\n<div class=\"gb-container gb-container-4ce202fb gb-has-gradient align-content-end my-4\">\n\n<h3 class=\"wp-block-heading\"><strong>Pszichoeduk\u00e1ci\u00f3s foglalkoz\u00e1sok<\/strong><\/h3>\n\n\n\n<p>A ment\u00e1lis eg\u00e9szs\u00e9g jav\u00edt\u00e1s\u00e1t \u00e9s a stressz, a szorong\u00e1s \u00e9s m\u00e1s pszichol\u00f3giai kih\u00edv\u00e1sok kezel\u00e9s\u00e9t seg\u00edt\u0151 foglalkoz\u00e1sok.<\/p>\n\n\n\n<p class=\"btn btn-secondary mt-4 fit-content\"><a href=\"https:\/\/zd-lendava.si\/hu\/egeszsegneveles\/pszichoedukacios-muhelyek\/\" data-type=\"page\" data-id=\"1863\">Tov\u00e1bb olvasok<\/a><\/p>\n\n<\/div>\n\n<div class=\"gb-container gb-container-bda905dd gb-has-gradient align-content-end my-4\">\n\n<h3 class=\"wp-block-heading\">SVIT-t\u00e1mogat\u00e1s<\/h3>\n\n\n\n<p>T\u00e1mogat\u00e1s \u00e9s t\u00e1j\u00e9koztat\u00e1s a vastagb\u00e9l- \u00e9s v\u00e9gb\u00e9lr\u00e1k korai felismer\u00e9s\u00e9t c\u00e9lz\u00f3 SVIT programr\u00f3l.<\/p>\n\n\n\n<p class=\"btn btn-secondary mt-4 fit-content\"><a href=\"https:\/\/zd-lendava.si\/hu\/egeszsegneveles\/svit-tamogatas\/\" data-type=\"page\" data-id=\"1862\">Tov\u00e1bb olvasok<\/a><\/p>\n\n<\/div>\n\n<div class=\"gb-container gb-container-ed5c6c2b gb-has-gradient align-content-end my-4\">\n\n<h3 class=\"wp-block-heading\">Gyerekek \u00e9s fiatalok eg\u00e9szs\u00e9gnevel\u00e9se<\/h3>\n\n\n\n<p>A gyermekek \u00e9s serd\u00fcl\u0151k eg\u00e9szs\u00e9ges \u00e9letm\u00f3ddal, higi\u00e9ni\u00e1val \u00e9s megel\u0151z\u00e9ssel kapcsolatos oktat\u00e1s\u00e1val kapcsolatos programok.<\/p>\n\n\n\n<p class=\"btn btn-secondary mt-4 fit-content\"><a href=\"https:\/\/zd-lendava.si\/hu\/egeszsegneveles\/gyerekek-es-fiatalok-egeszsegtudatra-nevelese\/\" data-type=\"page\" data-id=\"1861\">Tov\u00e1bb olvasok<\/a><\/p>\n\n<\/div>\n\n<div class=\"gb-container gb-container-26e84d2a gb-has-gradient align-content-end my-4\">\n\n<h3 class=\"wp-block-heading\">Sz\u00e1jhigi\u00e9niai nevel\u00e9s<\/h3>\n\n\n\n<p>M\u0171helyek \u00e9s k\u00e9pz\u00e9sek a sz\u00e1jhigi\u00e9nia fenntart\u00e1sa \u00e9s jav\u00edt\u00e1sa \u00e9rdek\u00e9ben minden korcsoport sz\u00e1m\u00e1ra.<\/p>\n\n\n\n<p class=\"btn btn-secondary mt-4 fit-content\"><a href=\"https:\/\/zd-lendava.si\/hu\/egeszsegneveles\/fogegeszsegugyi-neveles\/\" data-type=\"page\" data-id=\"1860\">Tov\u00e1bb olvasok<\/a><\/p>\n\n<\/div>\n<\/div>","protected":false},"excerpt":{"rendered":"<p>Megfizethet\u0151, optim\u00e1lis \u00e9s sz\u00ednvonalas eg\u00e9szs\u00e9g\u00fcgyi ell\u00e1t\u00e1st biztos\u00edtunk telep\u00fcl\u00e9seink polg\u00e1rai sz\u00e1m\u00e1ra.<\/p>\n","protected":false},"author":4,"featured_media":0,"parent":0,"menu_order":51,"comment_status":"closed","ping_status":"closed","template":"","meta":{"_acf_changed":false,"footnotes":""},"class_list":["post-1872","page","type-page","status-publish","hentry"],"acf":[],"_links":{"self":[{"href":"https:\/\/zd-lendava.si\/hu\/wp-json\/wp\/v2\/pages\/1872","targetHints":{"allow":["GET"]}}],"collection":[{"href":"https:\/\/zd-lendava.si\/hu\/wp-json\/wp\/v2\/pages"}],"about":[{"href":"https:\/\/zd-lendava.si\/hu\/wp-json\/wp\/v2\/types\/page"}],"author":[{"embeddable":true,"href":"https:\/\/zd-lendava.si\/hu\/wp-json\/wp\/v2\/users\/4"}],"replies":[{"embeddable":true,"href":"https:\/\/zd-lendava.si\/hu\/wp-json\/wp\/v2\/comments?post=1872"}],"version-history":[{"count":0,"href":"https:\/\/zd-lendava.si\/hu\/wp-json\/wp\/v2\/pages\/1872\/revisions"}],"wp:attachment":[{"href":"https:\/\/zd-lendava.si\/hu\/wp-json\/wp\/v2\/media?parent=1872"}],"curies":[{"name":"wp","href":"https:\/\/api.w.org\/{rel}","templated":true}]}}