{"id":3089,"date":"2025-01-15T12:58:38","date_gmt":"2025-01-15T11:58:38","guid":{"rendered":"https:\/\/zd-lendava.si\/rendelok-es-tevekenysegek\/odsotnost-zdravnikov-in-zobozdravnikov\/"},"modified":"2026-04-07T06:59:11","modified_gmt":"2026-04-07T04:59:11","slug":"odsotnost-zdravnikov-in-zobozdravnikov","status":"publish","type":"page","link":"https:\/\/zd-lendava.si\/hu\/rendelok-es-tevekenysegek\/odsotnost-zdravnikov-in-zobozdravnikov\/","title":{"rendered":"Odsotnost zdravnikov in zobozdravnikov"},"content":{"rendered":"<div class=\"gb-container gb-container-251cb705\">\n\n<h2 class=\"wp-block-heading\" id=\"tablepress-14-name\">Odsotnost zdravnikov &#8211; April 2026<\/h2>\n\n\n\n<figure class=\"wp-block-table\"><table class=\"has-fixed-layout\"><tbody><tr><td><strong>Aladi\u010d Edit, dr. med. spec.<\/strong><\/td><td>28.04. \u2013 30.04.<\/td><\/tr><tr><td><strong>\u010ci\u010dek Klementina, dr. med., spec. dru\u017e. med.<\/strong><\/td><td>01.04. \u2013 03.04.<\/td><\/tr><tr><td><strong>Flac Lisjak Mihaela, dr. med.<\/strong><\/td><td>\/<\/td><\/tr><tr><td><strong>Horvat-Ko\u0161a Edita, dr. med., spec. spl. med.<\/strong><\/td><td>09.04. \u2013 10.04., 28.04. \u2013 30.04.<\/td><\/tr><tr><td><strong>Julijana Hebar Kepe, dr. med., spec. spl. med.<\/strong><\/td><td>01.04.<\/td><\/tr><tr><td><strong>Katja Kusek, dr. med., spec. dru\u017e. med.<\/strong><\/td><td>\/<\/td><\/tr><tr><td><strong>Kul\u010dar Romeo, dr. med.<\/strong><\/td><td>16.04. \u2013 17.04.<\/td><\/tr><tr><td><strong>Lisjak Antun, dr.med., spec. pediater<\/strong><\/td><td>13.04. &#8211; 17.04.<\/td><\/tr><tr><td><strong>mag. K\u00f6ve\u0161 Novak Katarina, dr. med. spec.<\/strong><\/td><td>01.04. \u2013 07.04., 24.04.<\/td><\/tr><tr><td><strong>Toka Bakos Suzana, dr. med.<\/strong><\/td><td>13.04. \u2013 20.04.<\/td><\/tr><tr><td><strong>Vass Vilmos, dr. med., spec. spl. med.<\/strong><\/td><td>\/<\/td><\/tr><tr><td><strong>Vesna Erak, dr. med., spec. ginek. in porod.<\/strong><\/td><td>09.04., 10.04., 24.04. ter od 28.04. &#8211; 30.04.<\/td><\/tr><tr><td><\/td><td><\/td><\/tr><\/tbody><\/table><\/figure>\n\n\n\n<h2 class=\"wp-block-heading\" id=\"tablepress-10-name\">Odsotnost zobozdravnikov &#8211; April 2026<\/h2>\n\n\n\n<figure class=\"wp-block-table\"><table class=\"has-fixed-layout\"><tbody><tr><td><strong>Danijela Bojnec, dr.dent.med.<\/strong><\/td><td>\/<\/td><\/tr><tr><td><strong>Niki Vrenko, dr.dent.med.<\/strong><\/td><td>01.04. &#8211; 03.04., 07.04.<\/td><\/tr><tr><td><strong>Mojca Zver, dr.dent.med.<\/strong><\/td><td>28.04. &#8211; 30.04.<\/td><\/tr><tr><td><strong>Romana Markoja Jak\u0161i\u010d, dr.dent.med.<\/strong><\/td><td>17.04., 28.04. &#8211; 30.04.<\/td><\/tr><tr><td><\/td><td><\/td><\/tr><\/tbody><\/table><\/figure>\n\n\n\n<p>Objavljene so samo na\u010drtovane odsotnosti. Nena\u010drtovanih odsotnosti kot so bolni\u0161ki stale\u017ei, obiski centra za socialno delo, sodi\u0161\u010da ipd. zaradi objektivnih razlogov ne moremo objaviti. Zato prosimo, da se za pregled pri zobozdravniku naro\u010dite. Za nujne preglede je vedno dostopen kateri od zobozdravnikov.<\/p>\n\n\n\n<p>Hvala za razumevanje!<\/p>\n\n<\/div>","protected":false},"excerpt":{"rendered":"<p>Odsotnost zdravnikov &#8211; April 2026 Aladi\u010d Edit, dr. med. spec. 28.04. \u2013 30.04. \u010ci\u010dek Klementina, dr. med., spec. dru\u017e. med. 01.04. \u2013 03.04. Flac Lisjak Mihaela, dr. med. \/ Horvat-Ko\u0161a Edita, dr. med., spec. spl. med. 09.04. \u2013 10.04., 28.04. \u2013 30.04. Julijana Hebar Kepe, dr. med., spec. spl. med. 01.04. Katja Kusek, dr. med., [&hellip;]<\/p>\n","protected":false},"author":4,"featured_media":0,"parent":1873,"menu_order":6,"comment_status":"closed","ping_status":"closed","template":"","meta":{"_acf_changed":false,"footnotes":""},"class_list":["post-3089","page","type-page","status-publish","hentry"],"acf":[],"_links":{"self":[{"href":"https:\/\/zd-lendava.si\/hu\/wp-json\/wp\/v2\/pages\/3089","targetHints":{"allow":["GET"]}}],"collection":[{"href":"https:\/\/zd-lendava.si\/hu\/wp-json\/wp\/v2\/pages"}],"about":[{"href":"https:\/\/zd-lendava.si\/hu\/wp-json\/wp\/v2\/types\/page"}],"author":[{"embeddable":true,"href":"https:\/\/zd-lendava.si\/hu\/wp-json\/wp\/v2\/users\/4"}],"replies":[{"embeddable":true,"href":"https:\/\/zd-lendava.si\/hu\/wp-json\/wp\/v2\/comments?post=3089"}],"version-history":[{"count":14,"href":"https:\/\/zd-lendava.si\/hu\/wp-json\/wp\/v2\/pages\/3089\/revisions"}],"predecessor-version":[{"id":4366,"href":"https:\/\/zd-lendava.si\/hu\/wp-json\/wp\/v2\/pages\/3089\/revisions\/4366"}],"up":[{"embeddable":true,"href":"https:\/\/zd-lendava.si\/hu\/wp-json\/wp\/v2\/pages\/1873"}],"wp:attachment":[{"href":"https:\/\/zd-lendava.si\/hu\/wp-json\/wp\/v2\/media?parent=3089"}],"curies":[{"name":"wp","href":"https:\/\/api.w.org\/{rel}","templated":true}]}}