{"id":3096,"date":"2025-01-15T13:18:36","date_gmt":"2025-01-15T12:18:36","guid":{"rendered":"https:\/\/zd-lendava.si\/odsotnost-modul\/"},"modified":"2025-05-01T15:53:46","modified_gmt":"2025-05-01T13:53:46","slug":"odsotnost-modul","status":"publish","type":"page","link":"https:\/\/zd-lendava.si\/hu\/odsotnost-modul\/","title":{"rendered":"ODSOTNOST MODUL"},"content":{"rendered":"<div class=\"gb-container gb-container-d6e1a002 disclaimer\">\n<div class=\"gb-container gb-container-0e24852b icon\">\n\n<figure class=\"wp-block-image size-full is-resized is-style-rounded\"><img decoding=\"async\" src=\"https:\/\/zd-lendava.si\/wp-content\/uploads\/2025\/01\/info-circle.svg\" alt=\"\" class=\"wp-image-3060\" style=\"object-fit:cover;width:45px;height:45px\"\/><\/figure>\n\n<\/div>\n\n<div class=\"gb-container gb-container-5eed15ad\">\n\n<h4 class=\"wp-block-heading\">Odsotnosti zdravnikov in zobozdravnikov: APRIL 2026<\/h4>\n\n\n\n<p>Objavljamo na\u010drtovane odsotnosti zdravnikov in zobozdravnikov.<br>Nena\u010drtovanih odsotnosti kot so bolni\u0161ki stale\u017ei, obiski centra za socialno delo, sodi\u0161\u010da ipd. zaradi objektivnih razlogov ne moremo objaviti.&nbsp;<\/p>\n\n<\/div>\n\n<div class=\"gb-container gb-container-dc4d3273 disclaimer-button\">\n\n<a class=\"gb-button gb-button-4af45aa9 gb-button-text\" href=\"https:\/\/zd-lendava.si\/hu\/rendelok-es-tevekenysegek\/odsotnost-zdravnikov-in-zobozdravnikov\/\" target=\"_blank\" rel=\"noopener noreferrer\">Preveri vse odsotnosti<\/a>\n\n<\/div>\n<\/div>\n\n\n<p><\/p>\n","protected":false},"excerpt":{"rendered":"","protected":false},"author":4,"featured_media":0,"parent":0,"menu_order":4,"comment_status":"closed","ping_status":"closed","template":"","meta":{"_acf_changed":false,"footnotes":""},"class_list":["post-3096","page","type-page","status-publish","hentry"],"acf":[],"_links":{"self":[{"href":"https:\/\/zd-lendava.si\/hu\/wp-json\/wp\/v2\/pages\/3096","targetHints":{"allow":["GET"]}}],"collection":[{"href":"https:\/\/zd-lendava.si\/hu\/wp-json\/wp\/v2\/pages"}],"about":[{"href":"https:\/\/zd-lendava.si\/hu\/wp-json\/wp\/v2\/types\/page"}],"author":[{"embeddable":true,"href":"https:\/\/zd-lendava.si\/hu\/wp-json\/wp\/v2\/users\/4"}],"replies":[{"embeddable":true,"href":"https:\/\/zd-lendava.si\/hu\/wp-json\/wp\/v2\/comments?post=3096"}],"version-history":[{"count":0,"href":"https:\/\/zd-lendava.si\/hu\/wp-json\/wp\/v2\/pages\/3096\/revisions"}],"wp:attachment":[{"href":"https:\/\/zd-lendava.si\/hu\/wp-json\/wp\/v2\/media?parent=3096"}],"curies":[{"name":"wp","href":"https:\/\/api.w.org\/{rel}","templated":true}]}}