{"id":984,"date":"2024-05-15T09:30:49","date_gmt":"2024-05-15T07:30:49","guid":{"rendered":"http:\/\/zd-lendava.razvija.se\/dostopna-optimalna-in-kakovostna-skrb-za-zdravje\/"},"modified":"2024-08-06T13:16:08","modified_gmt":"2024-08-06T11:16:08","slug":"dostopna-optimalna-in-kakovostna-skrb-za-zdravje","status":"publish","type":"page","link":"https:\/\/zd-lendava.si\/hu\/","title":{"rendered":"El\u00e9rhet\u0151, optim\u00e1lis \u00e9s min\u0151s\u00e9g eg\u00e9szs\u00e9ggondoz\u00e1s."},"content":{"rendered":"<div class=\"gb-container gb-container-893833ab mx-auto my-md-9 my-5 container xxl\">\n<div class=\"gb-container gb-container-ec233208\">\n\n<h2 class=\"wp-block-heading\">Rendel\u0151k \u00e9s tev\u00e9kenys\u00e9gek<\/h2>\n\n\n\n<h4 class=\"wp-block-heading lh-base mt-2\">Eg\u00e9szs\u00e9gh\u00e1zunk rendel\u0151inek \u00e9s orvosainak \u00e1ttekint\u00e9se. Fedezze fel az eg\u00e9szs\u00e9g\u00fcgyi szolg\u00e1ltat\u00e1sok \u00e9s eg\u00e9szs\u00e9g\u00fcgyi szakmunkat\u00e1rsak sz\u00e9les k\u00edn\u00e1lat\u00e1t.<\/h4>\n\n<\/div>\n\n\r\n        \r\n        <div class=\"d-flex flex-wrap gap-4 mt-md-6 mt-3\">\r\n            \r\n                <a class=\"card-item d-flex flex-column justify-content-between rounded-4 p-3 text-body border border-light\"\r\n                    href=\"https:\/\/zd-lendava.si\/hu\/rendelok-es-tevekenysegek\/#splosne-ambulante\">\r\n                    <img decoding=\"async\" src=\"https:\/\/zd-lendava.si\/wp-content\/uploads\/2024\/05\/amb-1.svg\" alt=\"\">\r\n                    <h4 class=\"mt-2 mt-md-0\">\u00c1ltal\u00e1nos orvosi rendel\u0151k<\/h4>\r\n                <\/a>\r\n\r\n            \r\n                <a class=\"card-item d-flex flex-column justify-content-between rounded-4 p-3 text-body border border-light\"\r\n                    href=\"https:\/\/zd-lendava.si\/hu\/rendelok-es-tevekenysegek\/#zdravstveno-varstvo-predsolskih-solskih-otrok-in-mladine\">\r\n                    <img decoding=\"async\" src=\"https:\/\/zd-lendava.si\/wp-content\/uploads\/2024\/05\/amb-2.svg\" alt=\"\">\r\n                    <h4 class=\"mt-2 mt-md-0\">Eg\u00e9szs\u00e9g\u00fcgyi ell\u00e1t\u00e1s \u00f3vod\u00e1sok, iskol\u00e1sok \u00e9s fiatalok sz\u00e1m\u00e1ra<\/h4>\r\n                <\/a>\r\n\r\n            \r\n                <a class=\"card-item d-flex flex-column justify-content-between rounded-4 p-3 text-body border border-light\"\r\n                    href=\"https:\/\/zd-lendava.si\/hu\/rendelok-es-tevekenysegek\/#dispanzer-za-zenske\">\r\n                    <img decoding=\"async\" src=\"https:\/\/zd-lendava.si\/wp-content\/uploads\/2024\/05\/amb-3.svg\" alt=\"\">\r\n                    <h4 class=\"mt-2 mt-md-0\">N\u0151gy\u00f3gy\u00e1szati rendel\u0151<\/h4>\r\n                <\/a>\r\n\r\n            \r\n                <a class=\"card-item d-flex flex-column justify-content-between rounded-4 p-3 text-body border border-light\"\r\n                    href=\"https:\/\/zd-lendava.si\/hu\/rendelok-es-tevekenysegek\/#laboratorij\">\r\n                    <img decoding=\"async\" src=\"https:\/\/zd-lendava.si\/wp-content\/uploads\/2024\/05\/amb-4.svg\" alt=\"\">\r\n                    <h4 class=\"mt-2 mt-md-0\">Laborat\u00f3rium<\/h4>\r\n                <\/a>\r\n\r\n            \r\n                <a class=\"card-item d-flex flex-column justify-content-between rounded-4 p-3 text-body border border-light\"\r\n                    href=\"https:\/\/zd-lendava.si\/hu\/doctor\/natalija-sekeres-nmp\/\">\r\n                    <img decoding=\"async\" src=\"https:\/\/zd-lendava.si\/wp-content\/uploads\/2024\/05\/amb-5.svg\" alt=\"\">\r\n                    <h4 class=\"mt-2 mt-md-0\">S\u00fcrg\u0151ss\u00e9gi betegell\u00e1t\u00e1s<\/h4>\r\n                <\/a>\r\n\r\n            \r\n                <a class=\"card-item d-flex flex-column justify-content-between rounded-4 p-3 text-body border border-light\"\r\n                    href=\"https:\/\/zd-lendava.si\/hu\/doctor\/daniel-jerebic\/\">\r\n                    <img decoding=\"async\" src=\"https:\/\/zd-lendava.si\/wp-content\/uploads\/2024\/05\/amb-6.svg\" alt=\"\">\r\n                    <h4 class=\"mt-2 mt-md-0\">Ment\u0151szolg\u00e1lat<\/h4>\r\n                <\/a>\r\n\r\n            \r\n                <a class=\"card-item d-flex flex-column justify-content-between rounded-4 p-3 text-body border border-light\"\r\n                    href=\"https:\/\/zd-lendava.si\/hu\/rendelok-es-tevekenysegek\/#medicina-dela-prometa-in-sporta\">\r\n                    <img decoding=\"async\" src=\"https:\/\/zd-lendava.si\/wp-content\/uploads\/2024\/05\/amb-11.svg\" alt=\"\">\r\n                    <h4 class=\"mt-2 mt-md-0\">Foglalkoz\u00e1s-, k\u00f6zleked\u00e9s- \u00e9s sportorvosi rendel\u0151<\/h4>\r\n                <\/a>\r\n\r\n            \r\n                <a class=\"card-item d-flex flex-column justify-content-between rounded-4 p-3 text-body border border-light\"\r\n                    href=\"https:\/\/zd-lendava.si\/hu\/rendelok-es-tevekenysegek\/#specialisticne-ambulante\">\r\n                    <img decoding=\"async\" src=\"https:\/\/zd-lendava.si\/wp-content\/uploads\/2024\/05\/amb-7.svg\" alt=\"\">\r\n                    <h4 class=\"mt-2 mt-md-0\">Szakorvosi rendel\u0151k<\/h4>\r\n                <\/a>\r\n\r\n            \r\n                <a class=\"card-item d-flex flex-column justify-content-between rounded-4 p-3 text-body border border-light\"\r\n                    href=\"https:\/\/zd-lendava.si\/hu\/egeszsegneveles\/\">\r\n                    <img decoding=\"async\" src=\"https:\/\/zd-lendava.si\/wp-content\/uploads\/2024\/05\/amb-8.svg\" alt=\"\">\r\n                    <h4 class=\"mt-2 mt-md-0\">Eg\u00e9szs\u00e9gnevel\u00e9s<\/h4>\r\n                <\/a>\r\n\r\n            \r\n                <a class=\"card-item d-flex flex-column justify-content-between rounded-4 p-3 text-body border border-light\"\r\n                    href=\"https:\/\/zd-lendava.si\/hu\/rendelok-es-tevekenysegek\/#patronazna-sluzba\">\r\n                    <img decoding=\"async\" src=\"https:\/\/zd-lendava.si\/wp-content\/uploads\/2024\/05\/amb-9.svg\" alt=\"\">\r\n                    <h4 class=\"mt-2 mt-md-0\">V\u00e9d\u0151n\u0151i szolg\u00e1lat<\/h4>\r\n                <\/a>\r\n\r\n            \r\n                <a class=\"card-item d-flex flex-column justify-content-between rounded-4 p-3 text-body border border-light\"\r\n                    href=\"https:\/\/zd-lendava.si\/hu\/rendelok-es-tevekenysegek\/#zobozdravstvo\">\r\n                    <img decoding=\"async\" src=\"https:\/\/zd-lendava.si\/wp-content\/uploads\/2024\/05\/amb-10.svg\" alt=\"\">\r\n                    <h4 class=\"mt-2 mt-md-0\">Fog\u00e1szat<\/h4>\r\n                <\/a>\r\n\r\n            \r\n                <a class=\"card-item d-flex flex-column justify-content-between rounded-4 p-3 text-body border border-light\"\r\n                    href=\"https:\/\/zd-lendava.si\/hu\/rendelok-es-tevekenysegek\/#fizioterapija\">\r\n                    <img decoding=\"async\" src=\"https:\/\/zd-lendava.si\/wp-content\/uploads\/2024\/05\/amb-12.svg\" alt=\"\">\r\n                    <h4 class=\"mt-2 mt-md-0\">Fizioter\u00e1pia<\/h4>\r\n                <\/a>\r\n\r\n            \r\n                <a class=\"card-item d-flex flex-column justify-content-between rounded-4 p-3 text-body border border-light\"\r\n                    href=\"https:\/\/zd-lendava.si\/hu\/rendelok-es-tevekenysegek\/#mentalno-zdravje\">\r\n                    <img decoding=\"async\" src=\"https:\/\/zd-lendava.si\/wp-content\/uploads\/2024\/06\/Mentalno-zdravje.svg\" alt=\"\">\r\n                    <h4 class=\"mt-2 mt-md-0\">Ment\u00e1lis eg\u00e9szs\u00e9g<\/h4>\r\n                <\/a>\r\n\r\n                    <\/div>\r\n\r\n    \r\n    \n\n\n<div class=\"gb-container gb-container-651d6d44 mx-auto\">\n<div class=\"gb-container gb-container-ce573d7e gb-has-gradient align-content-end my-4\">\n\n<h3 class=\"wp-block-heading\">Eg\u00e9szs\u00e9g\u00fcgyi ell\u00e1t\u00e1s a rendezv\u00e9nyeken<\/h3>\n\n\n\n<p>Ha eg\u00e9szs\u00e9g\u00fcgyi ell\u00e1t\u00e1st szeretne ny\u00fajtani a rendezv\u00e9nyeken, k\u00e9rj\u00fck, t\u00f6ltse ki \u00e9s legal\u00e1bb 15 nappal a rendezv\u00e9ny el\u0151tt k\u00fcldje be a k\u00e9relmet.<\/p>\n\n\n\n<p class=\"btn btn-secondary mt-4 fit-content\"><a href=\"https:\/\/zd-lendava.si\/hu\/rendelok-es-tevekenysegek\/egeszsegugyi-ellatas-a-rendezvenyeken\/\" data-type=\"page\" data-id=\"1858\">Tov\u00e1bb olvasok<\/a><\/p>\n\n<\/div>\n<\/div>\n\n<div class=\"gb-container gb-container-93449f0c latest-news-container\">\n\n<h2 class=\"wp-block-heading\">Legut\u00f3bbi h\u00edrek \u00e9s \u00e9rtes\u00edt\u00e9sek<\/h2>\n\n\n\n<p class=\"fw-bold\"><a href=\"https:\/\/zd-lendava.si\/hu\/hirek-es-ertesitesek-archivuma\/\" data-type=\"link\" data-id=\"https:\/\/zd-lendava.si\/hu\/hirek-es-ertesitesek-archivuma\/\">Az \u00f6sszes h\u00edr \u00e9s \u00e9rtes\u00edt\u00e9s \u00e1ttekint\u00e9se<\/a><\/p>\n\n\n\r\n        <div class=\"latest-news layout-grid-2 mt-4 mt-md-5\">\r\n\r\n                            \r\n                \r\n                    \r\n\r\n<article class=\"content-post rounded-4 d-flex flex-column-reverse flex-md-row bg-white position-relative post-4369 post type-post status-publish format-standard hentry\">\r\n\t<a href=\"https:\/\/zd-lendava.si\/hu\/obvestilo-ord-cas-zobna-amb-crensovci-april-2026\/\" style=\"position: absolute; inset: 0\"><\/a>\r\n\r\n\t<div class=\"d-flex flex-column justify-content-between p-3 w-100\">\r\n\t\t<p class=\"fs-5 px-2 py-1 fw-medium bg-dark-subtle rounded-1 fit-content\">07. 04. 2026<\/p>\r\n\r\n\t\t<div class=\"mt-2\">\r\n\t\t\t<h4 class=\"fw-medium\">Obvestilo \u2013 ord. \u010das Zobna amb. \u010cren\u0161ovci April 2026<\/h4>\r\n\t\t\t<a class=\"d-inline-flex mt-2 fw-bold\" href=\"https:\/\/zd-lendava.si\/hu\/obvestilo-ord-cas-zobna-amb-crensovci-april-2026\/\">Tov\u00e1bb olvasok<\/a>\r\n\t\t<\/div>\r\n\t<\/div>\r\n\r\n\t\r\n<\/article>\r\n                \r\n                    \r\n\r\n<article class=\"content-post rounded-4 d-flex flex-column-reverse flex-md-row bg-white position-relative post-4200 post type-post status-publish format-standard hentry\">\r\n\t<a href=\"https:\/\/zd-lendava.si\/hu\/obvestilo-ord-cas-zobna-amb-crensovci-marec-2026\/\" style=\"position: absolute; inset: 0\"><\/a>\r\n\r\n\t<div class=\"d-flex flex-column justify-content-between p-3 w-100\">\r\n\t\t<p class=\"fs-5 px-2 py-1 fw-medium bg-dark-subtle rounded-1 fit-content\">27. 02. 2026<\/p>\r\n\r\n\t\t<div class=\"mt-2\">\r\n\t\t\t<h4 class=\"fw-medium\">Obvestilo \u2013 ord. \u010das Zobna amb. \u010cren\u0161ovci Marec 2026<\/h4>\r\n\t\t\t<a class=\"d-inline-flex mt-2 fw-bold\" href=\"https:\/\/zd-lendava.si\/hu\/obvestilo-ord-cas-zobna-amb-crensovci-marec-2026\/\">Tov\u00e1bb olvasok<\/a>\r\n\t\t<\/div>\r\n\t<\/div>\r\n\r\n\t\r\n<\/article>\r\n                \r\n                    \r\n\r\n<article class=\"content-post rounded-4 d-flex flex-column-reverse flex-md-row bg-white position-relative post-4143 post type-post status-publish format-standard hentry\">\r\n\t<a href=\"https:\/\/zd-lendava.si\/hu\/obvestilo-ord-cas-zobna-amb-crensovci-februar-2026\/\" style=\"position: absolute; inset: 0\"><\/a>\r\n\r\n\t<div class=\"d-flex flex-column justify-content-between p-3 w-100\">\r\n\t\t<p class=\"fs-5 px-2 py-1 fw-medium bg-dark-subtle rounded-1 fit-content\">06. 02. 2026<\/p>\r\n\r\n\t\t<div class=\"mt-2\">\r\n\t\t\t<h4 class=\"fw-medium\">Obvestilo \u2013 ord. \u010das Zobna amb. \u010cren\u0161ovci Februar 2026<\/h4>\r\n\t\t\t<a class=\"d-inline-flex mt-2 fw-bold\" href=\"https:\/\/zd-lendava.si\/hu\/obvestilo-ord-cas-zobna-amb-crensovci-februar-2026\/\">Tov\u00e1bb olvasok<\/a>\r\n\t\t<\/div>\r\n\t<\/div>\r\n\r\n\t\r\n<\/article>\r\n                \r\n                    \r\n\r\n<article class=\"content-post rounded-4 d-flex flex-column-reverse flex-md-row bg-white position-relative post-4146 post type-post status-publish format-standard hentry\">\r\n\t<a href=\"https:\/\/zd-lendava.si\/hu\/ertesites-fogszabalyozo-rendelo-megnyitasa-a-crensovci-egeszsegugyi-allomason\/\" style=\"position: absolute; inset: 0\"><\/a>\r\n\r\n\t<div class=\"d-flex flex-column justify-content-between p-3 w-100\">\r\n\t\t<p class=\"fs-5 px-2 py-1 fw-medium bg-dark-subtle rounded-1 fit-content\">04. 02. 2026<\/p>\r\n\r\n\t\t<div class=\"mt-2\">\r\n\t\t\t<h4 class=\"fw-medium\">\u00c9rtes\u00edt\u00e9s \u2013 fogszab\u00e1lyoz\u00f3 rendel\u0151 megnyit\u00e1sa a \u010cren\u0161ovci eg\u00e9szs\u00e9g\u00fcgyi \u00e1llom\u00e1son<\/h4>\r\n\t\t\t<a class=\"d-inline-flex mt-2 fw-bold\" href=\"https:\/\/zd-lendava.si\/hu\/ertesites-fogszabalyozo-rendelo-megnyitasa-a-crensovci-egeszsegugyi-allomason\/\">Tov\u00e1bb olvasok<\/a>\r\n\t\t<\/div>\r\n\t<\/div>\r\n\r\n\t\r\n<\/article>\r\n                            \r\n        <\/div>\r\n\r\n\r\n    \n\n<\/div>\n\n<div class=\"gb-container gb-container-e12861e5\">\n<div class=\"gb-container gb-container-32e7f4c2 container\">\n\r\n            <div class=\"survey-banner my-6 d-flex flex-column flex-md-row gap-3 rounded-2 text-white\" \r\n            style=\"background: linear-gradient(90deg, #4AAC48 0%, #74C372 100%);\">\r\n\r\n                            <div class=\"icon-wrapper d-flex align-self-center rounded-5 p-2 flex-shrink-0 bg-light-subtle\">\r\n                    <img decoding=\"async\" class=\"w-100 h-100 object-fit-cover survey-icon\" src=\"https:\/\/zd-lendava.si\/wp-content\/uploads\/2024\/07\/Group.svg\" alt=\"\">\r\n                <\/div>\r\n            \r\n            <div class=\"d-flex flex-column\">\r\n                <h4 class=\"fw-semibold\">El\u00e9gedetts\u00e9g az eg\u00e9szs\u00e9g\u00fcgyi ell\u00e1t\u00e1ssal<\/h4>\r\n                <p>T\u00f6ltse ki az 5 perces anonim k\u00e9rd\u0151\u00edvet, \u00e9s seg\u00edtsen nek\u00fcnk abban, hogy munk\u00e1nkat m\u00e9g ink\u00e1bb az \u00f6n ig\u00e9nyeihez \u00e9s elv\u00e1r\u00e1saihoz igaz\u00edtsuk.<\/p>            <\/div>\r\n\r\n            <a class=\"btn d-flex flex-shrink-0 height-fit-content align-self-center btn-secondary\" href=\"https:\/\/zvem.ezdrav.si\/ankete\/index.php\/119932\/\" target=\"_blank\" rel=\"noopener\">\r\n                <span class=\"me-1\">K\u00e9rd\u0151\u00edv kit\u00f6lt\u00e9se<\/span>\r\n                <i class=\"fa-solid fa-arrow-up-right-from-square d-flex align-items-center fs-3 ms-auto\"><\/i>\r\n            <\/a>\r\n        <\/div>\r\n\r\n    \r\n    \n\n<\/div>\n\n\n<h2 class=\"wp-block-heading\">Aktu\u00e1lis p\u00e1ly\u00e1zatok \u00e9s k\u00f6zbeszerz\u00e9sek<\/h2>\n\n\n\n<p class=\"fw-bold\"><a href=\"https:\/\/zd-lendava.si\/hu\/razpisi-in-javna-narocila\/\">P\u00e1ly\u00e1zatok \u00e9s k\u00f6zbeszerz\u00e9sek arch\u00edvum\u00e1nak \u00e1ttekint\u00e9se<\/a><\/p>\n\n\n\r\n            <div class=\"layout-grid-3 mt-md-6 mt-4\">\r\n\r\n            \r\n                \r\n                \r\n            \r\n                \r\n                \r\n            \r\n                \r\n                \r\n            \r\n                \r\n                \r\n            \r\n                \r\n                \r\n            \r\n                \r\n                \r\n            \r\n                \r\n                \r\n            \r\n                \r\n                \r\n            \r\n                \r\n                \r\n            \r\n                \r\n                \r\n            \r\n                \r\n                \r\n            \r\n                \r\n                \r\n            \r\n                \r\n                \r\n            \r\n                \r\n                \r\n            \r\n                \r\n                                    \r\n\r\n<article class=\"content-tender rounded-4 border border-light d-flex flex-column p-3 position-relative post-4351 tender type-tender status-publish hentry\">\r\n\t<a href=\"https:\/\/zd-lendava.si\/hu\/palyazat\/nyilvanos-palyazati-felhivas-a-lendvai-egeszseghaz-kozegeszsegugyi-intezmeny-igazgatojanak-kinevezesere-negyeves-idotartamra\/\" style=\"position: absolute; inset: 0\"><\/a>\r\n\r\n\t\r\n\t<div class=\"mt-auto\">\r\n\t\t<h4 class=\"fw-medium\">Nyilv\u00e1nos p\u00e1ly\u00e1zati felh\u00edv\u00e1s a Lendvai Eg\u00e9szs\u00e9gh\u00e1z k\u00f6zeg\u00e9szs\u00e9g\u00fcgyi int\u00e9zm\u00e9ny igazgat\u00f3j\u00e1nak kinevez\u00e9s\u00e9re n\u00e9gy\u00e9ves id\u0151tartamra<\/h4>\r\n\r\n\t\t\t\t\t<p class=\"fw-medium fs-5 mt-1\">P\u00e1ly\u00e1zati hat\u00e1rid\u0151: 17. 04. 2026<\/p>\r\n\t\t\r\n\t\t<a class=\"d-inline-flex mt-2 fw-bold\" href=\"https:\/\/zd-lendava.si\/hu\/palyazat\/nyilvanos-palyazati-felhivas-a-lendvai-egeszseghaz-kozegeszsegugyi-intezmeny-igazgatojanak-kinevezesere-negyeves-idotartamra\/\">Tov\u00e1bb olvasok<\/a>\r\n\t<\/div>\r\n\r\n<\/article>                                    \r\n            \r\n        <\/div>\r\n        \r\n\r\n    \n\n<\/div>\n<\/div>","protected":false},"excerpt":{"rendered":"<p>K\u00f6zs\u00e9geink polg\u00e1rai sz\u00e1m\u00e1ra hozz\u00e1f\u00e9rhet\u0151, optim\u00e1lis \u00e9s min\u0151s\u00e9gi eg\u00e9szs\u00e9g\u00fcgyi ell\u00e1t\u00e1st biztos\u00edtunk a betegs\u00e9gek \u00e9s s\u00e9r\u00fcl\u00e9sek megel\u0151z\u00e9se \u00e9s kezel\u00e9se ter\u00e9n.<\/p>\n","protected":false},"author":4,"featured_media":675,"parent":0,"menu_order":31,"comment_status":"closed","ping_status":"closed","template":"front-page.php","meta":{"_acf_changed":false,"footnotes":""},"class_list":["post-984","page","type-page","status-publish","has-post-thumbnail","hentry"],"acf":[],"_links":{"self":[{"href":"https:\/\/zd-lendava.si\/hu\/wp-json\/wp\/v2\/pages\/984","targetHints":{"allow":["GET"]}}],"collection":[{"href":"https:\/\/zd-lendava.si\/hu\/wp-json\/wp\/v2\/pages"}],"about":[{"href":"https:\/\/zd-lendava.si\/hu\/wp-json\/wp\/v2\/types\/page"}],"author":[{"embeddable":true,"href":"https:\/\/zd-lendava.si\/hu\/wp-json\/wp\/v2\/users\/4"}],"replies":[{"embeddable":true,"href":"https:\/\/zd-lendava.si\/hu\/wp-json\/wp\/v2\/comments?post=984"}],"version-history":[{"count":0,"href":"https:\/\/zd-lendava.si\/hu\/wp-json\/wp\/v2\/pages\/984\/revisions"}],"wp:featuredmedia":[{"embeddable":true,"href":"https:\/\/zd-lendava.si\/hu\/wp-json\/wp\/v2\/media\/675"}],"wp:attachment":[{"href":"https:\/\/zd-lendava.si\/hu\/wp-json\/wp\/v2\/media?parent=984"}],"curies":[{"name":"wp","href":"https:\/\/api.w.org\/{rel}","templated":true}]}}